{"id":1057,"date":"2024-03-13T20:25:06","date_gmt":"2024-03-13T18:25:06","guid":{"rendered":"http:\/\/www.kitoval.fi\/?page_id=1057"},"modified":"2024-03-15T21:42:55","modified_gmt":"2024-03-15T19:42:55","slug":"paikallisia-sahkokatkoja","status":"publish","type":"page","link":"http:\/\/www.kitoval.fi\/?page_id=1057","title":{"rendered":"Paikallisia s\u00e4hk\u00f6katkoja"},"content":{"rendered":"<p>Keravan ja Sipoon energia pyrkii tiedottamaan katkoista asiakkailleen tekstiviestein.<\/p>\n<p>S\u00e4hk\u00f6katkon aikana tulisi huomioida seuraavaa:<\/p>\n<ul>\n<li>N\u00e4m\u00e4 lyhytaikaiset s\u00e4hk\u00f6katkot eiv\u00e4t vaikuta kiinteist\u00f6jen vedenjakeluun.<\/li>\n<li>J\u00e4tevesipumppu ei toimi s\u00e4hk\u00f6katkon aikana.<\/li>\n<li>Veden laskeminen viem\u00e4riverkkoon tulisi v\u00e4ltt\u00e4\u00e4. Seurauksena voi olla viem\u00e4rikaivon ylit\u00e4yttyminen.<\/li>\n<li>S\u00e4hk\u00f6katkon j\u00e4lkeen pumppu palaa normaalitoimintaan.<\/li>\n<\/ul>\n","protected":false},"excerpt":{"rendered":"<p>Keravan ja Sipoon energia pyrkii tiedottamaan katkoista asiakkailleen tekstiviestein. S\u00e4hk\u00f6katkon aikana tulisi huomioida seuraavaa: N\u00e4m\u00e4 lyhytaikaiset s\u00e4hk\u00f6katkot eiv\u00e4t vaikuta kiinteist\u00f6jen<\/p>\n<p class=\"readmore\"><a href=\"http:\/\/www.kitoval.fi\/?page_id=1057\" title=\"Read Paikallisia s\u00e4hk\u00f6katkoja\">Read more &raquo;<\/a><\/p>\n","protected":false},"author":1,"featured_media":0,"parent":1053,"menu_order":0,"comment_status":"closed","ping_status":"closed","template":"","meta":{"_monsterinsights_skip_tracking":false,"_monsterinsights_sitenote_active":false,"_monsterinsights_sitenote_note":"","_monsterinsights_sitenote_category":0,"footnotes":""},"class_list":["post-1057","page","type-page","status-publish","hentry"],"_links":{"self":[{"href":"http:\/\/www.kitoval.fi\/index.php?rest_route=\/wp\/v2\/pages\/1057"}],"collection":[{"href":"http:\/\/www.kitoval.fi\/index.php?rest_route=\/wp\/v2\/pages"}],"about":[{"href":"http:\/\/www.kitoval.fi\/index.php?rest_route=\/wp\/v2\/types\/page"}],"author":[{"embeddable":true,"href":"http:\/\/www.kitoval.fi\/index.php?rest_route=\/wp\/v2\/users\/1"}],"replies":[{"embeddable":true,"href":"http:\/\/www.kitoval.fi\/index.php?rest_route=%2Fwp%2Fv2%2Fcomments&post=1057"}],"version-history":[{"count":3,"href":"http:\/\/www.kitoval.fi\/index.php?rest_route=\/wp\/v2\/pages\/1057\/revisions"}],"predecessor-version":[{"id":1081,"href":"http:\/\/www.kitoval.fi\/index.php?rest_route=\/wp\/v2\/pages\/1057\/revisions\/1081"}],"up":[{"embeddable":true,"href":"http:\/\/www.kitoval.fi\/index.php?rest_route=\/wp\/v2\/pages\/1053"}],"wp:attachment":[{"href":"http:\/\/www.kitoval.fi\/index.php?rest_route=%2Fwp%2Fv2%2Fmedia&parent=1057"}],"curies":[{"name":"wp","href":"https:\/\/api.w.org\/{rel}","templated":true}]}}