{"id":1085,"date":"2024-06-09T22:05:30","date_gmt":"2024-06-09T19:05:30","guid":{"rendered":"http:\/\/www.kitoval.fi\/?page_id=1085"},"modified":"2025-01-28T20:46:37","modified_gmt":"2025-01-28T18:46:37","slug":"2024-2","status":"publish","type":"page","link":"http:\/\/www.kitoval.fi\/?page_id=1085","title":{"rendered":"2024"},"content":{"rendered":"<p><strong>Varsinainen osuuskuntakokous 15.6.2024<\/strong><br \/>\n<a href=\"http:\/\/www.kitoval.fi\/wp-content\/uploads\/2024\/11\/PoytakirjaVuosikokous2024.pdf\">P\u00f6yt\u00e4kirja 2024<\/a> (PDF)<br \/>\n<a href=\"http:\/\/www.kitoval.fi\/wp-content\/uploads\/2024\/06\/2024_kokouskutsu_vuosikokous.pdf\">Kokouskutsu<\/a> (PDF)<br \/>\n<a href=\"http:\/\/www.kitoval.fi\/wp-content\/uploads\/2024\/06\/2023_vuosikertomus.pdf\">Vuosikertomus 2023<\/a> (PDF)<br \/>\n<a href=\"http:\/\/www.kitoval.fi\/wp-content\/uploads\/2024\/06\/2023_bokslut-1.pdf\">Tilinp\u00e4\u00e4t\u00f6s 2023<\/a> (PDF)<br \/>\n<a href=\"http:\/\/www.kitoval.fi\/wp-content\/uploads\/2024\/06\/2024_perusagenda.pdf\">Perusagenda 2024<\/a> (PDF)<br \/>\n<a href=\"http:\/\/www.kitoval.fi\/wp-content\/uploads\/2024\/06\/2024_talousarvio.pdf\">Talousarvio 2024<\/a> (PDF)<br \/>\n<a href=\"http:\/\/www.kitoval.fi\/wp-content\/uploads\/2024\/06\/2023_revisionsberattelse.pdf\">Tilintarkastuskertomus 2023<\/a> (PDF)<br \/>\n<a href=\"http:\/\/www.kitoval.fi\/wp-content\/uploads\/2025\/01\/VattenanalysVesianalyysi2024.pdf\">Vesianalyysin tulokset 2024<\/a> (PDF)<\/p>\n","protected":false},"excerpt":{"rendered":"<p>Varsinainen osuuskuntakokous 15.6.2024 P\u00f6yt\u00e4kirja 2024 (PDF) Kokouskutsu (PDF) Vuosikertomus 2023 (PDF) Tilinp\u00e4\u00e4t\u00f6s 2023 (PDF) Perusagenda 2024 (PDF) Talousarvio 2024 (PDF)<\/p>\n<p class=\"readmore\"><a href=\"http:\/\/www.kitoval.fi\/?page_id=1085\" title=\"Read 2024\">Read more &raquo;<\/a><\/p>\n","protected":false},"author":1,"featured_media":0,"parent":51,"menu_order":1,"comment_status":"closed","ping_status":"closed","template":"","meta":{"_monsterinsights_skip_tracking":false,"_monsterinsights_sitenote_active":false,"_monsterinsights_sitenote_note":"","_monsterinsights_sitenote_category":0,"footnotes":""},"class_list":["post-1085","page","type-page","status-publish","hentry"],"_links":{"self":[{"href":"http:\/\/www.kitoval.fi\/index.php?rest_route=\/wp\/v2\/pages\/1085"}],"collection":[{"href":"http:\/\/www.kitoval.fi\/index.php?rest_route=\/wp\/v2\/pages"}],"about":[{"href":"http:\/\/www.kitoval.fi\/index.php?rest_route=\/wp\/v2\/types\/page"}],"author":[{"embeddable":true,"href":"http:\/\/www.kitoval.fi\/index.php?rest_route=\/wp\/v2\/users\/1"}],"replies":[{"embeddable":true,"href":"http:\/\/www.kitoval.fi\/index.php?rest_route=%2Fwp%2Fv2%2Fcomments&post=1085"}],"version-history":[{"count":6,"href":"http:\/\/www.kitoval.fi\/index.php?rest_route=\/wp\/v2\/pages\/1085\/revisions"}],"predecessor-version":[{"id":1142,"href":"http:\/\/www.kitoval.fi\/index.php?rest_route=\/wp\/v2\/pages\/1085\/revisions\/1142"}],"up":[{"embeddable":true,"href":"http:\/\/www.kitoval.fi\/index.php?rest_route=\/wp\/v2\/pages\/51"}],"wp:attachment":[{"href":"http:\/\/www.kitoval.fi\/index.php?rest_route=%2Fwp%2Fv2%2Fmedia&parent=1085"}],"curies":[{"name":"wp","href":"https:\/\/api.w.org\/{rel}","templated":true}]}}