{"id":1145,"date":"2025-06-22T23:23:55","date_gmt":"2025-06-22T20:23:55","guid":{"rendered":"https:\/\/www.kitoval.fi\/?page_id=1145"},"modified":"2025-11-09T21:27:39","modified_gmt":"2025-11-09T19:27:39","slug":"2025-2","status":"publish","type":"page","link":"http:\/\/www.kitoval.fi\/?page_id=1145","title":{"rendered":"2025"},"content":{"rendered":"\n<p><strong>Ordinarie andelsst\u00e4mma 29.6.2025<\/strong> <br>\n<a href=\"http:\/\/www.kitoval.fi\/wp-content\/uploads\/2025\/11\/ProtokollArsmote2025.pdf\">Protokoll 2025<\/a> (PDF)<br><a href=\"http:\/\/www.kitoval.fi\/wp-content\/uploads\/2025\/06\/Tilintarkastuskertomus_2024.pdf\">Revisionsber\u00e4ttelse 2024<\/a> (PDF) <br><a href=\"http:\/\/www.kitoval.fi\/wp-content\/uploads\/2025\/06\/Arsmote_kallelse2025.pdf\">M\u00f6teskallelse<\/a> (PDF) <br><a href=\"http:\/\/www.kitoval.fi\/wp-content\/uploads\/2025\/06\/Arsberattelse2024.pdf\">\u00c5rsber\u00e4ttelse 2024<\/a> (PDF <br><a href=\"http:\/\/www.kitoval.fi\/wp-content\/uploads\/2025\/06\/Bokslut_Tilinpaatos2024.pdf\">Bokslut 2024<\/a> (PDF) <br><a href=\"http:\/\/www.kitoval.fi\/wp-content\/uploads\/2025\/06\/Arsmote_basagenda2025.pdf\">Basagenda 2025<\/a> (PDF) <br><a href=\"http:\/\/www.kitoval.fi\/wp-content\/uploads\/2025\/06\/Budget_Talousarvio2025.pdf\">Budget 2025<\/a> (PDF) <br><a href=\"http:\/\/www.kitoval.fi\/wp-content\/uploads\/2025\/11\/Kitoval_vattenmatning2025.pdf\">Vattenanalys 2025<\/a> (PDF)<\/p>\n","protected":false},"excerpt":{"rendered":"<p>Ordinarie andelsst\u00e4mma 29.6.2025 Protokoll 2025 (PDF)Revisionsber\u00e4ttelse 2024 (PDF) M\u00f6teskallelse (PDF) \u00c5rsber\u00e4ttelse 2024 (PDF Bokslut 2024 (PDF) Basagenda 2025 (PDF) Budget<\/p>\n<p class=\"readmore\"><a href=\"http:\/\/www.kitoval.fi\/?page_id=1145\" title=\"Read 2025\">Read more &raquo;<\/a><\/p>\n","protected":false},"author":1,"featured_media":0,"parent":49,"menu_order":0,"comment_status":"closed","ping_status":"closed","template":"","meta":{"_monsterinsights_skip_tracking":false,"_monsterinsights_sitenote_active":false,"_monsterinsights_sitenote_note":"","_monsterinsights_sitenote_category":0,"footnotes":""},"class_list":["post-1145","page","type-page","status-publish","hentry"],"_links":{"self":[{"href":"http:\/\/www.kitoval.fi\/index.php?rest_route=\/wp\/v2\/pages\/1145"}],"collection":[{"href":"http:\/\/www.kitoval.fi\/index.php?rest_route=\/wp\/v2\/pages"}],"about":[{"href":"http:\/\/www.kitoval.fi\/index.php?rest_route=\/wp\/v2\/types\/page"}],"author":[{"embeddable":true,"href":"http:\/\/www.kitoval.fi\/index.php?rest_route=\/wp\/v2\/users\/1"}],"replies":[{"embeddable":true,"href":"http:\/\/www.kitoval.fi\/index.php?rest_route=%2Fwp%2Fv2%2Fcomments&post=1145"}],"version-history":[{"count":5,"href":"http:\/\/www.kitoval.fi\/index.php?rest_route=\/wp\/v2\/pages\/1145\/revisions"}],"predecessor-version":[{"id":1188,"href":"http:\/\/www.kitoval.fi\/index.php?rest_route=\/wp\/v2\/pages\/1145\/revisions\/1188"}],"up":[{"embeddable":true,"href":"http:\/\/www.kitoval.fi\/index.php?rest_route=\/wp\/v2\/pages\/49"}],"wp:attachment":[{"href":"http:\/\/www.kitoval.fi\/index.php?rest_route=%2Fwp%2Fv2%2Fmedia&parent=1145"}],"curies":[{"name":"wp","href":"https:\/\/api.w.org\/{rel}","templated":true}]}}