{"id":1155,"date":"2025-06-22T23:25:32","date_gmt":"2025-06-22T20:25:32","guid":{"rendered":"https:\/\/www.kitoval.fi\/?page_id=1155"},"modified":"2025-11-09T21:29:11","modified_gmt":"2025-11-09T19:29:11","slug":"2025-2","status":"publish","type":"page","link":"http:\/\/www.kitoval.fi\/?page_id=1155","title":{"rendered":"2025"},"content":{"rendered":"<p><strong>Varsinainen osuuskuntakokous 29.6.2025<\/strong><br \/>\n<a href=\"http:\/\/www.kitoval.fi\/wp-content\/uploads\/2025\/11\/PoytakirjaVuosikokous2025.pdf\">P\u00f6yt\u00e4kirja 2025<\/a> (PDF)<br \/>\n<a href=\"http:\/\/www.kitoval.fi\/wp-content\/uploads\/2025\/06\/Tilintarkastuskertomus_2024.pdf\">Tilintarkastuskertomus<\/a> (PDF)<br \/>\n<a href=\"http:\/\/www.kitoval.fi\/wp-content\/uploads\/2025\/06\/Vuosikokous_kokouskutsu2025.pdf\">Kokouskutsu<\/a> (PDF)<br \/>\n<a href=\"http:\/\/www.kitoval.fi\/wp-content\/uploads\/2025\/06\/Vuosikertomus2024.pdf\">Vuosikertomus 2024<\/a> (PDF)<br \/>\n<a href=\"http:\/\/www.kitoval.fi\/wp-content\/uploads\/2025\/06\/Bokslut_2024_undertecknad.pdf\">Tilinp\u00e4\u00e4t\u00f6s 2023<\/a> (PDF)<br \/>\n<a href=\"http:\/\/www.kitoval.fi\/wp-content\/uploads\/2025\/06\/Vuosikokous_perusagentda2025.pdf\">Perusagenda 2025<\/a> (PDF)<br \/>\n<a href=\"http:\/\/www.kitoval.fi\/wp-content\/uploads\/2025\/06\/Budget_Talousarvio2025.pdf\">Talousarvio 2025<\/a> (PDF)<br \/>\n<a href=\"http:\/\/www.kitoval.fi\/wp-content\/uploads\/2025\/11\/Kitoval_vattenmatning2025.pdf\">Vesianalyysin tulos 2025<\/a> (PDF)<\/p>\n","protected":false},"excerpt":{"rendered":"<p>Varsinainen osuuskuntakokous 29.6.2025 P\u00f6yt\u00e4kirja 2025 (PDF) Tilintarkastuskertomus (PDF) Kokouskutsu (PDF) Vuosikertomus 2024 (PDF) Tilinp\u00e4\u00e4t\u00f6s 2023 (PDF) Perusagenda 2025 (PDF) Talousarvio<\/p>\n<p class=\"readmore\"><a href=\"http:\/\/www.kitoval.fi\/?page_id=1155\" title=\"Read 2025\">Read more &raquo;<\/a><\/p>\n","protected":false},"author":1,"featured_media":0,"parent":51,"menu_order":0,"comment_status":"closed","ping_status":"closed","template":"","meta":{"_monsterinsights_skip_tracking":false,"_monsterinsights_sitenote_active":false,"_monsterinsights_sitenote_note":"","_monsterinsights_sitenote_category":0,"footnotes":""},"class_list":["post-1155","page","type-page","status-publish","hentry"],"_links":{"self":[{"href":"http:\/\/www.kitoval.fi\/index.php?rest_route=\/wp\/v2\/pages\/1155"}],"collection":[{"href":"http:\/\/www.kitoval.fi\/index.php?rest_route=\/wp\/v2\/pages"}],"about":[{"href":"http:\/\/www.kitoval.fi\/index.php?rest_route=\/wp\/v2\/types\/page"}],"author":[{"embeddable":true,"href":"http:\/\/www.kitoval.fi\/index.php?rest_route=\/wp\/v2\/users\/1"}],"replies":[{"embeddable":true,"href":"http:\/\/www.kitoval.fi\/index.php?rest_route=%2Fwp%2Fv2%2Fcomments&post=1155"}],"version-history":[{"count":5,"href":"http:\/\/www.kitoval.fi\/index.php?rest_route=\/wp\/v2\/pages\/1155\/revisions"}],"predecessor-version":[{"id":1190,"href":"http:\/\/www.kitoval.fi\/index.php?rest_route=\/wp\/v2\/pages\/1155\/revisions\/1190"}],"up":[{"embeddable":true,"href":"http:\/\/www.kitoval.fi\/index.php?rest_route=\/wp\/v2\/pages\/51"}],"wp:attachment":[{"href":"http:\/\/www.kitoval.fi\/index.php?rest_route=%2Fwp%2Fv2%2Fmedia&parent=1155"}],"curies":[{"name":"wp","href":"https:\/\/api.w.org\/{rel}","templated":true}]}}