{"id":132,"date":"2015-10-08T14:54:46","date_gmt":"2015-10-08T11:54:46","guid":{"rendered":"http:\/\/www.kitoval.fi\/?page_id=132"},"modified":"2024-03-13T20:10:27","modified_gmt":"2024-03-13T18:10:27","slug":"fiberkabelnat","status":"publish","type":"page","link":"http:\/\/www.kitoval.fi\/?page_id=132","title":{"rendered":"Fiberkabeln\u00e4t"},"content":{"rendered":"<p>I samband med installation av vatten- och avloppsn\u00e4t har andelslaget ocks\u00e5 installerat ett fiberkabeln\u00e4t. Fiberkabeln lades i samma diken som r\u00f6rledningarna och drogs till tomtgr\u00e4nsen\u00a0vid varje fastighet. N\u00e4r fastighets\u00e4garen gjort sina markarbeten, betalt anslutningsavgiften och den s.k. mediakonvertern \u00e4r installerad kopplades fastigheten till n\u00e4tet och \u00e4garen kunde \u00e5tnjuta en supersnabb data\u00f6verf\u00f6ring. Den nominella hastigheten som nu lanseras \u00e4r 200 Mbit\/s (alternativt 500 och 1000 Mbit\/s), allt beroende p\u00e5 den service som erbjuds av operat\u00f6ren LPOnet. Internetuppkopplingen sker \u00f6ver fem olika delkablar till LPOnets kabel vid riksv\u00e4g 170 i Box.<\/p>\n","protected":false},"excerpt":{"rendered":"<p>I samband med installation av vatten- och avloppsn\u00e4t har andelslaget ocks\u00e5 installerat ett fiberkabeln\u00e4t. Fiberkabeln lades i samma diken som<\/p>\n<p class=\"readmore\"><a href=\"http:\/\/www.kitoval.fi\/?page_id=132\" title=\"Read Fiberkabeln\u00e4t\">Read more &raquo;<\/a><\/p>\n","protected":false},"author":1,"featured_media":0,"parent":119,"menu_order":2,"comment_status":"closed","ping_status":"closed","template":"","meta":{"_monsterinsights_skip_tracking":false,"_monsterinsights_sitenote_active":false,"_monsterinsights_sitenote_note":"","_monsterinsights_sitenote_category":0,"footnotes":""},"class_list":["post-132","page","type-page","status-publish","hentry"],"_links":{"self":[{"href":"http:\/\/www.kitoval.fi\/index.php?rest_route=\/wp\/v2\/pages\/132"}],"collection":[{"href":"http:\/\/www.kitoval.fi\/index.php?rest_route=\/wp\/v2\/pages"}],"about":[{"href":"http:\/\/www.kitoval.fi\/index.php?rest_route=\/wp\/v2\/types\/page"}],"author":[{"embeddable":true,"href":"http:\/\/www.kitoval.fi\/index.php?rest_route=\/wp\/v2\/users\/1"}],"replies":[{"embeddable":true,"href":"http:\/\/www.kitoval.fi\/index.php?rest_route=%2Fwp%2Fv2%2Fcomments&post=132"}],"version-history":[{"count":8,"href":"http:\/\/www.kitoval.fi\/index.php?rest_route=\/wp\/v2\/pages\/132\/revisions"}],"predecessor-version":[{"id":1038,"href":"http:\/\/www.kitoval.fi\/index.php?rest_route=\/wp\/v2\/pages\/132\/revisions\/1038"}],"up":[{"embeddable":true,"href":"http:\/\/www.kitoval.fi\/index.php?rest_route=\/wp\/v2\/pages\/119"}],"wp:attachment":[{"href":"http:\/\/www.kitoval.fi\/index.php?rest_route=%2Fwp%2Fv2%2Fmedia&parent=132"}],"curies":[{"name":"wp","href":"https:\/\/api.w.org\/{rel}","templated":true}]}}