{"id":134,"date":"2015-10-08T14:55:26","date_gmt":"2015-10-08T11:55:26","guid":{"rendered":"http:\/\/www.kitoval.fi\/?page_id=134"},"modified":"2024-03-13T20:10:54","modified_gmt":"2024-03-13T18:10:54","slug":"valokaapeli","status":"publish","type":"page","link":"http:\/\/www.kitoval.fi\/?page_id=134","title":{"rendered":"Valokaapeli"},"content":{"rendered":"<p>Vesi- viem\u00e4riverkon rakentamisen yhteydess\u00e4 osuuskunta on rakentanut my\u00f6s optisen kuitukaapeliverkon. Valokaapeli asennettiin samaan ojaan putkivetojen kanssa, ja vedettiin jokaisen osuuskunnan j\u00e4senen tontin rajalle\u00a0asti. Kun kiinteist\u00f6n omistaja oli tehnyt maaty\u00f6ns\u00e4 ja maksanut liittymismaksun ja asentanut mediakonvertterin, kiinteist\u00f6 liitettiin verkkoon. Omistaja p\u00e4\u00e4si nauttimaan todella nopeasta laajakaistasta, jonka nimellisnopeus on 200 Mbit\/s (vaihtoehtoisesti 500 ja 1000 Mbit\/s), riippuen operaattorin LPOnet:n tarjoamasta palvelusta. Laajakaistaliit\u00e4nt\u00e4 toteutetaan viiden eri osakaapelin kautta LPOnetin kaapeliin valtatie 170:n varrella Boxissa.<\/p>\n","protected":false},"excerpt":{"rendered":"<p>Vesi- viem\u00e4riverkon rakentamisen yhteydess\u00e4 osuuskunta on rakentanut my\u00f6s optisen kuitukaapeliverkon. Valokaapeli asennettiin samaan ojaan putkivetojen kanssa, ja vedettiin jokaisen osuuskunnan<\/p>\n<p class=\"readmore\"><a href=\"http:\/\/www.kitoval.fi\/?page_id=134\" title=\"Read Valokaapeli\">Read more &raquo;<\/a><\/p>\n","protected":false},"author":1,"featured_media":0,"parent":121,"menu_order":2,"comment_status":"closed","ping_status":"closed","template":"","meta":{"_monsterinsights_skip_tracking":false,"_monsterinsights_sitenote_active":false,"_monsterinsights_sitenote_note":"","_monsterinsights_sitenote_category":0,"footnotes":""},"class_list":["post-134","page","type-page","status-publish","hentry"],"_links":{"self":[{"href":"http:\/\/www.kitoval.fi\/index.php?rest_route=\/wp\/v2\/pages\/134"}],"collection":[{"href":"http:\/\/www.kitoval.fi\/index.php?rest_route=\/wp\/v2\/pages"}],"about":[{"href":"http:\/\/www.kitoval.fi\/index.php?rest_route=\/wp\/v2\/types\/page"}],"author":[{"embeddable":true,"href":"http:\/\/www.kitoval.fi\/index.php?rest_route=\/wp\/v2\/users\/1"}],"replies":[{"embeddable":true,"href":"http:\/\/www.kitoval.fi\/index.php?rest_route=%2Fwp%2Fv2%2Fcomments&post=134"}],"version-history":[{"count":4,"href":"http:\/\/www.kitoval.fi\/index.php?rest_route=\/wp\/v2\/pages\/134\/revisions"}],"predecessor-version":[{"id":1039,"href":"http:\/\/www.kitoval.fi\/index.php?rest_route=\/wp\/v2\/pages\/134\/revisions\/1039"}],"up":[{"embeddable":true,"href":"http:\/\/www.kitoval.fi\/index.php?rest_route=\/wp\/v2\/pages\/121"}],"wp:attachment":[{"href":"http:\/\/www.kitoval.fi\/index.php?rest_route=%2Fwp%2Fv2%2Fmedia&parent=134"}],"curies":[{"name":"wp","href":"https:\/\/api.w.org\/{rel}","templated":true}]}}