{"id":137,"date":"2015-10-08T15:01:39","date_gmt":"2015-10-08T12:01:39","guid":{"rendered":"http:\/\/www.kitoval.fi\/?page_id=137"},"modified":"2020-05-07T14:45:08","modified_gmt":"2020-05-07T11:45:08","slug":"lponet","status":"publish","type":"page","link":"http:\/\/www.kitoval.fi\/?page_id=137","title":{"rendered":"Internet- och tv-tj\u00e4nster LPOnet"},"content":{"rendered":"<p><strong>LPOnet Osk Anl samarbetar med Kit\u00f6VAL och erbjuder h\u00f6gklassiga internet- och kabel-tv-tj\u00e4nster till Kit\u00f6VALs fiberkunder.<\/strong><\/p>\n<h4>LPOnet?<\/h4>\n<p>LPOnet Osk Anl, som grundats 1931, \u00e4r ett modernt, kund\u00e4gt fiber-, datakommunikations- och IT-tj\u00e4nsteandelslag som, som ett \u00f6stnyl\u00e4ndskt bolag starkt satsar p\u00e5 nejdens optiska fibern\u00e4t, bredbands-, Internet-, TV-och IT-tj\u00e4nster, samt lokal kundbetj\u00e4ning. Bolaget betj\u00e4nar sina kunder lokalt, i kundbetj\u00e4ningspunkterna i Borg\u00e5 och Lovisa. LPOnet \u00e4r medlem i Finnet-f\u00f6rbundet och bolaget \u00e4r marknadsledare i fiberanslutningar i \u00d6stra Nyland.<\/p>\n<p>Mera info om LPOnet: <a href=\"https:\/\/lponet.fi\/?lang=sv\">https:\/\/lponet.fi\/?lang=sv<\/a><\/p>\n<h4>Varf\u00f6r optisk fiber?<\/h4>\n<p>I optisk fiber \u00f6verf\u00f6rs internet- och tv-inneh\u00e5ll via fiberkabel med ljusets hastighet \u2013 data\u00f6verf\u00f6ringskapaciteten \u00e4r i sin egen klass. Med fiber f\u00e5r du en supersnabb och funktionss\u00e4ker f\u00f6rbindelse b\u00e5de till hem och f\u00f6retag \u2013 nu och \u00e5tminstone 50 \u00e5r fram\u00e5t.<\/li>\n<p>Mer info om Kit\u00f6VALs optiska fiberanslutningar, kontaktuppgifter: <a href=\"http:\/\/www.kitoval.fi\/?page_id=21\">http:\/\/www.kitoval.fi\/?page_id=21<\/a><\/p>\n<p>Mera allm\u00e4n info om optisk fiber: <a href=\"https:\/\/lponet.fi\/fiber\/?lang=sv\">https:\/\/lponet.fi\/fiber\/?lang=sv<\/a><\/p>\n<h4>Vilka tj\u00e4nster kan du skaffa, som fiberkund hos Kit\u00f6VAL?<\/h4>\n<p>Du kan skaffa ett snabbt och funktionss\u00e4kert bredband och \u00e4ven kabel-tv fr\u00e5n LPOnet. FiberHem-paketen inneh\u00e5ller bredband och kabel-tv. Om du vill ha endast internet bredband, v\u00e4lj ett av FiberWebb-paketen. Bredbandshastigheter p\u00e5 upp till 1000Mb.<\/p>\n<p>Vid behov kan du st\u00e4nga av dina tj\u00e4nstepaket \u00f6ver vintern, till exempel om din fritidsbostad inte \u00e4r i anv\u00e4ndning d\u00e5. Vi b\u00e4r upp en kopplingsavgift enligt v\u00e5r prislista, f\u00f6r att \u00e5ter aktivera tj\u00e4nstepaketen.<\/li>\n<p>Mer info om tj\u00e4nstepaketen: <a href=\"https:\/\/lponet.fi\/internet\/till-egnahemshus\/?lang=sv\">https:\/\/lponet.fi\/internet\/till-egnahemshus\/?lang=sv<\/a><\/p>\n<h4>Hur kan du skaffa internet- och tv-tj\u00e4nster till din Kit\u00f6VAL fiberanslutning?<\/h4>\n<p>Kontakta LPOnets kundbetj\u00e4ning m\u00e5-fre kl 9-17 (onsd kl 10-17)<\/p>\n<p>Tel. 019 505 8400<br \/>\nE-post: \u00a0<a href=\"mailto:kundbetjaning@lponet.fi\">kundbetjaning@lponet.fi<\/a><br \/>\nDirekt via v\u00e5ra n\u00e4tsidor: <a href=\"https:\/\/lponet.fi\/ta-kontakt\/?lang=sv\">https:\/\/lponet.fi\/ta-kontakt\/?lang=sv<\/a><br \/>\nKundbetj\u00e4ningsst\u00e4llen:<br \/>\nBorg\u00e5\/Mannerheimgatan 16<br \/>\nLovisa\/Vintergatan 6<\/p>\n","protected":false},"excerpt":{"rendered":"<p>LPOnet Osk Anl samarbetar med Kit\u00f6VAL och erbjuder h\u00f6gklassiga internet- och kabel-tv-tj\u00e4nster till Kit\u00f6VALs fiberkunder. LPOnet? LPOnet Osk Anl, som<\/p>\n<p class=\"readmore\"><a href=\"http:\/\/www.kitoval.fi\/?page_id=137\" title=\"Read Internet- och tv-tj\u00e4nster LPOnet\">Read more &raquo;<\/a><\/p>\n","protected":false},"author":1,"featured_media":0,"parent":119,"menu_order":3,"comment_status":"closed","ping_status":"closed","template":"","meta":{"_monsterinsights_skip_tracking":false,"_monsterinsights_sitenote_active":false,"_monsterinsights_sitenote_note":"","_monsterinsights_sitenote_category":0,"footnotes":""},"class_list":["post-137","page","type-page","status-publish","hentry"],"_links":{"self":[{"href":"http:\/\/www.kitoval.fi\/index.php?rest_route=\/wp\/v2\/pages\/137"}],"collection":[{"href":"http:\/\/www.kitoval.fi\/index.php?rest_route=\/wp\/v2\/pages"}],"about":[{"href":"http:\/\/www.kitoval.fi\/index.php?rest_route=\/wp\/v2\/types\/page"}],"author":[{"embeddable":true,"href":"http:\/\/www.kitoval.fi\/index.php?rest_route=\/wp\/v2\/users\/1"}],"replies":[{"embeddable":true,"href":"http:\/\/www.kitoval.fi\/index.php?rest_route=%2Fwp%2Fv2%2Fcomments&post=137"}],"version-history":[{"count":5,"href":"http:\/\/www.kitoval.fi\/index.php?rest_route=\/wp\/v2\/pages\/137\/revisions"}],"predecessor-version":[{"id":777,"href":"http:\/\/www.kitoval.fi\/index.php?rest_route=\/wp\/v2\/pages\/137\/revisions\/777"}],"up":[{"embeddable":true,"href":"http:\/\/www.kitoval.fi\/index.php?rest_route=\/wp\/v2\/pages\/119"}],"wp:attachment":[{"href":"http:\/\/www.kitoval.fi\/index.php?rest_route=%2Fwp%2Fv2%2Fmedia&parent=137"}],"curies":[{"name":"wp","href":"https:\/\/api.w.org\/{rel}","templated":true}]}}