{"id":141,"date":"2015-10-08T15:05:55","date_gmt":"2015-10-08T12:05:55","guid":{"rendered":"http:\/\/www.kitoval.fi\/?page_id=141"},"modified":"2020-05-07T14:45:19","modified_gmt":"2020-05-07T11:45:19","slug":"lponet","status":"publish","type":"page","link":"http:\/\/www.kitoval.fi\/?page_id=141","title":{"rendered":"Netti- ja tv-palvelut LPOnet"},"content":{"rendered":"<p><strong>LPOnet Osk Anl tekee yhteisty\u00f6t\u00e4 Kit\u00f6VALin kanssa ja tarjoaa Kit\u00f6VALin valokuituliittym\u00e4asiakkaille huipputasoisia internet- ja kaapeli-tv-palveluita. <\/strong><\/p>\n<p>&nbsp;<\/p>\n<h4><strong>LPOnet?<\/strong><\/h4>\n<p>Vuonna 1931 perustettu LPOnet Osk Anl on moderni asiakasomisteinen kuitu-, tietoliikenne- ja IT-palveluosuuskunta, joka it\u00e4uusmaalaisena yhti\u00f6n\u00e4 panostaa vahvasti alueen valokuituverkkoihin, laajakaista-, Internet-, TV- ja IT-palveluihin sek\u00e4 paikalliseen asiakaspalveluun. Yhti\u00f6 palvelee asiakkaitaan paikallisesti, asiakaspalvelupisteiss\u00e4\u00e4n Porvoossa ja Loviisassa. LPOnet on Finnet-liiton j\u00e4sen ja yhti\u00f6 on markkinajohtaja valokuituliittymiss\u00e4 It\u00e4isell\u00e4 Uudellamaalla.<\/p>\n<p>Lis\u00e4tietoa LPOnetist\u00e4: <a href=\"https:\/\/lponet.fi\/\">https:\/\/lponet.fi\/<\/a><\/p>\n<h4>Valokuitu?<\/h4>\n<p>Valokuitu on tekniikka, jossa netti- ja tv-sis\u00e4lt\u00f6 siirtyy optisessa kuitukaapelissa valon nopeudella \u2013 tiedonsiirtokapasiteetti on omaa luokkaansa. Valokuitu takaa huippunopean ja toimintavarman yhteyden niin kotiin, vapaa-ajan asuntoon kuin yritykseen &#8211; nyt ja ainakin seuraavat 50 vuotta.<\/p>\n<p>Lis\u00e4tietoa Kit\u00f6VAL valokuidusta, yhteystiedot: <a href=\"http:\/\/www.kitoval.fi\/?page_id=37\">http:\/\/www.kitoval.fi\/?page_id=37<\/a><\/p>\n<p> Lis\u00e4\u00e4 yleistietoa valokuidusta: <a href=\"https:\/\/lponet.fi\/valokuitu\/\">https:\/\/lponet.fi\/valokuitu\/<\/a><\/li>\n<h4>Mit\u00e4 palveluita voit hankkia Kit\u00f6VALin valokuituliittym\u00e4asiakkaana?<\/h4>\n<p>Voit hankkia toimintavarman laajakaistan ja halutessasi my\u00f6s kaapeli-tv:n LPOnetilt\u00e4. Kaikkiin KuituKoti-paketteihin sis\u00e4ltyy laajakaista ja kaapeli-tv. Mik\u00e4li haluat pelk\u00e4n netin, valitse KuituNetti-paketti. Laajakaistanopeuksia jopa 1000Mb asti.<\/p>\n<p>Voit halutessasi sulkea netti- ja -tv-palvelut talveksi, jos esimerkiksi vaikka vapaa-ajan asuntosi ei silloin ole k\u00e4yt\u00f6ss\u00e4. Uudelleenkytkenn\u00e4st\u00e4 perit\u00e4\u00e4n hinnaston mukainen kytkent\u00e4maksu.<\/li>\n<p>Lis\u00e4tietoa eri palvelupaketeista: <a href=\"https:\/\/lponet.fi\/internet\/omakotitaloon\/\">https:\/\/lponet.fi\/internet\/omakotitaloon\/<\/a><\/p>\n<h4>Miten hankit netti- ja tv-palvelut Kit\u00f6VAL valokuituliittym\u00e4\u00e4si?<\/h4>\n<p>Ole yhteydess\u00e4 LPOnetin asiakaspalveluun ma-pe klo 9-17 (ke klo 10-17)<\/p>\n<p>Puh. 019 505 8400<br \/>\nS\u00e4hk\u00f6posti: <a href=\"mailto:asiakaspalvelu@lponet.fi\">asiakaspalvelu@lponet.fi<\/a><br \/>\nSuoraan nettisivujemme kautta: <a href=\"https:\/\/lponet.fi\/ota-yhteytta\/\">https:\/\/lponet.fi\/ota-yhteytta\/<\/a><br \/>\nAsiakaspalvelupisteet:<br \/>\nPorvoo\/ Mannerheiminkatu 16<br \/>\nLoviisa\/Linnunrata 6<\/p>\n","protected":false},"excerpt":{"rendered":"<p>LPOnet Osk Anl tekee yhteisty\u00f6t\u00e4 Kit\u00f6VALin kanssa ja tarjoaa Kit\u00f6VALin valokuituliittym\u00e4asiakkaille huipputasoisia internet- ja kaapeli-tv-palveluita. &nbsp; LPOnet? Vuonna 1931 perustettu<\/p>\n<p class=\"readmore\"><a href=\"http:\/\/www.kitoval.fi\/?page_id=141\" title=\"Read Netti- ja tv-palvelut LPOnet\">Read more &raquo;<\/a><\/p>\n","protected":false},"author":1,"featured_media":0,"parent":121,"menu_order":3,"comment_status":"closed","ping_status":"closed","template":"","meta":{"_monsterinsights_skip_tracking":false,"_monsterinsights_sitenote_active":false,"_monsterinsights_sitenote_note":"","_monsterinsights_sitenote_category":0,"footnotes":""},"class_list":["post-141","page","type-page","status-publish","hentry"],"_links":{"self":[{"href":"http:\/\/www.kitoval.fi\/index.php?rest_route=\/wp\/v2\/pages\/141"}],"collection":[{"href":"http:\/\/www.kitoval.fi\/index.php?rest_route=\/wp\/v2\/pages"}],"about":[{"href":"http:\/\/www.kitoval.fi\/index.php?rest_route=\/wp\/v2\/types\/page"}],"author":[{"embeddable":true,"href":"http:\/\/www.kitoval.fi\/index.php?rest_route=\/wp\/v2\/users\/1"}],"replies":[{"embeddable":true,"href":"http:\/\/www.kitoval.fi\/index.php?rest_route=%2Fwp%2Fv2%2Fcomments&post=141"}],"version-history":[{"count":9,"href":"http:\/\/www.kitoval.fi\/index.php?rest_route=\/wp\/v2\/pages\/141\/revisions"}],"predecessor-version":[{"id":778,"href":"http:\/\/www.kitoval.fi\/index.php?rest_route=\/wp\/v2\/pages\/141\/revisions\/778"}],"up":[{"embeddable":true,"href":"http:\/\/www.kitoval.fi\/index.php?rest_route=\/wp\/v2\/pages\/121"}],"wp:attachment":[{"href":"http:\/\/www.kitoval.fi\/index.php?rest_route=%2Fwp%2Fv2%2Fmedia&parent=141"}],"curies":[{"name":"wp","href":"https:\/\/api.w.org\/{rel}","templated":true}]}}