{"id":152,"date":"2015-10-09T17:23:16","date_gmt":"2015-10-09T14:23:16","guid":{"rendered":"http:\/\/www.kitoval.fi\/?page_id=152"},"modified":"2024-03-13T20:38:08","modified_gmt":"2024-03-13T18:38:08","slug":"liity-jaseneksi","status":"publish","type":"page","link":"http:\/\/www.kitoval.fi\/?page_id=152","title":{"rendered":"Liity j\u00e4seneksi"},"content":{"rendered":"<p>Lataa t\u00e4st\u00e4 j\u00e4senhakemus:\u00a0<a href=\"http:\/\/www.kitoval.fi\/wp-content\/uploads\/2024\/03\/jasenhakemus_2024.docx\">Word-tiedosto<\/a>, <a href=\"http:\/\/www.kitoval.fi\/wp-content\/uploads\/2015\/10\/jasenhakemus_2024.pdf\">PDF-tiedosto<\/a><\/p>\n","protected":false},"excerpt":{"rendered":"<p>Lataa t\u00e4st\u00e4 j\u00e4senhakemus:\u00a0Word-tiedosto, PDF-tiedosto<\/p>\n","protected":false},"author":1,"featured_media":0,"parent":121,"menu_order":0,"comment_status":"closed","ping_status":"closed","template":"","meta":{"_monsterinsights_skip_tracking":false,"_monsterinsights_sitenote_active":false,"_monsterinsights_sitenote_note":"","_monsterinsights_sitenote_category":0,"footnotes":""},"class_list":["post-152","page","type-page","status-publish","hentry"],"_links":{"self":[{"href":"http:\/\/www.kitoval.fi\/index.php?rest_route=\/wp\/v2\/pages\/152"}],"collection":[{"href":"http:\/\/www.kitoval.fi\/index.php?rest_route=\/wp\/v2\/pages"}],"about":[{"href":"http:\/\/www.kitoval.fi\/index.php?rest_route=\/wp\/v2\/types\/page"}],"author":[{"embeddable":true,"href":"http:\/\/www.kitoval.fi\/index.php?rest_route=\/wp\/v2\/users\/1"}],"replies":[{"embeddable":true,"href":"http:\/\/www.kitoval.fi\/index.php?rest_route=%2Fwp%2Fv2%2Fcomments&post=152"}],"version-history":[{"count":6,"href":"http:\/\/www.kitoval.fi\/index.php?rest_route=\/wp\/v2\/pages\/152\/revisions"}],"predecessor-version":[{"id":1077,"href":"http:\/\/www.kitoval.fi\/index.php?rest_route=\/wp\/v2\/pages\/152\/revisions\/1077"}],"up":[{"embeddable":true,"href":"http:\/\/www.kitoval.fi\/index.php?rest_route=\/wp\/v2\/pages\/121"}],"wp:attachment":[{"href":"http:\/\/www.kitoval.fi\/index.php?rest_route=%2Fwp%2Fv2%2Fmedia&parent=152"}],"curies":[{"name":"wp","href":"https:\/\/api.w.org\/{rel}","templated":true}]}}