{"id":37,"date":"2015-10-07T20:11:57","date_gmt":"2015-10-07T17:11:57","guid":{"rendered":"http:\/\/www.kitoval.fi\/?page_id=37"},"modified":"2025-10-27T16:33:49","modified_gmt":"2025-10-27T14:33:49","slug":"yhteys","status":"publish","type":"page","link":"http:\/\/www.kitoval.fi\/?page_id=37","title":{"rendered":"Yhteystiedot"},"content":{"rendered":"<p><strong>Hallitus:<br \/>\n<\/strong>Tavoitat koko hallituksen osoitteesta hallitus@kitoval.fi.<\/p>\n<p>Sten Sundberg, puheenjohtaja<br \/>\n044-5155413<br \/>\nsten.sundberg@kitoval.fi<\/p>\n<p>Carl Wil\u00e9n, varapuheenjohtaja<br \/>\n040-0441227<br \/>\nlalle.wilen@gmail.com<\/p>\n<p>Henrik Johansson<br \/>\n040-5028364<br \/>\nhenrik.johansson@kitoval.fi<\/p>\n<p>Tove Nickl\u00e9n<br \/>\n044-3040350<br \/>\ntove.nicklen@kitoval.fi<\/p>\n<p>Annika Wermunds\u00e9n<br \/>\n040-0476527<br \/>\nannika.wermundsen@kitoval.fi<\/p>\n<p>Ritva Dahlstr\u00f6m<br \/>\n040-5405825<br \/>\nriia.dahl@kitoval.fi<\/p>\n<p>Jens S\u00f6derholm<br \/>\n0400-753399<br \/>\njens.soderholm@kotikone.fi<\/p>\n<p><strong>Hallituksen varaj\u00e4senet<\/strong>:<br \/>\nTeemu Salonen<br \/>\n050-5311973<br \/>\ntesalone@gmail.com<\/p>\n<p>Mikael Lind\u00e9n<br \/>\n050-5210310<br \/>\nmikael@huvipiste.fi<\/p>\n<p>Manu Rimpel\u00e4<br \/>\n045-6041560<br \/>\nmanu.rimpela@gmail.com<\/p>\n<p><strong>Laskutus:<\/strong><br \/>\nlaskutus@kitoval.fi<\/p>\n<p><strong>Huolto:<br \/>\n<\/strong><span style=\"text-decoration: underline;\">Viem\u00e4ripumppuhuolto<br \/>\n<\/span>Oy Linmar Ab<br \/>\nMa-Pe 8:00-16:00, 16:00- sopimuksen mukaan<br \/>\n040-5509817<br \/>\n<a href=\"mailto:info@linmar.fi\">info@linmar.fi<\/a><br \/>\n<a href=\"http:\/\/linmar.fi\/\">http:\/\/linmar.fi\/<\/a><\/p>\n<p><span style=\"text-decoration: underline;\">Putki- ja s\u00e4hk\u00f6ty\u00f6t<\/span><br \/>\nK.A. Stendahl<br \/>\n019-529 6000<\/p>\n<p><strong>P\u00e4ivystys:<br \/>\n<\/strong>040 728 8887<\/p>\n<p><strong>Webmaster:<br \/>\n<\/strong>webmaster@kitoval.fi<\/p>\n","protected":false},"excerpt":{"rendered":"<p>Hallitus: Tavoitat koko hallituksen osoitteesta hallitus@kitoval.fi. Sten Sundberg, puheenjohtaja 044-5155413 sten.sundberg@kitoval.fi Carl Wil\u00e9n, varapuheenjohtaja 040-0441227 lalle.wilen@gmail.com Henrik Johansson 040-5028364 henrik.johansson@kitoval.fi<\/p>\n<p class=\"readmore\"><a href=\"http:\/\/www.kitoval.fi\/?page_id=37\" title=\"Read Yhteystiedot\">Read more &raquo;<\/a><\/p>\n","protected":false},"author":1,"featured_media":0,"parent":0,"menu_order":3,"comment_status":"closed","ping_status":"closed","template":"","meta":{"_monsterinsights_skip_tracking":false,"_monsterinsights_sitenote_active":false,"_monsterinsights_sitenote_note":"","_monsterinsights_sitenote_category":0,"footnotes":""},"class_list":["post-37","page","type-page","status-publish","hentry"],"_links":{"self":[{"href":"http:\/\/www.kitoval.fi\/index.php?rest_route=\/wp\/v2\/pages\/37"}],"collection":[{"href":"http:\/\/www.kitoval.fi\/index.php?rest_route=\/wp\/v2\/pages"}],"about":[{"href":"http:\/\/www.kitoval.fi\/index.php?rest_route=\/wp\/v2\/types\/page"}],"author":[{"embeddable":true,"href":"http:\/\/www.kitoval.fi\/index.php?rest_route=\/wp\/v2\/users\/1"}],"replies":[{"embeddable":true,"href":"http:\/\/www.kitoval.fi\/index.php?rest_route=%2Fwp%2Fv2%2Fcomments&post=37"}],"version-history":[{"count":29,"href":"http:\/\/www.kitoval.fi\/index.php?rest_route=\/wp\/v2\/pages\/37\/revisions"}],"predecessor-version":[{"id":1171,"href":"http:\/\/www.kitoval.fi\/index.php?rest_route=\/wp\/v2\/pages\/37\/revisions\/1171"}],"wp:attachment":[{"href":"http:\/\/www.kitoval.fi\/index.php?rest_route=%2Fwp%2Fv2%2Fmedia&parent=37"}],"curies":[{"name":"wp","href":"https:\/\/api.w.org\/{rel}","templated":true}]}}