{"id":39,"date":"2015-10-07T20:12:18","date_gmt":"2015-10-07T17:12:18","guid":{"rendered":"http:\/\/www.kitoval.fi\/?page_id=39"},"modified":"2024-03-13T20:35:27","modified_gmt":"2024-03-13T18:35:27","slug":"meista","status":"publish","type":"page","link":"http:\/\/www.kitoval.fi\/?page_id=39","title":{"rendered":"Meist\u00e4"},"content":{"rendered":"<p>Kit\u00f6n Vesiosuuskunta perustettiin kev\u00e4\u00e4ll\u00e4 2010 ja kaivuty\u00f6t aloitettiin 2014. Viisi vuotta my\u00f6hemmin 3,5 milj. euron infrastruktuuri-investointi valmistui, ja 2023 187 osuuskunnan 270 j\u00e4senest\u00e4 on liittynyt 42 km pitk\u00e4\u00e4n vesi- ja viem\u00e4riverkostoon.<\/p>\n<p>Koko alue k\u00e4sitt\u00e4\u00e4 it\u00e4isen L\u00f6par\u00f6n, Kit\u00f6n, N\u00e4setin, Spjutsundin kyl\u00e4n, sek\u00e4 Hemisn\u00e4setin ja Sandviksuddenin alueet. T\u00e4ll\u00e4 alueella sijaitsee yhteens\u00e4 noin 450 kiinteist\u00f6\u00e4, koostuen sek\u00e4 ymp\u00e4rivuotisista ett\u00e4 sesonkipainotteisista kiinteist\u00f6nomistajista. Vesiosuuskunta on velaton.<\/p>\n<p>Vesi- ja viem\u00e4riverkoston rakennusvaiheessa putkiojiin asennettiin my\u00f6s valokaapelit, jotka mahdollistavat nopean laajakaistayhteyden kaikkiin kiinteist\u00f6ihin. Osuuskunnalla on t\u00e4ll\u00e4 hetkell\u00e4 84 aktiivista laajakaistak\u00e4ytt\u00e4j\u00e4\u00e4. Etel\u00e4suomen Energia asensi lis\u00e4ksi suojaputket tulevia s\u00e4hk\u00f6kaapeleita varten. Osa alueen ilmajohdoista on ja korvattu s\u00e4hk\u00f6kaapeleilla.<\/p>\n","protected":false},"excerpt":{"rendered":"<p>Kit\u00f6n Vesiosuuskunta perustettiin kev\u00e4\u00e4ll\u00e4 2010 ja kaivuty\u00f6t aloitettiin 2014. Viisi vuotta my\u00f6hemmin 3,5 milj. euron infrastruktuuri-investointi valmistui, ja 2023 187<\/p>\n<p class=\"readmore\"><a href=\"http:\/\/www.kitoval.fi\/?page_id=39\" title=\"Read Meist\u00e4\">Read more &raquo;<\/a><\/p>\n","protected":false},"author":1,"featured_media":0,"parent":0,"menu_order":0,"comment_status":"closed","ping_status":"closed","template":"","meta":{"_monsterinsights_skip_tracking":false,"_monsterinsights_sitenote_active":false,"_monsterinsights_sitenote_note":"","_monsterinsights_sitenote_category":0,"footnotes":""},"class_list":["post-39","page","type-page","status-publish","hentry"],"_links":{"self":[{"href":"http:\/\/www.kitoval.fi\/index.php?rest_route=\/wp\/v2\/pages\/39"}],"collection":[{"href":"http:\/\/www.kitoval.fi\/index.php?rest_route=\/wp\/v2\/pages"}],"about":[{"href":"http:\/\/www.kitoval.fi\/index.php?rest_route=\/wp\/v2\/types\/page"}],"author":[{"embeddable":true,"href":"http:\/\/www.kitoval.fi\/index.php?rest_route=\/wp\/v2\/users\/1"}],"replies":[{"embeddable":true,"href":"http:\/\/www.kitoval.fi\/index.php?rest_route=%2Fwp%2Fv2%2Fcomments&post=39"}],"version-history":[{"count":5,"href":"http:\/\/www.kitoval.fi\/index.php?rest_route=\/wp\/v2\/pages\/39\/revisions"}],"predecessor-version":[{"id":1075,"href":"http:\/\/www.kitoval.fi\/index.php?rest_route=\/wp\/v2\/pages\/39\/revisions\/1075"}],"wp:attachment":[{"href":"http:\/\/www.kitoval.fi\/index.php?rest_route=%2Fwp%2Fv2%2Fmedia&parent=39"}],"curies":[{"name":"wp","href":"https:\/\/api.w.org\/{rel}","templated":true}]}}