{"id":460,"date":"2016-03-22T12:22:32","date_gmt":"2016-03-22T10:22:32","guid":{"rendered":"http:\/\/www.kitoval.fi\/?page_id=460"},"modified":"2024-03-13T20:00:45","modified_gmt":"2024-03-13T18:00:45","slug":"osuuskunnan-historiikki","status":"publish","type":"page","link":"http:\/\/www.kitoval.fi\/?page_id=460","title":{"rendered":"Osuuskunnan historiikki"},"content":{"rendered":"<h3><strong>Tuumasta toimeen \u2013 oma menestystarinamme<\/strong><\/h3>\n<table style=\"height: 2278px;\" width=\"500\">\n<tbody>\n<tr>\n<td width=\"90\"><strong>2009 &#8211; 2010<\/strong><\/td>\n<td style=\"text-align: left;\" width=\"411\">Kun Sipoon kunta selvitt\u00e4\u00e4 mahdollisuutta laajentaa oman vesihuoltoverkkonsa Sivermaalla Tr\u00e4skbyn alueella, her\u00e4\u00e4 ajatus ett\u00e4 verkkoa voitaisiin jatkaa L\u00f6par\u00f6h\u00f6n ja Kit\u00f6seen sek\u00e4 Spjutsundin etel\u00e4osiin.<br \/>\nAlustavan yleissuunnittelun hahmotelma tilataan \u201dPro Morsviken ry:n \u201d nimiss\u00e4 Oy Bj\u00f6rn Backstr\u00f6m Ab:lta. ja tukea siihen anotaan Silmulta.<\/td>\n<\/tr>\n<tr>\n<td width=\"90\"><strong>2010 helmikuu<\/strong><\/td>\n<td style=\"text-align: left;\" width=\"411\">Kyl\u00e4kokous kutsutaan kokoon nuorisotaloon Byarsborgiin. Kiinnostus on valtava. Yli 100 henkil\u00f6\u00e4 osallistuu ja kokous p\u00e4\u00e4tt\u00e4\u00e4 vesiosuuskunnan perustamisesta ja valitsee ensimm\u00e4isen hallituksen. Hallitus valitsee omasta piirist\u00e4 Ove Tallbergin puheenjohtajakseen.<\/td>\n<\/tr>\n<tr>\n<td width=\"90\"><strong>2010 toukokuu<\/strong><\/td>\n<td style=\"text-align: left;\" width=\"411\">Kit\u00f6n vesiosuuskunta perustetaan ja yli 180 kiinteist\u00f6\u00e4 liittyy j\u00e4seneksi. J\u00e4senet ovat kaikilta osa-alueilta.<\/td>\n<\/tr>\n<tr>\n<td width=\"90\"><strong>2011 lokakuu<\/strong><\/td>\n<td style=\"text-align: left;\" width=\"411\">Oy Bj\u00f6rn Backstr\u00f6m Ab:n (sittemmin SKT Suomi Oy:n) yleissuunnitelma kaikista nelj\u00e4st\u00e4 osa-alueista valmistuu.<\/td>\n<\/tr>\n<tr>\n<td width=\"90\"><strong>2012 syyskuu<\/strong><\/td>\n<td style=\"text-align: left;\" width=\"411\">Sipoon kunnan johtavat virkamiehet ehdottavat, ett\u00e4 osuuskunnan alueesta teht\u00e4isiin vesihuoltolain mukainen \u201dtoiminta-alue\u201d. Anomuksemme kuitenkin kokee voimakasta poliittista vastustusta Sipoon kunnassa. Samaan aikaan poliitikot hylk\u00e4\u00e4v\u00e4t anomuksemme kunnallisesta lainatakuusta. Vastoink\u00e4ymisist\u00e4 huolimatta p\u00e4\u00e4t\u00e4mme jatkaa projektia. Otamme ensimm\u00e4iset neuvottelukontaktit LPOnet Oy:hyn.<\/td>\n<\/tr>\n<tr>\n<td width=\"90\"><strong>2012 marraskuu<\/strong><\/td>\n<td style=\"text-align: left;\" width=\"411\">J\u00e4rjest\u00e4mme vesihuoltoverkon ja kuitukaapeliverkon rakennussuunnittelun tarjouskilpailun. Teht\u00e4v\u00e4t saavat Bj\u00f6rn Backstr\u00f6m ja KeyPro.<\/td>\n<\/tr>\n<tr>\n<td width=\"90\"><strong>2012 joulukuu<\/strong><\/td>\n<td style=\"text-align: left;\" width=\"411\">ELY-keskus hyv\u00e4ksyy tukianomuksemme kyl\u00e4verkon (=kuitukaapeliverkon) suunnittelusta.<\/td>\n<\/tr>\n<tr>\n<td width=\"90\"><strong>2013 helmikuu<\/strong><\/td>\n<td style=\"text-align: left;\" width=\"411\">Kit\u00f6VAL:in esite valmistuu ja se postitetaan 1. alueen kaikille kiinteist\u00f6lle.<\/td>\n<\/tr>\n<tr>\n<td width=\"90\"><strong>2013 maaliskuu<\/strong><\/td>\n<td style=\"text-align: left;\" width=\"411\">1. alueen vesihuoltoverkon ja kuitukaapeliverkon rakennussuunnitteluaineistot valmistuvat.<\/td>\n<\/tr>\n<tr>\n<td width=\"90\"><strong>2013 maaliskuu<\/strong><\/td>\n<td style=\"text-align: left;\" width=\"411\">Yhteisty\u00f6sopimus Etel\u00e4suomen Energia Oy:n kanssa allekirjoitetaan. Sopimuksen mukaan ESU:n kaapeleiden suojaputket asennetaan samoihin kaivantoihin kuin vesiputket, ja ESU maksaa kohtuullisen korvauksen metri\u00e4 kohti.<\/td>\n<\/tr>\n<tr>\n<td width=\"90\"><strong>2013 kev\u00e4\u00e4ll\u00e4<\/strong><\/td>\n<td style=\"text-align: left;\" width=\"411\">Neuvottelemme Sipoon kunnan kanssa vesi- ja viem\u00e4riverkkomme liitt\u00e4misest\u00e4 kunnalliseen verkkoon. Ehdot muodostuvat meille edullisiksi.<\/td>\n<\/tr>\n<tr>\n<td width=\"90\"><strong>2013 maaliskuu<\/strong><\/td>\n<td style=\"text-align: left;\" width=\"411\">Sipoon kunnan kunnallisvaltuusto hyv\u00e4ksyy anomuksemme rakennusaikaisten lainojen takuusta 600.000 \u20ac asti.<\/td>\n<\/tr>\n<tr>\n<td width=\"90\"><strong>2013 elokuu<\/strong><\/td>\n<td style=\"text-align: left;\" width=\"411\">1. alueen rakennusurakan tarjouskilpailu ratkeaa. McMachine Oy valitaan urakoitsijaksi.<\/td>\n<\/tr>\n<tr>\n<td width=\"90\"><strong>2013 marraskuu<\/strong><\/p>\n<p>&nbsp;<\/td>\n<td style=\"text-align: left;\" width=\"411\">Osuuskunnan kokous hyv\u00e4ksyy hallituksen ehdottoman kiinteist\u00f6jen liittymissopimuksen liitteineen ja tekee investointip\u00e4\u00e4t\u00f6ksen Kit\u00f6n ja L\u00f6par\u00f6n alueista.<\/td>\n<\/tr>\n<tr>\n<td width=\"90\"><strong>2013 joulukuu<\/strong><\/td>\n<td width=\"411\">ELY-keskus hyv\u00e4ksyy \u201dyleishy\u00f6dyllisen investointihankkeen\u201d tukianomuksemme. Se koskee \u201dkyl\u00e4verkon\u201d rakentamisen mukaan lukien osan kaivukustannuksista. Tukea saadaan 223.000 \u20ac.<\/td>\n<\/tr>\n<tr>\n<td width=\"90\"><strong>2013 joulukuu<\/strong><\/td>\n<td style=\"text-align: left;\" width=\"411\">J\u00e4senten lukum\u00e4\u00e4r\u00e4 on vuodenvaiheessa 217.<\/td>\n<\/tr>\n<tr>\n<td width=\"90\"><strong>2014 tammikuu<\/strong><\/td>\n<td style=\"text-align: left;\" width=\"411\">Urakkasopimus MacMachine Oy:n kanssa allekirjoitetaan.<\/td>\n<\/tr>\n<tr>\n<td width=\"90\"><strong>2014 tammikuu<\/strong><\/td>\n<td style=\"text-align: left;\" width=\"411\">Rakennusty\u00f6t alkavat Kit\u00f6ss\u00e4 ja Sipoon kunnan Sivermaan liittymispisteest\u00e4 vedenalaisilla putkijohdoilla Kit\u00f6seen ja L\u00f6par\u00f6h\u00f6n.<\/td>\n<\/tr>\n<tr>\n<td width=\"90\"><strong>2014 elokuu<\/strong><\/td>\n<td style=\"text-align: left;\" width=\"411\">ELY-keskus hyv\u00e4ksyy esitt\u00e4m\u00e4mme muutokset siten ett\u00e4 my\u00f6s L\u00f6par\u00f6n salmen ja L\u00f6par\u00f6n kaakkoisosan kiinteist\u00f6t voidaan liitt\u00e4\u00e4 verkkoomme.<\/td>\n<\/tr>\n<tr>\n<td width=\"90\"><strong>2014 joulukuu<\/strong><\/td>\n<td style=\"text-align: left;\" width=\"411\">Ensimm\u00e4inen rakennusvaiheemme (Kit\u00f6 och L\u00f6par\u00f6) vastaanotetaan. Rakennetut linjat k\u00e4sitt\u00e4v\u00e4t yhteens\u00e4 noin 16 km.<\/td>\n<\/tr>\n<tr>\n<td width=\"90\"><strong>2014 joulukuu<\/strong><\/td>\n<td style=\"text-align: left;\" width=\"411\">Liittymissopimuksia on allekirjoitettu vuodenvaihteessa noin 100 kpl.<\/td>\n<\/tr>\n<tr>\n<td width=\"90\"><strong>2015 kes\u00e4kuu<\/strong><\/td>\n<td style=\"text-align: left;\" width=\"411\">N\u00e4setin alueen rakennusurakan tarjouskilpailu toteutetaan. Voittajaksi tulee MacMachine Oy.<\/td>\n<\/tr>\n<tr>\n<td width=\"90\"><strong>2015 kes\u00e4kuu<\/strong><\/td>\n<td style=\"text-align: left;\" width=\"411\">Rakennamme yhteisty\u00f6ss\u00e4 Soneran ja Elisan kanssa noin 800 m kuitukaapelin Byarsborgista Soneran Kitaksen tukiasemalle.<\/td>\n<\/tr>\n<tr>\n<td width=\"90\"><strong>2015 syyskuu<\/strong><\/td>\n<td style=\"text-align: left;\" width=\"411\">Yhteisty\u00f6sopimus allekirjoitetaan LPOnet Oy:n kanssa, josta tulee meid\u00e4n tele- ja tietoverkon operaattori.<\/td>\n<\/tr>\n<tr>\n<td width=\"90\"><strong>2015 syyskuu<\/strong><\/td>\n<td style=\"text-align: left;\" width=\"411\">Rakennamme yhteisty\u00f6ss\u00e4 Soneran urakoitsijan Relacomin kanssa noin 6 km kuitukaapelia Spjutsundintiet\u00e4 pitkin. Sipoon kunta rakentaa saman aikaan oman osuutensa noin 3 km Boxista eteenp\u00e4in. Osuuskunta maksaa kunnalle vain nimellisen korvauksen nelj\u00e4st\u00e4 kuidusta.<\/td>\n<\/tr>\n<tr>\n<td width=\"90\"><strong>2015 syyskuu<\/strong><\/td>\n<td style=\"text-align: left;\" width=\"411\">Rakennusty\u00f6t N\u00e4setin alueella alkavat heti j\u00e4tetty\u00e4mme tukihakemuksen ELY-keskukselle. N\u00e4setin alueelle rakennetaan noin 5 km uusia linjoja.<\/td>\n<\/tr>\n<tr>\n<td width=\"90\"><strong>2015 marraskuu<\/strong><\/td>\n<td style=\"text-align: left;\" width=\"411\">Teletila asennetaan Byarborgin viereen. Siihen LPOnet asentaa oman aktiivisen keskusyksikk\u00f6ns\u00e4. Ensimm\u00e4iset kiinteist\u00f6t saavat oman taloterminaalinsa ja p\u00e4\u00e4see nauttimaan nopeasta tiedonsiirrosta ja t\u00e4ydellisist\u00e4 TV-palveluista.<\/td>\n<\/tr>\n<tr>\n<td width=\"90\"><strong>2016 tammikuu<\/strong><\/td>\n<td style=\"text-align: left;\" width=\"411\">N\u00e4set on noin 80% valmis. Noin 30 liittymissopimusta on tehty alueella. Uusia liittymissopimuksia tehd\u00e4\u00e4n my\u00f6s Kit\u00f6ss\u00e4. Kaj Kokko valitaan uudeksi hallituksen puheenjohtajaksi. Seuraavan rakennusvaiheen suunnittelu aloitetaan alueelle 2; Sivermaan kytkent\u00e4piste, Sandviksudden, Hemisn\u00e4set, Kitas ja N\u00e4setin pohjoisosa.<\/td>\n<\/tr>\n<tr>\n<td width=\"90\"><strong>2016 helmikuu<\/strong><\/td>\n<td style=\"text-align: left;\" width=\"411\">ELY-keskus hyv\u00e4ksyy tukihakemuksemme valokuituverkon rakentamiseksi N\u00e4setin alueella.<\/td>\n<\/tr>\n<tr>\n<td width=\"90\"><strong>2016 helmikuu<\/strong><\/td>\n<td style=\"text-align: left;\" width=\"411\">P\u00e4\u00e4t\u00f6s rakentamissuunnittelun k\u00e4ynnist\u00e4miseksi Spjutsundin kyl\u00e4n, \u00d6sterviksuddenin. Hemisvikenin ja Sandviksuddenin alueiden (alue 2+4) osalta.<\/td>\n<\/tr>\n<tr>\n<td width=\"90\"><strong>2016 huhtikuu<\/strong><\/td>\n<td style=\"text-align: left;\" width=\"411\">Urakkatiedustelut kyseisten alueiden rakentamisesta sek\u00e4 kuituverkon suunnittelusta l\u00e4hetettiin.<\/td>\n<\/tr>\n<tr>\n<td width=\"90\"><strong>2016 toukokuu<\/strong><\/td>\n<td style=\"text-align: left;\" width=\"411\">Rakennusty\u00f6t N\u00e4setin alueella ovat k\u00e4yt\u00e4nn\u00f6ss\u00e4 valmiit ja alueen luovutuksesta aloitetaan neuvottelut.<\/td>\n<\/tr>\n<tr>\n<td width=\"90\"><strong>2016 syyskuu<\/strong><\/td>\n<td style=\"text-align: left;\" width=\"411\">Sipoon kunnan kunnallisvaltuusto my\u00f6nt\u00e4\u00e4 Vesiosuuskunnalle uuden 600.000 \u20ac lainatakuun rakennusajaksi 31.12.2019 saakka.<\/td>\n<\/tr>\n<tr>\n<td width=\"90\"><strong>2016 marraskuu<\/strong><\/td>\n<td style=\"text-align: left;\" width=\"411\">OP-pankin kanssa sovitaan 600.000 \u20ac lainasta. OP-pankin 350 430 \u20ac:n laina maksetaan takaisin.<\/td>\n<\/tr>\n<tr>\n<td width=\"90\"><strong>2016 joulukuu<\/strong><\/td>\n<td style=\"text-align: left;\" width=\"411\">Alustava sopimus Oy Linmar Ab kanssa Osuuskunnan noin 200 pumpun huollosta.<\/td>\n<\/tr>\n<tr>\n<td width=\"90\"><strong>2017 tammikuu<\/strong><\/td>\n<td style=\"text-align: left;\" width=\"411\">Tiedotustilaisuus Sandviksuddenin ja Spjutsundin v\u00e4lisen V\/V-verkon rakentamisesta.<\/td>\n<\/tr>\n<tr>\n<td width=\"90\"><strong>2017 helmikuu<\/strong><\/td>\n<td style=\"text-align: left;\" width=\"411\">P\u00e4\u00e4t\u00f6s rakentamisen k\u00e4ynnist\u00e4misest\u00e4 \u00d6sterviksudden-Hemisviken-Sandviksudden alueella (alue 2). Osaprojektin budjetti 1 360 000 \u20ac. Urakkasopimus Mac Machinen kanssa.<\/td>\n<\/tr>\n<tr>\n<td width=\"90\"><strong>2017 maaliskuu<\/strong><\/td>\n<td style=\"text-align: left;\" width=\"411\">Alueen rakentaminen alkaa Kit\u00f6n tien kohdalta.<\/td>\n<\/tr>\n<tr>\n<td width=\"90\"><strong>2017 toukokuu<\/strong><\/td>\n<td style=\"text-align: left;\" width=\"411\">V\/V-verkko liitet\u00e4\u00e4n kunnan verkkoon Mattaksen kartanon alueella. Putket vedet\u00e4\u00e4n K\u00f6nigsvikenin rantaa pitkin Sandvikeniin.<\/td>\n<\/tr>\n<tr>\n<td width=\"90\"><strong>2017 joulukuu<\/strong><\/td>\n<td style=\"text-align: left;\" width=\"411\">V\/V-verkko otetaan k\u00e4ytt\u00f6\u00f6n Kitaksen alueella.<\/td>\n<\/tr>\n<tr>\n<td width=\"90\"><strong>2017 tammi-kes\u00e4kuu<\/strong><\/td>\n<td style=\"text-align: left;\" width=\"411\">Alueen 2 rakentaminen valmistuu ja alue vastaanotetaan<\/td>\n<\/tr>\n<tr>\n<td width=\"90\"><strong>2018 maaliskuu<\/strong><\/td>\n<td style=\"text-align: left;\" width=\"411\">Tiedotustilaisuus V\/V-verkon rakentamisesta Sandhalsenin ja it\u00e4isen Spjutsundin alueella.<\/td>\n<\/tr>\n<tr>\n<td width=\"90\"><strong>2018 marraskuu<\/strong><\/td>\n<td style=\"text-align: left;\" width=\"411\">P\u00e4\u00e4t\u00f6s kyseisen  laajennusalueen 4.2 Sandhalsen-it\u00e4inen Spjutsund aloittamisesta. Osaprojektin budjetti 413 000 \u20ac.<\/td>\n<\/tr>\n<tr>\n<td width=\"90\"><strong>2018 marraskuu<\/strong><\/td>\n<td style=\"text-align: left;\" width=\"411\">Laajennusalueen tarjoukset avattiin ja todettiin, ett\u00e4 Mc Machine oli antanut parhaan tarjouksen. Hallitus p\u00e4\u00e4tti hyv\u00e4ksy\u00e4 tarjouksen.<\/td>\n<\/tr>\n<tr>\n<td width=\"90\"><strong>2018 marraskuu<\/strong><\/td>\n<td style=\"text-align: left;\" width=\"411\">Sopimus Sipoon Energian osallistumisesta laajennusalueella v\u00e4hint\u00e4\u00e4n 2 800 metrin kaivukustannuksiin allekirjoitettiin.<\/td>\n<\/tr>\n<tr>\n<td width=\"90\"><strong>2019 tammi-toukokuu<\/strong><\/td>\n<td style=\"text-align: left;\" width=\"411\">Laajennusalueen 4.2 rakentaminen vied\u00e4\u00e4n loppuun ja alue vastaanotetaan.<\/td>\n<\/tr>\n<tr>\n<td width=\"90\"><strong>2019 tammikuu<\/strong><\/td>\n<td style=\"text-align: left;\" width=\"411\">Tukihakemus valokuituverkon rakentamiseksi j\u00e4tet\u00e4\u00e4n ELY-keskukselle.<\/td>\n<\/tr>\n<tr>\n<td width=\"90\"><strong>2019 hein\u00e4kuu<\/strong><\/td>\n<td style=\"text-align: left;\" width=\"411\">ELY-keskuksesta tulee kielteinen p\u00e4\u00e4t\u00f6s kyseiseen tukihakemukseen.<\/td>\n<\/tr>\n<tr>\n<td width=\"90\"><strong>2019 syyskuu<\/strong><\/td>\n<td style=\"text-align: left;\" width=\"411\">Vesiosuuskunnan pankkilaina 100 000 \u20ac maksetaan takaisin.<\/td>\n<\/tr>\n<tr>\n<td width=\"90\"><strong>2021 kes\u00e4kuu<\/strong><\/td>\n<td style=\"text-align: left;\" width=\"411\">Tiedotustilaisuus L\u00f6par\u00f6n asukkaille V\/V- ja valokuituverkon laajentamisesta saaren l\u00e4nsi- ja luoteisalueille.<\/td>\n<\/tr>\n<tr>\n<td width=\"90\"><strong>2021 elokuu<\/strong><\/td>\n<td style=\"text-align: left;\" width=\"411\">Ehdollinen p\u00e4\u00e4t\u00f6s V\/V- ja valokaapeliverkon rakentamisesta L\u00f6par\u00f6n saaressa.<\/td>\n<\/tr>\n<tr>\n<td width=\"90\"><strong>2021 lokakuu<\/strong><\/td>\n<td style=\"text-align: left;\" width=\"411\">ELY-keskuksen tukihakemus valokuituverkon rahoittamiseksi L\u00f6par\u00f6ss\u00e4.<\/td>\n<\/tr>\n<tr>\n<td width=\"90\"><strong>2022 helmikuu<\/strong><\/td>\n<td style=\"text-align: left;\" width=\"411\">ELY-keskukselta kielteinen p\u00e4\u00e4t\u00f6s tukihakemukseen.<\/td>\n<\/tr>\n<\/tbody>\n<\/table>\n<p>&nbsp;<\/p>\n<p>&nbsp;<\/p>\n","protected":false},"excerpt":{"rendered":"<p>Tuumasta toimeen \u2013 oma menestystarinamme 2009 &#8211; 2010 Kun Sipoon kunta selvitt\u00e4\u00e4 mahdollisuutta laajentaa oman vesihuoltoverkkonsa Sivermaalla Tr\u00e4skbyn alueella, her\u00e4\u00e4<\/p>\n<p class=\"readmore\"><a href=\"http:\/\/www.kitoval.fi\/?page_id=460\" title=\"Read Osuuskunnan historiikki\">Read more &raquo;<\/a><\/p>\n","protected":false},"author":1,"featured_media":0,"parent":39,"menu_order":5,"comment_status":"closed","ping_status":"closed","template":"","meta":{"_monsterinsights_skip_tracking":false,"_monsterinsights_sitenote_active":false,"_monsterinsights_sitenote_note":"","_monsterinsights_sitenote_category":0,"footnotes":""},"class_list":["post-460","page","type-page","status-publish","hentry"],"_links":{"self":[{"href":"http:\/\/www.kitoval.fi\/index.php?rest_route=\/wp\/v2\/pages\/460"}],"collection":[{"href":"http:\/\/www.kitoval.fi\/index.php?rest_route=\/wp\/v2\/pages"}],"about":[{"href":"http:\/\/www.kitoval.fi\/index.php?rest_route=\/wp\/v2\/types\/page"}],"author":[{"embeddable":true,"href":"http:\/\/www.kitoval.fi\/index.php?rest_route=\/wp\/v2\/users\/1"}],"replies":[{"embeddable":true,"href":"http:\/\/www.kitoval.fi\/index.php?rest_route=%2Fwp%2Fv2%2Fcomments&post=460"}],"version-history":[{"count":9,"href":"http:\/\/www.kitoval.fi\/index.php?rest_route=\/wp\/v2\/pages\/460\/revisions"}],"predecessor-version":[{"id":1018,"href":"http:\/\/www.kitoval.fi\/index.php?rest_route=\/wp\/v2\/pages\/460\/revisions\/1018"}],"up":[{"embeddable":true,"href":"http:\/\/www.kitoval.fi\/index.php?rest_route=\/wp\/v2\/pages\/39"}],"wp:attachment":[{"href":"http:\/\/www.kitoval.fi\/index.php?rest_route=%2Fwp%2Fv2%2Fmedia&parent=460"}],"curies":[{"name":"wp","href":"https:\/\/api.w.org\/{rel}","templated":true}]}}