{"id":503,"date":"2016-04-20T14:04:38","date_gmt":"2016-04-20T11:04:38","guid":{"rendered":"http:\/\/www.kitoval.fi\/?page_id=503"},"modified":"2024-03-13T20:18:31","modified_gmt":"2024-03-13T18:18:31","slug":"sopimuslomakkeet","status":"publish","type":"page","link":"http:\/\/www.kitoval.fi\/?page_id=503","title":{"rendered":"Sopimuslomakkeet"},"content":{"rendered":"<p><a href=\"http:\/\/www.kitoval.fi\/wp-content\/uploads\/2016\/04\/Bruksavtal-Kayttosopimus_2024.docx\">K\u00e4ytt\u00f6sopimus 2024<\/a><br \/>\n<a href=\"http:\/\/www.kitoval.fi\/wp-content\/uploads\/2016\/04\/Liittymisehdot_24-5-2016.pdf\">Liittymisehdot<\/a><br \/>\n<a href=\"http:\/\/www.kitoval.fi\/wp-content\/uploads\/2016\/04\/liittymisehdot_muutos150619.pdf\">Liittymisehdot (muutos 15.6.2019)<\/a><br \/>\n<a href=\"http:\/\/www.kitoval.fi\/wp-content\/uploads\/2016\/04\/yltoimitusehdot.pdf\">Vesihuoltolaitoksen yleiset toimitusehdot<\/a><br \/>\n<a href=\"http:\/\/www.kitoval.fi\/wp-content\/uploads\/2016\/04\/Uudet_liittymat_info.pdf\">Uudet liittym\u00e4t runkolinjaan -info<\/a><\/p>\n<p>Kit\u00f6n Vesiosuuskunnan V\/V- ja valokaapeliverkon rakentaminen nykyiselle alueelle, joka k\u00e4sitt\u00e4\u00e4 saaret it\u00e4inen L\u00f6par\u00f6, Kit\u00f6 ja Sandholmenin, sek\u00e4 mantereella N\u00e4setin, Spjutsundin kyl\u00e4n, Hemisn\u00e4setin ja Sandviksuddenin alueet, saatiin p\u00e4\u00e4t\u00f6kseen kev\u00e4\u00e4ll\u00e4 2019. Viime vuosina olemassa olevaan verkostoon on liittynyt useita uusia k\u00e4ytt\u00e4ji\u00e4. Palveluista kiinnostuneita kehotetaan ottamaan yhteytt\u00e4 vesiosuuskuntaan ja tutustumaan liittymisen<br \/>\nehtoihin ja kustannuksiin yll\u00e4 olevasta linkist\u00e4 \u201dUudet liittym\u00e4t runkolinjaan\u201d.<\/p>\n<p>Vesiosuuskunta on tarkastellut V\/V- ja valokaapeliverkon laajentamista L\u00f6par\u00f6n luoteis- ja l\u00e4nsialueille. Alustavia putkivetoja on suunniteltu ja kustannuksia arvioitu. Jotta p\u00e4\u00e4t\u00f6s rakentamisesta voitaisiin tehd\u00e4, on varmistuttava riitt\u00e4v\u00e4n monen liittyj\u00e4n sitoutumisesta projektiin, jotta liittymismaksu voidaan pit\u00e4\u00e4 kohtuullisena. Toistaiseksi taloudelliset edellytykset laajentamisen aloittamiseksi eiv\u00e4t ole toteutuneet.<\/p>\n","protected":false},"excerpt":{"rendered":"<p>K\u00e4ytt\u00f6sopimus 2024 Liittymisehdot Liittymisehdot (muutos 15.6.2019) Vesihuoltolaitoksen yleiset toimitusehdot Uudet liittym\u00e4t runkolinjaan -info Kit\u00f6n Vesiosuuskunnan V\/V- ja valokaapeliverkon rakentaminen nykyiselle<\/p>\n<p class=\"readmore\"><a href=\"http:\/\/www.kitoval.fi\/?page_id=503\" title=\"Read Sopimuslomakkeet\">Read more &raquo;<\/a><\/p>\n","protected":false},"author":1,"featured_media":0,"parent":121,"menu_order":5,"comment_status":"closed","ping_status":"closed","template":"","meta":{"_monsterinsights_skip_tracking":false,"_monsterinsights_sitenote_active":false,"_monsterinsights_sitenote_note":"","_monsterinsights_sitenote_category":0,"footnotes":""},"class_list":["post-503","page","type-page","status-publish","hentry"],"_links":{"self":[{"href":"http:\/\/www.kitoval.fi\/index.php?rest_route=\/wp\/v2\/pages\/503"}],"collection":[{"href":"http:\/\/www.kitoval.fi\/index.php?rest_route=\/wp\/v2\/pages"}],"about":[{"href":"http:\/\/www.kitoval.fi\/index.php?rest_route=\/wp\/v2\/types\/page"}],"author":[{"embeddable":true,"href":"http:\/\/www.kitoval.fi\/index.php?rest_route=\/wp\/v2\/users\/1"}],"replies":[{"embeddable":true,"href":"http:\/\/www.kitoval.fi\/index.php?rest_route=%2Fwp%2Fv2%2Fcomments&post=503"}],"version-history":[{"count":12,"href":"http:\/\/www.kitoval.fi\/index.php?rest_route=\/wp\/v2\/pages\/503\/revisions"}],"predecessor-version":[{"id":1047,"href":"http:\/\/www.kitoval.fi\/index.php?rest_route=\/wp\/v2\/pages\/503\/revisions\/1047"}],"up":[{"embeddable":true,"href":"http:\/\/www.kitoval.fi\/index.php?rest_route=\/wp\/v2\/pages\/121"}],"wp:attachment":[{"href":"http:\/\/www.kitoval.fi\/index.php?rest_route=%2Fwp%2Fv2%2Fmedia&parent=503"}],"curies":[{"name":"wp","href":"https:\/\/api.w.org\/{rel}","templated":true}]}}