{"id":525,"date":"2016-05-24T20:14:04","date_gmt":"2016-05-24T17:14:04","guid":{"rendered":"http:\/\/www.kitoval.fi\/?page_id=525"},"modified":"2023-05-29T16:00:18","modified_gmt":"2023-05-29T13:00:18","slug":"2016-2","status":"publish","type":"page","link":"http:\/\/www.kitoval.fi\/?page_id=525","title":{"rendered":"2016"},"content":{"rendered":"<p><strong>Varsinainen osuuskuntakokous 18.6.2016<br \/>\n<\/strong><a href=\"http:\/\/www.kitoval.fi\/wp-content\/uploads\/2016\/05\/Kitovatten_PoytakirjaVuosikokous2016.pdf\">P\u00f6yt\u00e4kirja<\/a>\u00a0(PDF)<strong><a href=\"http:\/\/www.kitoval.fi\/wp-content\/uploads\/2016\/05\/Kitovatten_PoytakirjaVuosikokous2016.pdf\"><br \/>\n<\/a><\/strong><a href=\"http:\/\/www.kitoval.fi\/wp-content\/uploads\/2016\/05\/Kokouskutsu-Vuosikokous-2016.pdf\">Kokouskutsu<\/a> (PDF)<br \/>\n<a href=\"http:\/\/www.kitoval.fi\/wp-content\/uploads\/2016\/04\/Liittymisehdot_24-5-2016.pdf\">Ehdotus liittymisehdoiksi<\/a>\u00a0(PDF)<br \/>\n<a href=\"http:\/\/www.kitoval.fi\/wp-content\/uploads\/2016\/05\/Kit\u00f6-revisionsber\u00e4ttelse-2015.pdf\">Toimintakertomus (ruotsiksi)<\/a> (PDF)<br \/>\n<a href=\"http:\/\/www.kitoval.fi\/wp-content\/uploads\/2016\/05\/Kit\u00f6-bokslut-undertecknad-2015-.pdf\">Tilinp\u00e4\u00e4t\u00f6s<\/a> (PDF)<br \/>\n<a href=\"http:\/\/www.kitoval.fi\/wp-content\/uploads\/2016\/05\/Plan-2016.pdf\">Tavoitteet vuodelle 2016<\/a> (PDF)<br \/>\n<a href=\"http:\/\/www.kitoval.fi\/wp-content\/uploads\/2016\/05\/Budget-2016.pdf\">Talousarvio vuodelle 2016<\/a> (PDF)<\/p>\n","protected":false},"excerpt":{"rendered":"<p>Varsinainen osuuskuntakokous 18.6.2016 P\u00f6yt\u00e4kirja\u00a0(PDF) Kokouskutsu (PDF) Ehdotus liittymisehdoiksi\u00a0(PDF) Toimintakertomus (ruotsiksi) (PDF) Tilinp\u00e4\u00e4t\u00f6s (PDF) Tavoitteet vuodelle 2016 (PDF) Talousarvio vuodelle 2016<\/p>\n<p class=\"readmore\"><a href=\"http:\/\/www.kitoval.fi\/?page_id=525\" title=\"Read 2016\">Read more &raquo;<\/a><\/p>\n","protected":false},"author":1,"featured_media":0,"parent":51,"menu_order":8,"comment_status":"closed","ping_status":"closed","template":"","meta":{"_monsterinsights_skip_tracking":false,"_monsterinsights_sitenote_active":false,"_monsterinsights_sitenote_note":"","_monsterinsights_sitenote_category":0,"footnotes":""},"class_list":["post-525","page","type-page","status-publish","hentry"],"_links":{"self":[{"href":"http:\/\/www.kitoval.fi\/index.php?rest_route=\/wp\/v2\/pages\/525"}],"collection":[{"href":"http:\/\/www.kitoval.fi\/index.php?rest_route=\/wp\/v2\/pages"}],"about":[{"href":"http:\/\/www.kitoval.fi\/index.php?rest_route=\/wp\/v2\/types\/page"}],"author":[{"embeddable":true,"href":"http:\/\/www.kitoval.fi\/index.php?rest_route=\/wp\/v2\/users\/1"}],"replies":[{"embeddable":true,"href":"http:\/\/www.kitoval.fi\/index.php?rest_route=%2Fwp%2Fv2%2Fcomments&post=525"}],"version-history":[{"count":6,"href":"http:\/\/www.kitoval.fi\/index.php?rest_route=\/wp\/v2\/pages\/525\/revisions"}],"predecessor-version":[{"id":718,"href":"http:\/\/www.kitoval.fi\/index.php?rest_route=\/wp\/v2\/pages\/525\/revisions\/718"}],"up":[{"embeddable":true,"href":"http:\/\/www.kitoval.fi\/index.php?rest_route=\/wp\/v2\/pages\/51"}],"wp:attachment":[{"href":"http:\/\/www.kitoval.fi\/index.php?rest_route=%2Fwp%2Fv2%2Fmedia&parent=525"}],"curies":[{"name":"wp","href":"https:\/\/api.w.org\/{rel}","templated":true}]}}