{"id":695,"date":"2018-06-10T22:32:25","date_gmt":"2018-06-10T19:32:25","guid":{"rendered":"http:\/\/www.kitoval.fi\/?page_id=695"},"modified":"2023-05-29T16:00:06","modified_gmt":"2023-05-29T13:00:06","slug":"2018-2","status":"publish","type":"page","link":"http:\/\/www.kitoval.fi\/?page_id=695","title":{"rendered":"2018"},"content":{"rendered":"<p><strong>Varsinainen osuuskuntakokous 16.6.2018<br \/>\n<\/strong><a href=\"http:\/\/www.kitoval.fi\/wp-content\/uploads\/2018\/06\/poytakirja_vuosikokous_2018.pdf\">P\u00f6yt\u00e4kirja<\/a> (PDF)<strong><br \/>\n<\/strong><a href=\"http:\/\/www.kitoval.fi\/wp-content\/uploads\/2018\/06\/kokouskutsu_vuosikokous_2018.pdf\">Kokouskutsu<\/a>\u00a0(PDF)<br \/>\n<a href=\"http:\/\/www.kitoval.fi\/wp-content\/uploads\/2018\/06\/vuosikokouksen_perusagenda.pdf\">Perusagenda<\/a>\u00a0(PDF)<br \/>\n<a href=\"http:\/\/www.kitoval.fi\/wp-content\/uploads\/2018\/06\/2017_Vuosikertomus.pdf\">Vuosikertomus 2017<\/a>\u00a0(PDF)<br \/>\n<a href=\"http:\/\/www.kitoval.fi\/wp-content\/uploads\/2018\/06\/Kitoval_tilinpaatos_ja_kertomus_2017.pdf\">Tilintarkastuskertomus ja tilinp\u00e4\u00e4t\u00f6s 2017<\/a>\u00a0(PDF)<br \/>\n<a href=\"http:\/\/www.kitoval.fi\/wp-content\/uploads\/2018\/06\/2018_Tavoitteet.pdf\">Tavoitteet vuodelle 2018<\/a>\u00a0(PDF)<strong><br \/>\n<\/strong><\/p>\n","protected":false},"excerpt":{"rendered":"<p>Varsinainen osuuskuntakokous 16.6.2018 P\u00f6yt\u00e4kirja (PDF) Kokouskutsu\u00a0(PDF) Perusagenda\u00a0(PDF) Vuosikertomus 2017\u00a0(PDF) Tilintarkastuskertomus ja tilinp\u00e4\u00e4t\u00f6s 2017\u00a0(PDF) Tavoitteet vuodelle 2018\u00a0(PDF)<\/p>\n","protected":false},"author":1,"featured_media":0,"parent":51,"menu_order":7,"comment_status":"closed","ping_status":"closed","template":"","meta":{"_monsterinsights_skip_tracking":false,"_monsterinsights_sitenote_active":false,"_monsterinsights_sitenote_note":"","_monsterinsights_sitenote_category":0,"footnotes":""},"class_list":["post-695","page","type-page","status-publish","hentry"],"_links":{"self":[{"href":"http:\/\/www.kitoval.fi\/index.php?rest_route=\/wp\/v2\/pages\/695"}],"collection":[{"href":"http:\/\/www.kitoval.fi\/index.php?rest_route=\/wp\/v2\/pages"}],"about":[{"href":"http:\/\/www.kitoval.fi\/index.php?rest_route=\/wp\/v2\/types\/page"}],"author":[{"embeddable":true,"href":"http:\/\/www.kitoval.fi\/index.php?rest_route=\/wp\/v2\/users\/1"}],"replies":[{"embeddable":true,"href":"http:\/\/www.kitoval.fi\/index.php?rest_route=%2Fwp%2Fv2%2Fcomments&post=695"}],"version-history":[{"count":4,"href":"http:\/\/www.kitoval.fi\/index.php?rest_route=\/wp\/v2\/pages\/695\/revisions"}],"predecessor-version":[{"id":704,"href":"http:\/\/www.kitoval.fi\/index.php?rest_route=\/wp\/v2\/pages\/695\/revisions\/704"}],"up":[{"embeddable":true,"href":"http:\/\/www.kitoval.fi\/index.php?rest_route=\/wp\/v2\/pages\/51"}],"wp:attachment":[{"href":"http:\/\/www.kitoval.fi\/index.php?rest_route=%2Fwp%2Fv2%2Fmedia&parent=695"}],"curies":[{"name":"wp","href":"https:\/\/api.w.org\/{rel}","templated":true}]}}