{"id":741,"date":"2019-06-09T21:02:21","date_gmt":"2019-06-09T18:02:21","guid":{"rendered":"http:\/\/www.kitoval.fi\/?page_id=741"},"modified":"2023-05-29T16:00:01","modified_gmt":"2023-05-29T13:00:01","slug":"2019-2","status":"publish","type":"page","link":"http:\/\/www.kitoval.fi\/?page_id=741","title":{"rendered":"2019"},"content":{"rendered":"<p><strong>Varsinainen osuuskuntakokous 15.6.2019<\/strong><a href=\"http:\/\/www.kitoval.fi\/wp-content\/uploads\/2019\/06\/Moteskallelse_Arsmote_2019.pdf\"><br \/>\n<\/a><a href=\"http:\/\/www.kitoval.fi\/wp-content\/uploads\/2019\/06\/Kokouskutsu_Vuosikokous_2019.pdf\"><\/a><a href=\"http:\/\/www.kitoval.fi\/wp-content\/uploads\/2019\/06\/poytakirjavuosikokous2019.pdf\">P\u00f6yt\u00e4kirja<\/a> (PDF)<a href=\"http:\/\/www.kitoval.fi\/wp-content\/uploads\/2019\/06\/poytakirjavuosikokous2019.pdf\"><\/a><a href=\"http:\/\/www.kitoval.fi\/wp-content\/uploads\/2019\/06\/poytakirjavuosikokous2019.pdf\"><\/a><a href=\"http:\/\/www.kitoval.fi\/wp-content\/uploads\/2019\/06\/Kokouskutsu_Vuosikokous_2019.pdf\"><br \/>\nKokouskutsu<\/a>\u00a0(PDF)<a href=\"http:\/\/www.kitoval.fi\/wp-content\/uploads\/2019\/06\/Kokouskutsu_Vuosikokous_2019.pdf\"><br \/>\n<\/a><a href=\"http:\/\/www.kitoval.fi\/wp-content\/uploads\/2019\/06\/2018_Vuosikertomus.pdf\">Vuosikertomus 2018<\/a>\u00a0(PDF)<a href=\"http:\/\/www.kitoval.fi\/wp-content\/uploads\/2019\/06\/2019_arsmotet_basagenda.pdf\"><br \/>\n<\/a><a href=\"http:\/\/www.kitoval.fi\/wp-content\/uploads\/2019\/06\/2019_vuosikokouksen_perusagenda.pdf\">Perusagenda<\/a>\u00a0(PDF)<br \/>\n<a href=\"http:\/\/www.kitoval.fi\/wp-content\/uploads\/2019\/06\/2019_Budjet_Talousarvio.pdf\">Talousarvio 2019<\/a>\u00a0(PDF)<br \/>\n<a href=\"http:\/\/www.kitoval.fi\/wp-content\/uploads\/2019\/06\/2019_tilinpaatos_TKK.pdf\">Toiminnantarkastuskertomus ja tilinp\u00e4\u00e4t\u00f6s 2018<\/a>\u00a0(PDF)<br \/>\n<a href=\"http:\/\/www.kitoval.fi\/wp-content\/uploads\/2019\/06\/Liittymisehdot_muutos_150619.pdf\">Muutos liittymisehtoihin<\/a> (PDF)<strong><br \/>\n<\/strong><\/p>\n","protected":false},"excerpt":{"rendered":"<p>Varsinainen osuuskuntakokous 15.6.2019 P\u00f6yt\u00e4kirja (PDF) Kokouskutsu\u00a0(PDF) Vuosikertomus 2018\u00a0(PDF) Perusagenda\u00a0(PDF) Talousarvio 2019\u00a0(PDF) Toiminnantarkastuskertomus ja tilinp\u00e4\u00e4t\u00f6s 2018\u00a0(PDF) Muutos liittymisehtoihin (PDF)<\/p>\n","protected":false},"author":1,"featured_media":0,"parent":51,"menu_order":6,"comment_status":"closed","ping_status":"closed","template":"","meta":{"_monsterinsights_skip_tracking":false,"_monsterinsights_sitenote_active":false,"_monsterinsights_sitenote_note":"","_monsterinsights_sitenote_category":0,"footnotes":""},"class_list":["post-741","page","type-page","status-publish","hentry"],"_links":{"self":[{"href":"http:\/\/www.kitoval.fi\/index.php?rest_route=\/wp\/v2\/pages\/741"}],"collection":[{"href":"http:\/\/www.kitoval.fi\/index.php?rest_route=\/wp\/v2\/pages"}],"about":[{"href":"http:\/\/www.kitoval.fi\/index.php?rest_route=\/wp\/v2\/types\/page"}],"author":[{"embeddable":true,"href":"http:\/\/www.kitoval.fi\/index.php?rest_route=\/wp\/v2\/users\/1"}],"replies":[{"embeddable":true,"href":"http:\/\/www.kitoval.fi\/index.php?rest_route=%2Fwp%2Fv2%2Fcomments&post=741"}],"version-history":[{"count":3,"href":"http:\/\/www.kitoval.fi\/index.php?rest_route=\/wp\/v2\/pages\/741\/revisions"}],"predecessor-version":[{"id":755,"href":"http:\/\/www.kitoval.fi\/index.php?rest_route=\/wp\/v2\/pages\/741\/revisions\/755"}],"up":[{"embeddable":true,"href":"http:\/\/www.kitoval.fi\/index.php?rest_route=\/wp\/v2\/pages\/51"}],"wp:attachment":[{"href":"http:\/\/www.kitoval.fi\/index.php?rest_route=%2Fwp%2Fv2%2Fmedia&parent=741"}],"curies":[{"name":"wp","href":"https:\/\/api.w.org\/{rel}","templated":true}]}}