{"id":92,"date":"2015-10-08T14:17:41","date_gmt":"2015-10-08T11:17:41","guid":{"rendered":"http:\/\/www.kitoval.fi\/?page_id=92"},"modified":"2023-05-29T16:01:12","modified_gmt":"2023-05-29T13:01:12","slug":"vuosikokoukset","status":"publish","type":"page","link":"http:\/\/www.kitoval.fi\/?page_id=92","title":{"rendered":"2010"},"content":{"rendered":"<p><strong>Kyl\u00e4kokous 11.3.2010<br \/>\n<\/strong>Lataa p\u00f6yt\u00e4kirja PDF-muodossa t\u00e4st\u00e4:\u00a0<a href=\"http:\/\/www.kitoval.fi\/wp-content\/uploads\/2015\/10\/poytakirja2010.pdf\">P\u00f6yt\u00e4kirja<\/a><\/p>\n","protected":false},"excerpt":{"rendered":"<p>Kyl\u00e4kokous 11.3.2010 Lataa p\u00f6yt\u00e4kirja PDF-muodossa t\u00e4st\u00e4:\u00a0P\u00f6yt\u00e4kirja<\/p>\n","protected":false},"author":1,"featured_media":0,"parent":51,"menu_order":14,"comment_status":"closed","ping_status":"closed","template":"","meta":{"_monsterinsights_skip_tracking":false,"_monsterinsights_sitenote_active":false,"_monsterinsights_sitenote_note":"","_monsterinsights_sitenote_category":0,"footnotes":""},"class_list":["post-92","page","type-page","status-publish","hentry"],"_links":{"self":[{"href":"http:\/\/www.kitoval.fi\/index.php?rest_route=\/wp\/v2\/pages\/92"}],"collection":[{"href":"http:\/\/www.kitoval.fi\/index.php?rest_route=\/wp\/v2\/pages"}],"about":[{"href":"http:\/\/www.kitoval.fi\/index.php?rest_route=\/wp\/v2\/types\/page"}],"author":[{"embeddable":true,"href":"http:\/\/www.kitoval.fi\/index.php?rest_route=\/wp\/v2\/users\/1"}],"replies":[{"embeddable":true,"href":"http:\/\/www.kitoval.fi\/index.php?rest_route=%2Fwp%2Fv2%2Fcomments&post=92"}],"version-history":[{"count":5,"href":"http:\/\/www.kitoval.fi\/index.php?rest_route=\/wp\/v2\/pages\/92\/revisions"}],"predecessor-version":[{"id":279,"href":"http:\/\/www.kitoval.fi\/index.php?rest_route=\/wp\/v2\/pages\/92\/revisions\/279"}],"up":[{"embeddable":true,"href":"http:\/\/www.kitoval.fi\/index.php?rest_route=\/wp\/v2\/pages\/51"}],"wp:attachment":[{"href":"http:\/\/www.kitoval.fi\/index.php?rest_route=%2Fwp%2Fv2%2Fmedia&parent=92"}],"curies":[{"name":"wp","href":"https:\/\/api.w.org\/{rel}","templated":true}]}}