{"id":932,"date":"2022-06-06T15:25:14","date_gmt":"2022-06-06T12:25:14","guid":{"rendered":"http:\/\/www.kitoval.fi\/?page_id=932"},"modified":"2023-05-29T16:09:02","modified_gmt":"2023-05-29T13:09:02","slug":"2022-2","status":"publish","type":"page","link":"http:\/\/www.kitoval.fi\/?page_id=932","title":{"rendered":"2022"},"content":{"rendered":"<p><strong>Ordinarie andelsst\u00e4mma 11.6.2022<\/strong><br \/>\n<a href=\"http:\/\/www.kitoval.fi\/wp-content\/uploads\/2022\/06\/protokoll_arsmote2022.pdf\">Protokoll 2022<\/a><br \/>\n<a href=\"http:\/\/www.kitoval.fi\/wp-content\/uploads\/2022\/06\/Revisionsberattelse2021.pdf\">Revisionsber\u00e4ttelse 2021<\/a> (PDF)<br \/>\n<a href=\"http:\/\/www.kitoval.fi\/wp-content\/uploads\/2022\/06\/MoteskallelseArsmote2022.pdf\">M\u00f6teskallelse<\/a> (PDF)<br \/>\n<a href=\"http:\/\/www.kitoval.fi\/wp-content\/uploads\/2022\/06\/Arsberattelse2021.pdf\">\u00c5rsber\u00e4ttelse 2021<\/a> (PDF)<br \/>\n<a href=\"http:\/\/www.kitoval.fi\/wp-content\/uploads\/2022\/06\/ArsmoteBasagenda2022.pdf\">Basagenda 2022<\/a> (PDF)<br \/>\n<a href=\"http:\/\/www.kitoval.fi\/wp-content\/uploads\/2022\/06\/Budget2022.pdf\">Budget 2022<\/a> (PDF)<br \/>\n<a href=\"http:\/\/www.kitoval.fi\/wp-content\/uploads\/2022\/06\/Bokslut2021b.pdf\">Bokslut 2021<\/a> (PDF, uppdaterad)<br \/>\n<a href=\"http:\/\/www.kitoval.fi\/wp-content\/uploads\/2022\/06\/Plan2022.pdf\">Plan 2022<\/a> (PDF)<\/p>\n","protected":false},"excerpt":{"rendered":"<p>Ordinarie andelsst\u00e4mma 11.6.2022 Protokoll 2022 Revisionsber\u00e4ttelse 2021 (PDF) M\u00f6teskallelse (PDF) \u00c5rsber\u00e4ttelse 2021 (PDF) Basagenda 2022 (PDF) Budget 2022 (PDF) Bokslut<\/p>\n<p class=\"readmore\"><a href=\"http:\/\/www.kitoval.fi\/?page_id=932\" title=\"Read 2022\">Read more &raquo;<\/a><\/p>\n","protected":false},"author":1,"featured_media":0,"parent":49,"menu_order":3,"comment_status":"closed","ping_status":"closed","template":"","meta":{"_monsterinsights_skip_tracking":false,"_monsterinsights_sitenote_active":false,"_monsterinsights_sitenote_note":"","_monsterinsights_sitenote_category":0,"footnotes":""},"class_list":["post-932","page","type-page","status-publish","hentry"],"_links":{"self":[{"href":"http:\/\/www.kitoval.fi\/index.php?rest_route=\/wp\/v2\/pages\/932"}],"collection":[{"href":"http:\/\/www.kitoval.fi\/index.php?rest_route=\/wp\/v2\/pages"}],"about":[{"href":"http:\/\/www.kitoval.fi\/index.php?rest_route=\/wp\/v2\/types\/page"}],"author":[{"embeddable":true,"href":"http:\/\/www.kitoval.fi\/index.php?rest_route=\/wp\/v2\/users\/1"}],"replies":[{"embeddable":true,"href":"http:\/\/www.kitoval.fi\/index.php?rest_route=%2Fwp%2Fv2%2Fcomments&post=932"}],"version-history":[{"count":7,"href":"http:\/\/www.kitoval.fi\/index.php?rest_route=\/wp\/v2\/pages\/932\/revisions"}],"predecessor-version":[{"id":988,"href":"http:\/\/www.kitoval.fi\/index.php?rest_route=\/wp\/v2\/pages\/932\/revisions\/988"}],"up":[{"embeddable":true,"href":"http:\/\/www.kitoval.fi\/index.php?rest_route=\/wp\/v2\/pages\/49"}],"wp:attachment":[{"href":"http:\/\/www.kitoval.fi\/index.php?rest_route=%2Fwp%2Fv2%2Fmedia&parent=932"}],"curies":[{"name":"wp","href":"https:\/\/api.w.org\/{rel}","templated":true}]}}