{"id":934,"date":"2022-06-06T15:25:23","date_gmt":"2022-06-06T12:25:23","guid":{"rendered":"http:\/\/www.kitoval.fi\/?page_id=934"},"modified":"2023-05-29T15:59:40","modified_gmt":"2023-05-29T12:59:40","slug":"2022-2","status":"publish","type":"page","link":"http:\/\/www.kitoval.fi\/?page_id=934","title":{"rendered":"2022"},"content":{"rendered":"<p><strong>Varsinainen osuuskuntakokous 11.6.2022<\/strong><br \/>\n<a href=\"http:\/\/www.kitoval.fi\/wp-content\/uploads\/2022\/06\/protokoll_arsmote2022.pdf\">P\u00f6yt\u00e4kirja 2022<\/a><br \/>\n<a href=\"http:\/\/www.kitoval.fi\/wp-content\/uploads\/2022\/06\/Tilintarkastuskertomus2021.pdf\">Tilintarkastuskertomus 2021<\/a> (PDF)<br \/>\n<a href=\"http:\/\/www.kitoval.fi\/wp-content\/uploads\/2022\/06\/KokouskutsuVuosikokous2022.pdf\">Kokouskutsu<\/a> (PDF)<br \/>\n<a href=\"http:\/\/www.kitoval.fi\/wp-content\/uploads\/2022\/06\/Vuosikertomus2021.pdf\">Vuosikertomus 2021<\/a> (PDF)<br \/>\n<a href=\"http:\/\/www.kitoval.fi\/wp-content\/uploads\/2022\/06\/VuosikokousPerusagenda2022.pdf\">Perusagenda 2022<\/a> (PDF)<br \/>\n<a href=\"http:\/\/www.kitoval.fi\/wp-content\/uploads\/2022\/06\/Talousarvio2022.pdf\">Talousarvio 2022<\/a> (PDF)<br \/>\n<a href=\"http:\/\/www.kitoval.fi\/wp-content\/uploads\/2022\/06\/Tilinpaatos2021b.pdf\">Tilinp\u00e4\u00e4t\u00f6s 2021<\/a> (PDF, p\u00e4ivitetty)<br \/>\n<a href=\"http:\/\/www.kitoval.fi\/wp-content\/uploads\/2022\/06\/Tavoitteet2022.pdf\">Tavoitteet 2022<\/a> (PDF)<\/p>\n","protected":false},"excerpt":{"rendered":"<p>Varsinainen osuuskuntakokous 11.6.2022 P\u00f6yt\u00e4kirja 2022 Tilintarkastuskertomus 2021 (PDF) Kokouskutsu (PDF) Vuosikertomus 2021 (PDF) Perusagenda 2022 (PDF) Talousarvio 2022 (PDF) Tilinp\u00e4\u00e4t\u00f6s<\/p>\n<p class=\"readmore\"><a href=\"http:\/\/www.kitoval.fi\/?page_id=934\" title=\"Read 2022\">Read more &raquo;<\/a><\/p>\n","protected":false},"author":1,"featured_media":0,"parent":51,"menu_order":3,"comment_status":"closed","ping_status":"closed","template":"","meta":{"_monsterinsights_skip_tracking":false,"_monsterinsights_sitenote_active":false,"_monsterinsights_sitenote_note":"","_monsterinsights_sitenote_category":0,"footnotes":""},"class_list":["post-934","page","type-page","status-publish","hentry"],"_links":{"self":[{"href":"http:\/\/www.kitoval.fi\/index.php?rest_route=\/wp\/v2\/pages\/934"}],"collection":[{"href":"http:\/\/www.kitoval.fi\/index.php?rest_route=\/wp\/v2\/pages"}],"about":[{"href":"http:\/\/www.kitoval.fi\/index.php?rest_route=\/wp\/v2\/types\/page"}],"author":[{"embeddable":true,"href":"http:\/\/www.kitoval.fi\/index.php?rest_route=\/wp\/v2\/users\/1"}],"replies":[{"embeddable":true,"href":"http:\/\/www.kitoval.fi\/index.php?rest_route=%2Fwp%2Fv2%2Fcomments&post=934"}],"version-history":[{"count":6,"href":"http:\/\/www.kitoval.fi\/index.php?rest_route=\/wp\/v2\/pages\/934\/revisions"}],"predecessor-version":[{"id":965,"href":"http:\/\/www.kitoval.fi\/index.php?rest_route=\/wp\/v2\/pages\/934\/revisions\/965"}],"up":[{"embeddable":true,"href":"http:\/\/www.kitoval.fi\/index.php?rest_route=\/wp\/v2\/pages\/51"}],"wp:attachment":[{"href":"http:\/\/www.kitoval.fi\/index.php?rest_route=%2Fwp%2Fv2%2Fmedia&parent=934"}],"curies":[{"name":"wp","href":"https:\/\/api.w.org\/{rel}","templated":true}]}}