{"id":972,"date":"2023-05-29T15:58:46","date_gmt":"2023-05-29T12:58:46","guid":{"rendered":"http:\/\/www.kitoval.fi\/?page_id=972"},"modified":"2024-06-09T21:59:43","modified_gmt":"2024-06-09T18:59:43","slug":"2023-2","status":"publish","type":"page","link":"http:\/\/www.kitoval.fi\/?page_id=972","title":{"rendered":"2023"},"content":{"rendered":"<p><strong>Varsinainen osuuskuntakokous 10.6.2023<\/strong><br \/>\n<a href=\"http:\/\/www.kitoval.fi\/wp-content\/uploads\/2023\/05\/poytakirja_vuosikokous2023.pdf\">P\u00f6yt\u00e4kirja 2023<\/a><br \/>\n<a href=\"http:\/\/www.kitoval.fi\/wp-content\/uploads\/2023\/05\/2023_Kokouskutsu_Vuosikokous.pdf\">Kokouskutsu<\/a> (PDF)<br \/>\n<a href=\"http:\/\/www.kitoval.fi\/wp-content\/uploads\/2023\/05\/2022_Vuosikertomus.pdf\">Vuosikertomus 2022<\/a> (PDF)<br \/>\n<a href=\"http:\/\/www.kitoval.fi\/wp-content\/uploads\/2023\/05\/2023_vuosikokous_perusagenda.pdf\">Perusagenda 2023<\/a> (PDF)<br \/>\n<a href=\"http:\/\/www.kitoval.fi\/wp-content\/uploads\/2023\/05\/2023_Talousarvio.pdf\">Talousarvio 2023<\/a> (PDF)<br \/>\n<a href=\"http:\/\/www.kitoval.fi\/wp-content\/uploads\/2023\/05\/2022_bokslut_2022_underskriven.pdf\">Tilinp\u00e4\u00e4t\u00f6s 2022<\/a> (PDF)<br \/>\n<a href=\"http:\/\/www.kitoval.fi\/wp-content\/uploads\/2023\/05\/2022_Tilintarkastuskertomus.pdf\">Tilintarkastuskertomus 2022<\/a> (PDF)<\/p>\n","protected":false},"excerpt":{"rendered":"<p>Varsinainen osuuskuntakokous 10.6.2023 P\u00f6yt\u00e4kirja 2023 Kokouskutsu (PDF) Vuosikertomus 2022 (PDF) Perusagenda 2023 (PDF) Talousarvio 2023 (PDF) Tilinp\u00e4\u00e4t\u00f6s 2022 (PDF) Tilintarkastuskertomus<\/p>\n<p class=\"readmore\"><a href=\"http:\/\/www.kitoval.fi\/?page_id=972\" title=\"Read 2023\">Read more &raquo;<\/a><\/p>\n","protected":false},"author":1,"featured_media":0,"parent":51,"menu_order":2,"comment_status":"closed","ping_status":"closed","template":"","meta":{"_monsterinsights_skip_tracking":false,"_monsterinsights_sitenote_active":false,"_monsterinsights_sitenote_note":"","_monsterinsights_sitenote_category":0,"footnotes":""},"class_list":["post-972","page","type-page","status-publish","hentry"],"_links":{"self":[{"href":"http:\/\/www.kitoval.fi\/index.php?rest_route=\/wp\/v2\/pages\/972"}],"collection":[{"href":"http:\/\/www.kitoval.fi\/index.php?rest_route=\/wp\/v2\/pages"}],"about":[{"href":"http:\/\/www.kitoval.fi\/index.php?rest_route=\/wp\/v2\/types\/page"}],"author":[{"embeddable":true,"href":"http:\/\/www.kitoval.fi\/index.php?rest_route=\/wp\/v2\/users\/1"}],"replies":[{"embeddable":true,"href":"http:\/\/www.kitoval.fi\/index.php?rest_route=%2Fwp%2Fv2%2Fcomments&post=972"}],"version-history":[{"count":6,"href":"http:\/\/www.kitoval.fi\/index.php?rest_route=\/wp\/v2\/pages\/972\/revisions"}],"predecessor-version":[{"id":1003,"href":"http:\/\/www.kitoval.fi\/index.php?rest_route=\/wp\/v2\/pages\/972\/revisions\/1003"}],"up":[{"embeddable":true,"href":"http:\/\/www.kitoval.fi\/index.php?rest_route=\/wp\/v2\/pages\/51"}],"wp:attachment":[{"href":"http:\/\/www.kitoval.fi\/index.php?rest_route=%2Fwp%2Fv2%2Fmedia&parent=972"}],"curies":[{"name":"wp","href":"https:\/\/api.w.org\/{rel}","templated":true}]}}