{"id":99,"date":"2015-10-08T14:19:02","date_gmt":"2015-10-08T11:19:02","guid":{"rendered":"http:\/\/www.kitoval.fi\/?page_id=99"},"modified":"2023-05-29T16:01:06","modified_gmt":"2023-05-29T13:01:06","slug":"2011-3","status":"publish","type":"page","link":"http:\/\/www.kitoval.fi\/?page_id=99","title":{"rendered":"2011"},"content":{"rendered":"<p><strong>Vuosikokous\u00a02.6.2011<br \/>\n<\/strong><a href=\"http:\/\/www.kitoval.fi\/wp-content\/uploads\/2015\/10\/poytakirjavuosikokous20111.pdf\" target=\"_blank\">P\u00f6yt\u00e4kirja<\/a>\u00a0(PDF)<br \/>\n<a href=\"http:\/\/www.kitoval.fi\/wp-content\/uploads\/2015\/10\/rsmotevuosikokous262011presentation.pdf\">Esitys<\/a>\u00a0(PDF)<br \/>\n<a href=\"http:\/\/www.kitoval.fi\/wp-content\/uploads\/2015\/10\/rsberattelse2010.pdf\">Vuosikertomus 2010<\/a>\u00a0(PDF)<\/p>\n<p><strong>Informaatiokokous 10.9.2011<br \/>\n<\/strong><a href=\"http:\/\/www.kitoval.fi\/wp-content\/uploads\/2015\/10\/protokollinfomote2011.pdf\" target=\"_blank\">P\u00f6yt\u00e4kirja<\/a> (PDF)<br \/>\n<a href=\"http:\/\/www.kitoval.fi\/wp-content\/uploads\/2015\/10\/infomote1092011.pdf\" target=\"_blank\">Esitys<\/a> (PDF)<br \/>\n<a href=\"http:\/\/www.kitoval.fi\/wp-content\/uploads\/2015\/10\/kitosktpresentationsve.pdf\" target=\"_blank\">LPS-esitys<\/a> (PDF)<\/p>\n<p><strong>Ylim\u00e4\u00e4r\u00e4inen osuuskunnan kokous\u00a017.12.2011<br \/>\n<\/strong><a href=\"http:\/\/www.kitoval.fi\/wp-content\/uploads\/2015\/10\/protokolleomote2011.pdf\" target=\"_blank\">P\u00f6yt\u00e4kirja<\/a>\u00a0(PDF)<br \/>\n<a href=\"http:\/\/www.kitoval.fi\/wp-content\/uploads\/2015\/10\/motekokous17122011presentation.pdf\" target=\"_blank\">Esitys<\/a> (PDF)<\/p>\n","protected":false},"excerpt":{"rendered":"<p>Vuosikokous\u00a02.6.2011 P\u00f6yt\u00e4kirja\u00a0(PDF) Esitys\u00a0(PDF) Vuosikertomus 2010\u00a0(PDF) Informaatiokokous 10.9.2011 P\u00f6yt\u00e4kirja (PDF) Esitys (PDF) LPS-esitys (PDF) Ylim\u00e4\u00e4r\u00e4inen osuuskunnan kokous\u00a017.12.2011 P\u00f6yt\u00e4kirja\u00a0(PDF) Esitys (PDF)<\/p>\n","protected":false},"author":1,"featured_media":0,"parent":51,"menu_order":13,"comment_status":"closed","ping_status":"closed","template":"","meta":{"_monsterinsights_skip_tracking":false,"_monsterinsights_sitenote_active":false,"_monsterinsights_sitenote_note":"","_monsterinsights_sitenote_category":0,"footnotes":""},"class_list":["post-99","page","type-page","status-publish","hentry"],"_links":{"self":[{"href":"http:\/\/www.kitoval.fi\/index.php?rest_route=\/wp\/v2\/pages\/99"}],"collection":[{"href":"http:\/\/www.kitoval.fi\/index.php?rest_route=\/wp\/v2\/pages"}],"about":[{"href":"http:\/\/www.kitoval.fi\/index.php?rest_route=\/wp\/v2\/types\/page"}],"author":[{"embeddable":true,"href":"http:\/\/www.kitoval.fi\/index.php?rest_route=\/wp\/v2\/users\/1"}],"replies":[{"embeddable":true,"href":"http:\/\/www.kitoval.fi\/index.php?rest_route=%2Fwp%2Fv2%2Fcomments&post=99"}],"version-history":[{"count":3,"href":"http:\/\/www.kitoval.fi\/index.php?rest_route=\/wp\/v2\/pages\/99\/revisions"}],"predecessor-version":[{"id":220,"href":"http:\/\/www.kitoval.fi\/index.php?rest_route=\/wp\/v2\/pages\/99\/revisions\/220"}],"up":[{"embeddable":true,"href":"http:\/\/www.kitoval.fi\/index.php?rest_route=\/wp\/v2\/pages\/51"}],"wp:attachment":[{"href":"http:\/\/www.kitoval.fi\/index.php?rest_route=%2Fwp%2Fv2%2Fmedia&parent=99"}],"curies":[{"name":"wp","href":"https:\/\/api.w.org\/{rel}","templated":true}]}}