{"id":1019,"date":"2024-03-13T20:02:44","date_gmt":"2024-03-13T18:02:44","guid":{"rendered":"http:\/\/www.kitoval.fi\/?page_id=1019"},"modified":"2024-03-13T20:05:46","modified_gmt":"2024-03-13T18:05:46","slug":"overforing-av-anslutning","status":"publish","type":"page","link":"https:\/\/www.kitoval.fi\/?page_id=1019","title":{"rendered":"\u00d6verf\u00f6ring av anslutning"},"content":{"rendered":"<p>Vid f\u00f6rs\u00e4ljning eller annan \u00f6verf\u00f6ring av fastighet skall f\u00f6ljande beaktas:<\/p>\n<p>En medlem kan \u00f6verf\u00f6ra sin andel p\u00e5 n\u00e5gon annan, men inte \u00f6verl\u00e5ta medlemskapet. F\u00f6rv\u00e4rvaren skall godk\u00e4nnas som medlem i andelslaget (se blanketten f\u00f6r medlemsans\u00f6kan nedan). F\u00f6rv\u00e4rvaren har r\u00e4tt att som amortering av sin anslutningsavgift r\u00e4kna tillgodo det belopp av andelsavgiften och anslutningsavgiften som \u00f6verl\u00e5taren har betalt till andelslaget. F\u00f6rv\u00e4rvaren skall fylla i nedanst\u00e5ende blankett \u201d\u00d6verf\u00f6ring av anslutning\u201d.<\/p>\n<p>Ladda ner: <a href=\"http:\/\/www.kitoval.fi\/wp-content\/uploads\/2024\/03\/medlemsansokan_2024.docx\">Blankett f\u00f6r medlemsans\u00f6kan 2024<\/a><br \/>\nLadda ner: <a href=\"http:\/\/www.kitoval.fi\/wp-content\/uploads\/2024\/03\/O\u0308verfo\u0308ring-av-anslutning.docx\">O\u0308verfo\u0308ring av anslutning<\/a><\/p>\n","protected":false},"excerpt":{"rendered":"<p>Vid f\u00f6rs\u00e4ljning eller annan \u00f6verf\u00f6ring av fastighet skall f\u00f6ljande beaktas: En medlem kan \u00f6verf\u00f6ra sin andel p\u00e5 n\u00e5gon annan, men<\/p>\n<p class=\"readmore\"><a href=\"https:\/\/www.kitoval.fi\/?page_id=1019\" title=\"Read \u00d6verf\u00f6ring av anslutning\">Read more &raquo;<\/a><\/p>\n","protected":false},"author":1,"featured_media":0,"parent":119,"menu_order":0,"comment_status":"closed","ping_status":"closed","template":"","meta":{"_monsterinsights_skip_tracking":false,"_monsterinsights_sitenote_active":false,"_monsterinsights_sitenote_note":"","_monsterinsights_sitenote_category":0,"footnotes":""},"class_list":["post-1019","page","type-page","status-publish","hentry"],"_links":{"self":[{"href":"https:\/\/www.kitoval.fi\/index.php?rest_route=\/wp\/v2\/pages\/1019"}],"collection":[{"href":"https:\/\/www.kitoval.fi\/index.php?rest_route=\/wp\/v2\/pages"}],"about":[{"href":"https:\/\/www.kitoval.fi\/index.php?rest_route=\/wp\/v2\/types\/page"}],"author":[{"embeddable":true,"href":"https:\/\/www.kitoval.fi\/index.php?rest_route=\/wp\/v2\/users\/1"}],"replies":[{"embeddable":true,"href":"https:\/\/www.kitoval.fi\/index.php?rest_route=%2Fwp%2Fv2%2Fcomments&post=1019"}],"version-history":[{"count":3,"href":"https:\/\/www.kitoval.fi\/index.php?rest_route=\/wp\/v2\/pages\/1019\/revisions"}],"predecessor-version":[{"id":1031,"href":"https:\/\/www.kitoval.fi\/index.php?rest_route=\/wp\/v2\/pages\/1019\/revisions\/1031"}],"up":[{"embeddable":true,"href":"https:\/\/www.kitoval.fi\/index.php?rest_route=\/wp\/v2\/pages\/119"}],"wp:attachment":[{"href":"https:\/\/www.kitoval.fi\/index.php?rest_route=%2Fwp%2Fv2%2Fmedia&parent=1019"}],"curies":[{"name":"wp","href":"https:\/\/api.w.org\/{rel}","templated":true}]}}