{"id":1022,"date":"2024-03-13T20:04:06","date_gmt":"2024-03-13T18:04:06","guid":{"rendered":"http:\/\/www.kitoval.fi\/?page_id=1022"},"modified":"2024-03-13T20:05:18","modified_gmt":"2024-03-13T18:05:18","slug":"liittyman-siirto","status":"publish","type":"page","link":"https:\/\/www.kitoval.fi\/?page_id=1022","title":{"rendered":"Liittym\u00e4n siirto"},"content":{"rendered":"<p>Kiinteist\u00f6n myynnin tai muun luovutuksen yhteydess\u00e4 tulisi huomioida:<\/p>\n<p>J\u00e4sen voi siirt\u00e4\u00e4 osuutensa toiselle, mutta j\u00e4senyytt\u00e4 ei voida toiselle luovuttaa. Jos j\u00e4sen on siirt\u00e4nyt osuutensa toiselle, on siirronsaaja hyv\u00e4ksytt\u00e4v\u00e4 osuuskunnan j\u00e4seneksi (kts. j\u00e4senhakemuslomake alla). Siirronsaajalla on oikeus lukea hyv\u00e4kseen siirt\u00e4j\u00e4n suorittama liittymismaksu samoin kuin osuusmaksunsa lyhennykseksi siirt\u00e4j\u00e4n osuusmaksusta osuuskunnalle maksettu m\u00e4\u00e4r\u00e4.\u00a0Siirronsaajan tulee t\u00e4ytt\u00e4\u00e4 alla oleva lomake \u201dLiittym\u00e4n siirtoilmoitus\u201d.<\/p>\n<p>Lataa: <a href=\"http:\/\/www.kitoval.fi\/wp-content\/uploads\/2024\/03\/jasenhakemus_2024.docx\">J\u00e4senhakemuslomake 2024<\/a><br \/>\nLataa: <a href=\"http:\/\/www.kitoval.fi\/wp-content\/uploads\/2024\/03\/Liittyma\u0308n-siirtoilmoitus.docx\">Liittyma\u0308n siirtoilmoitus<\/a><\/p>\n","protected":false},"excerpt":{"rendered":"<p>Kiinteist\u00f6n myynnin tai muun luovutuksen yhteydess\u00e4 tulisi huomioida: J\u00e4sen voi siirt\u00e4\u00e4 osuutensa toiselle, mutta j\u00e4senyytt\u00e4 ei voida toiselle luovuttaa. Jos<\/p>\n<p class=\"readmore\"><a href=\"https:\/\/www.kitoval.fi\/?page_id=1022\" title=\"Read Liittym\u00e4n siirto\">Read more &raquo;<\/a><\/p>\n","protected":false},"author":1,"featured_media":0,"parent":121,"menu_order":0,"comment_status":"closed","ping_status":"closed","template":"","meta":{"_monsterinsights_skip_tracking":false,"_monsterinsights_sitenote_active":false,"_monsterinsights_sitenote_note":"","_monsterinsights_sitenote_category":0,"footnotes":""},"class_list":["post-1022","page","type-page","status-publish","hentry"],"_links":{"self":[{"href":"https:\/\/www.kitoval.fi\/index.php?rest_route=\/wp\/v2\/pages\/1022"}],"collection":[{"href":"https:\/\/www.kitoval.fi\/index.php?rest_route=\/wp\/v2\/pages"}],"about":[{"href":"https:\/\/www.kitoval.fi\/index.php?rest_route=\/wp\/v2\/types\/page"}],"author":[{"embeddable":true,"href":"https:\/\/www.kitoval.fi\/index.php?rest_route=\/wp\/v2\/users\/1"}],"replies":[{"embeddable":true,"href":"https:\/\/www.kitoval.fi\/index.php?rest_route=%2Fwp%2Fv2%2Fcomments&post=1022"}],"version-history":[{"count":4,"href":"https:\/\/www.kitoval.fi\/index.php?rest_route=\/wp\/v2\/pages\/1022\/revisions"}],"predecessor-version":[{"id":1029,"href":"https:\/\/www.kitoval.fi\/index.php?rest_route=\/wp\/v2\/pages\/1022\/revisions\/1029"}],"up":[{"embeddable":true,"href":"https:\/\/www.kitoval.fi\/index.php?rest_route=\/wp\/v2\/pages\/121"}],"wp:attachment":[{"href":"https:\/\/www.kitoval.fi\/index.php?rest_route=%2Fwp%2Fv2%2Fmedia&parent=1022"}],"curies":[{"name":"wp","href":"https:\/\/api.w.org\/{rel}","templated":true}]}}