{"id":1053,"date":"2024-03-13T20:22:22","date_gmt":"2024-03-13T18:22:22","guid":{"rendered":"http:\/\/www.kitoval.fi\/?page_id=1053"},"modified":"2024-03-13T20:33:08","modified_gmt":"2024-03-13T18:33:08","slug":"tiedotuksia","status":"publish","type":"page","link":"https:\/\/www.kitoval.fi\/?page_id=1053","title":{"rendered":"Tiedotuksia"},"content":{"rendered":"<p><a href=\"http:\/\/www.kitoval.fi\/?page_id=1057\">Paikallisia s\u00e4hk\u00f6katkoja<\/a><\/p>\n<p><a href=\"http:\/\/www.kitoval.fi\/?page_id=1064\">Talveen valmistautuminen<\/a><\/p>\n<p><a href=\"http:\/\/www.kitoval.fi\/?page_id=1067\">J\u00e4tevesipumpun j\u00e4\u00e4tyminen<\/a><\/p>\n","protected":false},"excerpt":{"rendered":"<p>Paikallisia s\u00e4hk\u00f6katkoja Talveen valmistautuminen J\u00e4tevesipumpun j\u00e4\u00e4tyminen<\/p>\n","protected":false},"author":1,"featured_media":0,"parent":0,"menu_order":2,"comment_status":"closed","ping_status":"closed","template":"","meta":{"_monsterinsights_skip_tracking":false,"_monsterinsights_sitenote_active":false,"_monsterinsights_sitenote_note":"","_monsterinsights_sitenote_category":0,"footnotes":""},"class_list":["post-1053","page","type-page","status-publish","hentry"],"_links":{"self":[{"href":"https:\/\/www.kitoval.fi\/index.php?rest_route=\/wp\/v2\/pages\/1053"}],"collection":[{"href":"https:\/\/www.kitoval.fi\/index.php?rest_route=\/wp\/v2\/pages"}],"about":[{"href":"https:\/\/www.kitoval.fi\/index.php?rest_route=\/wp\/v2\/types\/page"}],"author":[{"embeddable":true,"href":"https:\/\/www.kitoval.fi\/index.php?rest_route=\/wp\/v2\/users\/1"}],"replies":[{"embeddable":true,"href":"https:\/\/www.kitoval.fi\/index.php?rest_route=%2Fwp%2Fv2%2Fcomments&post=1053"}],"version-history":[{"count":3,"href":"https:\/\/www.kitoval.fi\/index.php?rest_route=\/wp\/v2\/pages\/1053\/revisions"}],"predecessor-version":[{"id":1072,"href":"https:\/\/www.kitoval.fi\/index.php?rest_route=\/wp\/v2\/pages\/1053\/revisions\/1072"}],"wp:attachment":[{"href":"https:\/\/www.kitoval.fi\/index.php?rest_route=%2Fwp%2Fv2%2Fmedia&parent=1053"}],"curies":[{"name":"wp","href":"https:\/\/api.w.org\/{rel}","templated":true}]}}