{"id":1055,"date":"2024-03-13T20:23:38","date_gmt":"2024-03-13T18:23:38","guid":{"rendered":"http:\/\/www.kitoval.fi\/?page_id=1055"},"modified":"2024-03-13T20:24:05","modified_gmt":"2024-03-13T18:24:05","slug":"avbrott-i-eldistributionen","status":"publish","type":"page","link":"https:\/\/www.kitoval.fi\/?page_id=1055","title":{"rendered":"Avbrott i eldistributionen"},"content":{"rendered":"<p>Kerava och Sibbo energi str\u00e4var att meddela sina kunder p\u00e5 f\u00f6rhand via SMS.<\/p>\n<p>Vid avbrott i eldistributionen b\u00f6r man observera f\u00f6ljande:<\/p>\n<ul>\n<li>Vid dessa korta avbrott p\u00e5verkas inte vattendistributionen till fastigheterna.<\/li>\n<li>Avloppsvattenpumpen fungerar inte under str\u00f6mavbrottet.<\/li>\n<li>Undvik att spola vatten i avloppsn\u00e4tet, det kan orsaka \u00f6verfl\u00f6d i avloppsbrunnen.<\/li>\n<li>Efter str\u00f6mavbrottet \u00e5terg\u00e5r pumpen till normal funktion.<\/li>\n<\/ul>\n","protected":false},"excerpt":{"rendered":"<p>Kerava och Sibbo energi str\u00e4var att meddela sina kunder p\u00e5 f\u00f6rhand via SMS. Vid avbrott i eldistributionen b\u00f6r man observera<\/p>\n<p class=\"readmore\"><a href=\"https:\/\/www.kitoval.fi\/?page_id=1055\" title=\"Read Avbrott i eldistributionen\">Read more &raquo;<\/a><\/p>\n","protected":false},"author":1,"featured_media":0,"parent":1051,"menu_order":0,"comment_status":"closed","ping_status":"closed","template":"","meta":{"_monsterinsights_skip_tracking":false,"_monsterinsights_sitenote_active":false,"_monsterinsights_sitenote_note":"","_monsterinsights_sitenote_category":0,"footnotes":""},"class_list":["post-1055","page","type-page","status-publish","hentry"],"_links":{"self":[{"href":"https:\/\/www.kitoval.fi\/index.php?rest_route=\/wp\/v2\/pages\/1055"}],"collection":[{"href":"https:\/\/www.kitoval.fi\/index.php?rest_route=\/wp\/v2\/pages"}],"about":[{"href":"https:\/\/www.kitoval.fi\/index.php?rest_route=\/wp\/v2\/types\/page"}],"author":[{"embeddable":true,"href":"https:\/\/www.kitoval.fi\/index.php?rest_route=\/wp\/v2\/users\/1"}],"replies":[{"embeddable":true,"href":"https:\/\/www.kitoval.fi\/index.php?rest_route=%2Fwp%2Fv2%2Fcomments&post=1055"}],"version-history":[{"count":1,"href":"https:\/\/www.kitoval.fi\/index.php?rest_route=\/wp\/v2\/pages\/1055\/revisions"}],"predecessor-version":[{"id":1056,"href":"https:\/\/www.kitoval.fi\/index.php?rest_route=\/wp\/v2\/pages\/1055\/revisions\/1056"}],"up":[{"embeddable":true,"href":"https:\/\/www.kitoval.fi\/index.php?rest_route=\/wp\/v2\/pages\/1051"}],"wp:attachment":[{"href":"https:\/\/www.kitoval.fi\/index.php?rest_route=%2Fwp%2Fv2%2Fmedia&parent=1055"}],"curies":[{"name":"wp","href":"https:\/\/api.w.org\/{rel}","templated":true}]}}