{"id":1066,"date":"2024-03-13T20:31:19","date_gmt":"2024-03-13T18:31:19","guid":{"rendered":"http:\/\/www.kitoval.fi\/?page_id=1066"},"modified":"2024-03-13T20:40:33","modified_gmt":"2024-03-13T18:40:33","slug":"frusen-avfallsvattenpump","status":"publish","type":"page","link":"https:\/\/www.kitoval.fi\/?page_id=1066","title":{"rendered":"Frusen avfallsvattenpump"},"content":{"rendered":"<p>Om LPS-pumpen har frusit och alarmerar kan fastighets\u00e4garen utf\u00f6ra f\u00f6ljande \u00e5tg\u00e4rder:<\/p>\n<ul>\n<li>Koppla ur avloppspumpens b\u00e5da s\u00e4kringar.<\/li>\n<li>Tappa 50-60 liter hett vatten i avloppet (en diskho \/ lavoar rymmer ca 15 liter).<\/li>\n<li>V\u00e4nta 45 minuter.<\/li>\n<li>Koppla p\u00e5 s\u00e4kringarna.<\/li>\n<li>Larmlampan skall slockna efter max 10 minuter.<\/li>\n<li>Om larmlampan ej slocknar upprepa ovanst\u00e5ende \u00e5tg\u00e4rd (fr\u00e5n b\u00f6rjan).<\/li>\n<li>Om ovanst\u00e5ende ej hj\u00e4lper kontakta Linmar Oy 040 550 9817.<\/li>\n","protected":false},"excerpt":{"rendered":"<p>Om LPS-pumpen har frusit och alarmerar kan fastighets\u00e4garen utf\u00f6ra f\u00f6ljande \u00e5tg\u00e4rder: Koppla ur avloppspumpens b\u00e5da s\u00e4kringar. Tappa 50-60 liter hett<\/p>\n<p class=\"readmore\"><a href=\"https:\/\/www.kitoval.fi\/?page_id=1066\" title=\"Read Frusen avfallsvattenpump\">Read more &raquo;<\/a><\/p>\n","protected":false},"author":1,"featured_media":0,"parent":1051,"menu_order":2,"comment_status":"closed","ping_status":"closed","template":"","meta":{"_monsterinsights_skip_tracking":false,"_monsterinsights_sitenote_active":false,"_monsterinsights_sitenote_note":"","_monsterinsights_sitenote_category":0,"footnotes":""},"class_list":["post-1066","page","type-page","status-publish","hentry"],"_links":{"self":[{"href":"https:\/\/www.kitoval.fi\/index.php?rest_route=\/wp\/v2\/pages\/1066"}],"collection":[{"href":"https:\/\/www.kitoval.fi\/index.php?rest_route=\/wp\/v2\/pages"}],"about":[{"href":"https:\/\/www.kitoval.fi\/index.php?rest_route=\/wp\/v2\/types\/page"}],"author":[{"embeddable":true,"href":"https:\/\/www.kitoval.fi\/index.php?rest_route=\/wp\/v2\/users\/1"}],"replies":[{"embeddable":true,"href":"https:\/\/www.kitoval.fi\/index.php?rest_route=%2Fwp%2Fv2%2Fcomments&post=1066"}],"version-history":[{"count":2,"href":"https:\/\/www.kitoval.fi\/index.php?rest_route=\/wp\/v2\/pages\/1066\/revisions"}],"predecessor-version":[{"id":1080,"href":"https:\/\/www.kitoval.fi\/index.php?rest_route=\/wp\/v2\/pages\/1066\/revisions\/1080"}],"up":[{"embeddable":true,"href":"https:\/\/www.kitoval.fi\/index.php?rest_route=\/wp\/v2\/pages\/1051"}],"wp:attachment":[{"href":"https:\/\/www.kitoval.fi\/index.php?rest_route=%2Fwp%2Fv2%2Fmedia&parent=1066"}],"curies":[{"name":"wp","href":"https:\/\/api.w.org\/{rel}","templated":true}]}}