{"id":1067,"date":"2024-03-13T20:30:02","date_gmt":"2024-03-13T18:30:02","guid":{"rendered":"http:\/\/www.kitoval.fi\/?page_id=1067"},"modified":"2024-03-13T20:31:31","modified_gmt":"2024-03-13T18:31:31","slug":"jatevesipumpun-jaatyminen","status":"publish","type":"page","link":"https:\/\/www.kitoval.fi\/?page_id=1067","title":{"rendered":"J\u00e4tevesipumpun j\u00e4\u00e4tyminen"},"content":{"rendered":"<p>Mik\u00e4li LPS-j\u00e4tevesipumpu on j\u00e4\u00e4tynyt ja h\u00e4lytt\u00e4\u00e4, kiinteist\u00f6nomistaja voi tehd\u00e4 seuraavat toimenpiteet:<\/p>\n<ul>\n<li>Kytke pois pumpun molemmat sulakkeet.<\/li>\n<li>Juoksuta 50-60 litraa kuumaa vett\u00e4 viem\u00e4riin (allas on n. 15 litraa).<\/li>\n<li>Odota 45 minuuttia.<\/li>\n<li>Kytke p\u00e4\u00e4lle pumpun sulakkeet.<\/li>\n<li>H\u00e4lytyslampun pit\u00e4\u00e4 sammua 10 minuutin sis\u00e4ll\u00e4. Kaikki Hyvin.<\/li>\n<li>Mik\u00e4li h\u00e4lytyslamppu ei sammu, toista yll\u00e4olevat toimenpiteet alusta.<\/li>\n<li>Jollei viel\u00e4k\u00e4\u00e4n auta, soita Linmar Oy 040 550 9817<\/li>\n<\/ul>\n","protected":false},"excerpt":{"rendered":"<p>Mik\u00e4li LPS-j\u00e4tevesipumpu on j\u00e4\u00e4tynyt ja h\u00e4lytt\u00e4\u00e4, kiinteist\u00f6nomistaja voi tehd\u00e4 seuraavat toimenpiteet: Kytke pois pumpun molemmat sulakkeet. Juoksuta 50-60 litraa kuumaa<\/p>\n<p class=\"readmore\"><a href=\"https:\/\/www.kitoval.fi\/?page_id=1067\" title=\"Read J\u00e4tevesipumpun j\u00e4\u00e4tyminen\">Read more &raquo;<\/a><\/p>\n","protected":false},"author":1,"featured_media":0,"parent":1053,"menu_order":2,"comment_status":"closed","ping_status":"closed","template":"","meta":{"_monsterinsights_skip_tracking":false,"_monsterinsights_sitenote_active":false,"_monsterinsights_sitenote_note":"","_monsterinsights_sitenote_category":0,"footnotes":""},"class_list":["post-1067","page","type-page","status-publish","hentry"],"_links":{"self":[{"href":"https:\/\/www.kitoval.fi\/index.php?rest_route=\/wp\/v2\/pages\/1067"}],"collection":[{"href":"https:\/\/www.kitoval.fi\/index.php?rest_route=\/wp\/v2\/pages"}],"about":[{"href":"https:\/\/www.kitoval.fi\/index.php?rest_route=\/wp\/v2\/types\/page"}],"author":[{"embeddable":true,"href":"https:\/\/www.kitoval.fi\/index.php?rest_route=\/wp\/v2\/users\/1"}],"replies":[{"embeddable":true,"href":"https:\/\/www.kitoval.fi\/index.php?rest_route=%2Fwp%2Fv2%2Fcomments&post=1067"}],"version-history":[{"count":2,"href":"https:\/\/www.kitoval.fi\/index.php?rest_route=\/wp\/v2\/pages\/1067\/revisions"}],"predecessor-version":[{"id":1069,"href":"https:\/\/www.kitoval.fi\/index.php?rest_route=\/wp\/v2\/pages\/1067\/revisions\/1069"}],"up":[{"embeddable":true,"href":"https:\/\/www.kitoval.fi\/index.php?rest_route=\/wp\/v2\/pages\/1053"}],"wp:attachment":[{"href":"https:\/\/www.kitoval.fi\/index.php?rest_route=%2Fwp%2Fv2%2Fmedia&parent=1067"}],"curies":[{"name":"wp","href":"https:\/\/api.w.org\/{rel}","templated":true}]}}