{"id":111,"date":"2015-10-08T14:20:49","date_gmt":"2015-10-08T11:20:49","guid":{"rendered":"http:\/\/www.kitoval.fi\/?page_id=111"},"modified":"2023-05-29T16:09:53","modified_gmt":"2023-05-29T13:09:53","slug":"2014-2","status":"publish","type":"page","link":"https:\/\/www.kitoval.fi\/?page_id=111","title":{"rendered":"2014"},"content":{"rendered":"<p><strong>\u00c5rsm\u00f6te 7.6.2014<\/strong><br \/>\n<a href=\"http:\/\/www.kitoval.fi\/wp-content\/uploads\/2015\/10\/protokollarsmote2014.pdf\" target=\"_blank\">Protokoll<\/a>\u00a0(PDF)<br \/>\n<a href=\"http:\/\/www.kitoval.fi\/wp-content\/uploads\/2015\/10\/moteskallelse070614.pdf\" target=\"_blank\">M\u00f6teskallelse<\/a>\u00a0(PDF)<br \/>\n<a href=\"http:\/\/www.kitoval.fi\/wp-content\/uploads\/2015\/10\/boksluttuloslaskelma-1.pdf\">Bokslut<\/a>\u00a0(PDF)<br \/>\n<a href=\"http:\/\/www.kitoval.fi\/wp-content\/uploads\/2015\/10\/verksamhetsplanforar2014.pdf\" target=\"_blank\">Verksamhetsplan f\u00f6r \u00e5r 2014<\/a>\u00a0(PDF)<br \/>\n<a href=\"http:\/\/www.kitoval.fi\/wp-content\/uploads\/2015\/10\/budgetfor2014.pdf\" target=\"_blank\">Budget f\u00f6r \u00e5r 2014<\/a>\u00a0(PDF)<br \/>\n<a href=\"http:\/\/www.kitoval.fi\/wp-content\/uploads\/2015\/10\/stadgeforslagjamforelse.pdf\" target=\"_blank\">Stadgef\u00f6rslag: j\u00e4mf\u00f6relse<\/a>\u00a0(PDF)<a href=\"http:\/\/www.kitoval.fi\/wp-content\/uploads\/2015\/10\/boksluttuloslaskelma-1.pdf\"><br \/>\n<\/a><a href=\"http:\/\/www.kitoval.fi\/wp-content\/uploads\/2015\/10\/utbyggnadsalternativ.pdf\" target=\"_blank\">Utbyggnadsalternativ<\/a>\u00a0(PDF)<br \/>\n<a href=\"http:\/\/www.kitoval.fi\/wp-content\/uploads\/2015\/10\/investeringinfra.pdf\" target=\"_blank\">Investeringinfra<\/a>\u00a0(PDF)<br \/>\n<a href=\"http:\/\/www.kitoval.fi\/wp-content\/uploads\/2015\/10\/forslagtillvattenavgifter.pdf\" target=\"_blank\">F\u00f6rslag till vattenavgifter<\/a>\u00a0(PDF)<\/p>\n","protected":false},"excerpt":{"rendered":"<p>\u00c5rsm\u00f6te 7.6.2014 Protokoll\u00a0(PDF) M\u00f6teskallelse\u00a0(PDF) Bokslut\u00a0(PDF) Verksamhetsplan f\u00f6r \u00e5r 2014\u00a0(PDF) Budget f\u00f6r \u00e5r 2014\u00a0(PDF) Stadgef\u00f6rslag: j\u00e4mf\u00f6relse\u00a0(PDF) Utbyggnadsalternativ\u00a0(PDF) Investeringinfra\u00a0(PDF) F\u00f6rslag till vattenavgifter\u00a0(PDF)<\/p>\n","protected":false},"author":1,"featured_media":0,"parent":49,"menu_order":11,"comment_status":"closed","ping_status":"closed","template":"","meta":{"_monsterinsights_skip_tracking":false,"_monsterinsights_sitenote_active":false,"_monsterinsights_sitenote_note":"","_monsterinsights_sitenote_category":0,"footnotes":""},"class_list":["post-111","page","type-page","status-publish","hentry"],"_links":{"self":[{"href":"https:\/\/www.kitoval.fi\/index.php?rest_route=\/wp\/v2\/pages\/111"}],"collection":[{"href":"https:\/\/www.kitoval.fi\/index.php?rest_route=\/wp\/v2\/pages"}],"about":[{"href":"https:\/\/www.kitoval.fi\/index.php?rest_route=\/wp\/v2\/types\/page"}],"author":[{"embeddable":true,"href":"https:\/\/www.kitoval.fi\/index.php?rest_route=\/wp\/v2\/users\/1"}],"replies":[{"embeddable":true,"href":"https:\/\/www.kitoval.fi\/index.php?rest_route=%2Fwp%2Fv2%2Fcomments&post=111"}],"version-history":[{"count":3,"href":"https:\/\/www.kitoval.fi\/index.php?rest_route=\/wp\/v2\/pages\/111\/revisions"}],"predecessor-version":[{"id":267,"href":"https:\/\/www.kitoval.fi\/index.php?rest_route=\/wp\/v2\/pages\/111\/revisions\/267"}],"up":[{"embeddable":true,"href":"https:\/\/www.kitoval.fi\/index.php?rest_route=\/wp\/v2\/pages\/49"}],"wp:attachment":[{"href":"https:\/\/www.kitoval.fi\/index.php?rest_route=%2Fwp%2Fv2%2Fmedia&parent=111"}],"curies":[{"name":"wp","href":"https:\/\/api.w.org\/{rel}","templated":true}]}}