{"id":113,"date":"2015-10-08T14:21:00","date_gmt":"2015-10-08T11:21:00","guid":{"rendered":"http:\/\/www.kitoval.fi\/?page_id=113"},"modified":"2023-05-29T16:00:32","modified_gmt":"2023-05-29T13:00:32","slug":"2014-2","status":"publish","type":"page","link":"https:\/\/www.kitoval.fi\/?page_id=113","title":{"rendered":"2014"},"content":{"rendered":"<p><strong>Vuosikokous 7.6.2014<\/strong><br \/>\n<a href=\"http:\/\/www.kitoval.fi\/wp-content\/uploads\/2015\/10\/poytakirjavuosikokous20142-1.pdf\" target=\"_blank\">P\u00f6yt\u00e4kirja<\/a>\u00a0(PDF)<br \/>\n<a href=\"http:\/\/www.kitoval.fi\/wp-content\/uploads\/2015\/10\/kokouskutsu070614.pdf\" target=\"_blank\">Kokouskutsu<\/a>\u00a0(PDF)<br \/>\n<a href=\"http:\/\/www.kitoval.fi\/wp-content\/uploads\/2015\/10\/vuosikertomus2013.pdf\">Vuosikertomus 2013<\/a>\u00a0(PDF)<br \/>\n<a href=\"http:\/\/www.kitoval.fi\/wp-content\/uploads\/2015\/10\/boksluttuloslaskelma-1.pdf\" target=\"_blank\">Tuloslaskelma<\/a>\u00a0(PDF)<br \/>\n<a href=\"http:\/\/www.kitoval.fi\/wp-content\/uploads\/2015\/10\/toimintasuunnitelmav2014.pdf\">Toimintasuunnitelma 2014<\/a>\u00a0(PDF)\u00a0<a href=\"http:\/\/www.kitoval.fi\/wp-content\/uploads\/2015\/10\/toimintasuunnitelmav2014.pdf\"><br \/>\n<\/a><a href=\"http:\/\/www.kitoval.fi\/wp-content\/uploads\/2015\/10\/budgetfor2014.pdf\">Budjetti 2014<\/a>\u00a0(PDF)\u00a0<a href=\"http:\/\/www.kitoval.fi\/wp-content\/uploads\/2015\/10\/budgetfor2014.pdf\"><br \/>\n<\/a><a href=\"http:\/\/www.kitoval.fi\/wp-content\/uploads\/2015\/10\/saantomuutosvertailu-1.pdf\" target=\"_blank\">S\u00e4\u00e4nt\u00f6muutosvertailu<\/a>\u00a0(PDF)\u00a0<a href=\"http:\/\/www.kitoval.fi\/wp-content\/uploads\/2015\/10\/saantomuutosvertailu-1.pdf\" target=\"_blank\"><br \/>\n<\/a><a href=\"http:\/\/www.kitoval.fi\/wp-content\/uploads\/2015\/10\/utbyggnadsalternativ.pdf\">Laajennusvaihtoehdot<\/a>\u00a0(PDF)\u00a0<a href=\"http:\/\/www.kitoval.fi\/wp-content\/uploads\/2015\/10\/utbyggnadsalternativ.pdf\"><br \/>\n<\/a><a href=\"http:\/\/www.kitoval.fi\/wp-content\/uploads\/2015\/10\/investeringinfra1.pdf\">Investointi-infra<\/a>\u00a0(PDF)<br \/>\n<a href=\"http:\/\/www.kitoval.fi\/wp-content\/uploads\/2015\/10\/esitysvesimaksuiksi.pdf\">Esitys vesimaksuiksi<\/a>\u00a0(PDF)<\/p>\n","protected":false},"excerpt":{"rendered":"<p>Vuosikokous 7.6.2014 P\u00f6yt\u00e4kirja\u00a0(PDF) Kokouskutsu\u00a0(PDF) Vuosikertomus 2013\u00a0(PDF) Tuloslaskelma\u00a0(PDF) Toimintasuunnitelma 2014\u00a0(PDF)\u00a0 Budjetti 2014\u00a0(PDF)\u00a0 S\u00e4\u00e4nt\u00f6muutosvertailu\u00a0(PDF)\u00a0 Laajennusvaihtoehdot\u00a0(PDF)\u00a0 Investointi-infra\u00a0(PDF) Esitys vesimaksuiksi\u00a0(PDF)<\/p>\n","protected":false},"author":1,"featured_media":0,"parent":51,"menu_order":10,"comment_status":"closed","ping_status":"closed","template":"","meta":{"_monsterinsights_skip_tracking":false,"_monsterinsights_sitenote_active":false,"_monsterinsights_sitenote_note":"","_monsterinsights_sitenote_category":0,"footnotes":""},"class_list":["post-113","page","type-page","status-publish","hentry"],"_links":{"self":[{"href":"https:\/\/www.kitoval.fi\/index.php?rest_route=\/wp\/v2\/pages\/113"}],"collection":[{"href":"https:\/\/www.kitoval.fi\/index.php?rest_route=\/wp\/v2\/pages"}],"about":[{"href":"https:\/\/www.kitoval.fi\/index.php?rest_route=\/wp\/v2\/types\/page"}],"author":[{"embeddable":true,"href":"https:\/\/www.kitoval.fi\/index.php?rest_route=\/wp\/v2\/users\/1"}],"replies":[{"embeddable":true,"href":"https:\/\/www.kitoval.fi\/index.php?rest_route=%2Fwp%2Fv2%2Fcomments&post=113"}],"version-history":[{"count":3,"href":"https:\/\/www.kitoval.fi\/index.php?rest_route=\/wp\/v2\/pages\/113\/revisions"}],"predecessor-version":[{"id":277,"href":"https:\/\/www.kitoval.fi\/index.php?rest_route=\/wp\/v2\/pages\/113\/revisions\/277"}],"up":[{"embeddable":true,"href":"https:\/\/www.kitoval.fi\/index.php?rest_route=\/wp\/v2\/pages\/51"}],"wp:attachment":[{"href":"https:\/\/www.kitoval.fi\/index.php?rest_route=%2Fwp%2Fv2%2Fmedia&parent=113"}],"curies":[{"name":"wp","href":"https:\/\/api.w.org\/{rel}","templated":true}]}}