{"id":117,"date":"2015-10-08T14:21:23","date_gmt":"2015-10-08T11:21:23","guid":{"rendered":"http:\/\/www.kitoval.fi\/?page_id=117"},"modified":"2023-05-29T16:00:26","modified_gmt":"2023-05-29T13:00:26","slug":"2015-2","status":"publish","type":"page","link":"https:\/\/www.kitoval.fi\/?page_id=117","title":{"rendered":"2015"},"content":{"rendered":"<p><strong>Vuosikokous 14.6.2015<br \/>\n<\/strong><a href=\"http:\/\/www.kitoval.fi\/wp-content\/uploads\/2015\/10\/P\u00f6yt\u00e4kirja-Vuosikokous-2015.pdf\">P\u00f6yt\u00e4kirja<\/a>\u00a0(PDF)<br \/>\n<a href=\"http:\/\/www.kitoval.fi\/wp-content\/uploads\/2015\/10\/\u00c5rsm\u00f6te-2015-presentation.pdf\" target=\"_blank\">Esitys<\/a>\u00a0(PDF)<a href=\"http:\/\/www.kitoval.fi\/wp-content\/uploads\/2015\/10\/\u00c5rsm\u00f6te-2015-presentation.pdf\" target=\"_blank\"><br \/>\n<\/a><a href=\"http:\/\/www.kitoval.fi\/wp-content\/uploads\/2015\/10\/Vuosikertomus-2014.pdf\" target=\"_blank\">Vuosikertomus 2014<\/a>\u00a0(PDF)<\/p>\n<p><strong>Ylim\u00e4\u00e4r\u00e4inen osuuskunnan kokous 28.11.2015<br \/>\n<\/strong><a href=\"http:\/\/www.kitoval.fi\/wp-content\/uploads\/2015\/10\/Po\u0308yta\u0308kirjaYlimvuosikokous2015.pdf\">Po\u0308yta\u0308kirja<\/a> (PDF)<br \/>\n<a href=\"http:\/\/www.kitoval.fi\/wp-content\/uploads\/2015\/10\/Andelssta\u0308mma2801115presentation.pdf\">Esitys<\/a> (PDF)<strong><br \/>\n<\/strong><a href=\"http:\/\/www.kitoval.fi\/wp-content\/uploads\/2015\/10\/kokouskutsu_ymosuuskuntakokous2015.pdf\" target=\"_blank\">Kokouskutsu<\/a> (PDF)<br \/>\n<a href=\"http:\/\/www.kitoval.fi\/wp-content\/uploads\/2015\/10\/styrelsensinformation2015.pdf\" target=\"_blank\">Hallituksen infon sis\u00e4lt\u00f6<\/a> (PDF)<br \/>\n<a href=\"http:\/\/www.kitoval.fi\/wp-content\/uploads\/2015\/10\/saantomuutosehdotus2015.pdf\" target=\"_blank\">S\u00e4\u00e4nt\u00f6muutosehdotus<\/a> (PDF)<\/p>\n","protected":false},"excerpt":{"rendered":"<p>Vuosikokous 14.6.2015 P\u00f6yt\u00e4kirja\u00a0(PDF) Esitys\u00a0(PDF) Vuosikertomus 2014\u00a0(PDF) Ylim\u00e4\u00e4r\u00e4inen osuuskunnan kokous 28.11.2015 Po\u0308yta\u0308kirja (PDF) Esitys (PDF) Kokouskutsu (PDF) Hallituksen infon sis\u00e4lt\u00f6 (PDF)<\/p>\n<p class=\"readmore\"><a href=\"https:\/\/www.kitoval.fi\/?page_id=117\" title=\"Read 2015\">Read more &raquo;<\/a><\/p>\n","protected":false},"author":1,"featured_media":0,"parent":51,"menu_order":9,"comment_status":"closed","ping_status":"closed","template":"","meta":{"_monsterinsights_skip_tracking":false,"_monsterinsights_sitenote_active":false,"_monsterinsights_sitenote_note":"","_monsterinsights_sitenote_category":0,"footnotes":""},"class_list":["post-117","page","type-page","status-publish","hentry"],"_links":{"self":[{"href":"https:\/\/www.kitoval.fi\/index.php?rest_route=\/wp\/v2\/pages\/117"}],"collection":[{"href":"https:\/\/www.kitoval.fi\/index.php?rest_route=\/wp\/v2\/pages"}],"about":[{"href":"https:\/\/www.kitoval.fi\/index.php?rest_route=\/wp\/v2\/types\/page"}],"author":[{"embeddable":true,"href":"https:\/\/www.kitoval.fi\/index.php?rest_route=\/wp\/v2\/users\/1"}],"replies":[{"embeddable":true,"href":"https:\/\/www.kitoval.fi\/index.php?rest_route=%2Fwp%2Fv2%2Fcomments&post=117"}],"version-history":[{"count":7,"href":"https:\/\/www.kitoval.fi\/index.php?rest_route=\/wp\/v2\/pages\/117\/revisions"}],"predecessor-version":[{"id":409,"href":"https:\/\/www.kitoval.fi\/index.php?rest_route=\/wp\/v2\/pages\/117\/revisions\/409"}],"up":[{"embeddable":true,"href":"https:\/\/www.kitoval.fi\/index.php?rest_route=\/wp\/v2\/pages\/51"}],"wp:attachment":[{"href":"https:\/\/www.kitoval.fi\/index.php?rest_route=%2Fwp%2Fv2%2Fmedia&parent=117"}],"curies":[{"name":"wp","href":"https:\/\/api.w.org\/{rel}","templated":true}]}}