{"id":123,"date":"2015-10-08T14:31:42","date_gmt":"2015-10-08T11:31:42","guid":{"rendered":"http:\/\/www.kitoval.fi\/?page_id=123"},"modified":"2024-03-13T20:20:08","modified_gmt":"2024-03-13T18:20:08","slug":"teknik","status":"publish","type":"page","link":"https:\/\/www.kitoval.fi\/?page_id=123","title":{"rendered":"Teknik"},"content":{"rendered":"<p>Ladda ned nyttig teknisk information om det V\/A-trycksystem som Kit\u00f6 Vattenandelslag anv\u00e4nder p\u00e5 SKT:s (Skandinavisk Kommunalteknik) hemsida: <a href=\"http:\/\/www.kommunalteknik.se\/\" target=\"_blank\" rel=\"noopener\">www.kommunalteknik.se<\/a><\/p>\n<p>P\u00e5 f\u00f6retagets finska hemsida (tryck p\u00e5 Finlands flagga) finns ocks\u00e5 en del broschyrer.<\/p>\n<p>Nedan ett par exempel (pdf-dokument):<br \/>\n<a href=\"http:\/\/www.kitoval.fi\/wp-content\/uploads\/2015\/10\/lps2000emonteringsanvisningvillaochfritidshusavloppspumpstation.pdf\">LPS2000E\/Ex Montering och drift -anvisning<\/a> (PDF)<br \/>\n<a href=\"http:\/\/www.kitoval.fi\/wp-content\/uploads\/2015\/10\/tekniskhandboktyckavloppochfrostskydd.pdf\">Teknisk handbok &#8211; Tryckavlopp och frostskydd<\/a> (PDF)<\/p>\n<p><a href=\"http:\/\/www.kitoval.fi\/wp-content\/uploads\/2015\/10\/Viemari-ja-LPS-pumppuohjeet.pdf\">Anvisningar f\u00f6r avlopp och LPS-pump<\/a>\u00a0(PDF)<\/p>\n","protected":false},"excerpt":{"rendered":"<p>Ladda ned nyttig teknisk information om det V\/A-trycksystem som Kit\u00f6 Vattenandelslag anv\u00e4nder p\u00e5 SKT:s (Skandinavisk Kommunalteknik) hemsida: www.kommunalteknik.se P\u00e5 f\u00f6retagets<\/p>\n<p class=\"readmore\"><a href=\"https:\/\/www.kitoval.fi\/?page_id=123\" title=\"Read Teknik\">Read more &raquo;<\/a><\/p>\n","protected":false},"author":1,"featured_media":0,"parent":119,"menu_order":5,"comment_status":"closed","ping_status":"closed","template":"","meta":{"_monsterinsights_skip_tracking":false,"_monsterinsights_sitenote_active":false,"_monsterinsights_sitenote_note":"","_monsterinsights_sitenote_category":0,"footnotes":""},"class_list":["post-123","page","type-page","status-publish","hentry"],"_links":{"self":[{"href":"https:\/\/www.kitoval.fi\/index.php?rest_route=\/wp\/v2\/pages\/123"}],"collection":[{"href":"https:\/\/www.kitoval.fi\/index.php?rest_route=\/wp\/v2\/pages"}],"about":[{"href":"https:\/\/www.kitoval.fi\/index.php?rest_route=\/wp\/v2\/types\/page"}],"author":[{"embeddable":true,"href":"https:\/\/www.kitoval.fi\/index.php?rest_route=\/wp\/v2\/users\/1"}],"replies":[{"embeddable":true,"href":"https:\/\/www.kitoval.fi\/index.php?rest_route=%2Fwp%2Fv2%2Fcomments&post=123"}],"version-history":[{"count":6,"href":"https:\/\/www.kitoval.fi\/index.php?rest_route=\/wp\/v2\/pages\/123\/revisions"}],"predecessor-version":[{"id":1050,"href":"https:\/\/www.kitoval.fi\/index.php?rest_route=\/wp\/v2\/pages\/123\/revisions\/1050"}],"up":[{"embeddable":true,"href":"https:\/\/www.kitoval.fi\/index.php?rest_route=\/wp\/v2\/pages\/119"}],"wp:attachment":[{"href":"https:\/\/www.kitoval.fi\/index.php?rest_route=%2Fwp%2Fv2%2Fmedia&parent=123"}],"curies":[{"name":"wp","href":"https:\/\/api.w.org\/{rel}","templated":true}]}}