{"id":127,"date":"2015-10-08T14:36:51","date_gmt":"2015-10-08T11:36:51","guid":{"rendered":"http:\/\/www.kitoval.fi\/?page_id=127"},"modified":"2024-03-13T20:20:00","modified_gmt":"2024-03-13T18:20:00","slug":"tekniikka","status":"publish","type":"page","link":"https:\/\/www.kitoval.fi\/?page_id=127","title":{"rendered":"Tekniikka"},"content":{"rendered":"<p>Lataa hy\u00f6dyllisi\u00e4 teknisi\u00e4 tietoja ja ohjeita Kit\u00f6n Vesiosuuskunnan k\u00e4ytt\u00e4m\u00e4st\u00e4 paineistetusta V\/V-systeemist\u00e4 SKT:n (Skandinavisk Kommunalteknik) ruotsinkieliselt\u00e4 ja suomenkieliselt\u00e4 kotisivulta:<br \/>\n<a href=\"http:\/\/www.kommunalteknik.se\/fi\/\" target=\"_blank\" rel=\"noopener\">www.kommunalteknik.se\/fi\/<\/a><\/p>\n<p>Alla esimerkki (pdf-tiedosto):<br \/>\n<a href=\"http:\/\/www.kitoval.fi\/wp-content\/uploads\/2015\/10\/LPS2000E_Asennusohje_FI.pdf\">LPS2000E\/Ex Asennusohje<\/a> (PDF)<\/p>\n<p><a href=\"http:\/\/www.kitoval.fi\/wp-content\/uploads\/2015\/10\/Viemari-ja-LPS-pumppuohjeet.pdf\">Viem\u00e4ri- ja LPS-pumppuohjeet<\/a> (PDF)<\/p>\n","protected":false},"excerpt":{"rendered":"<p>Lataa hy\u00f6dyllisi\u00e4 teknisi\u00e4 tietoja ja ohjeita Kit\u00f6n Vesiosuuskunnan k\u00e4ytt\u00e4m\u00e4st\u00e4 paineistetusta V\/V-systeemist\u00e4 SKT:n (Skandinavisk Kommunalteknik) ruotsinkieliselt\u00e4 ja suomenkieliselt\u00e4 kotisivulta: www.kommunalteknik.se\/fi\/ Alla<\/p>\n<p class=\"readmore\"><a href=\"https:\/\/www.kitoval.fi\/?page_id=127\" title=\"Read Tekniikka\">Read more &raquo;<\/a><\/p>\n","protected":false},"author":1,"featured_media":0,"parent":121,"menu_order":5,"comment_status":"closed","ping_status":"closed","template":"","meta":{"_monsterinsights_skip_tracking":false,"_monsterinsights_sitenote_active":false,"_monsterinsights_sitenote_note":"","_monsterinsights_sitenote_category":0,"footnotes":""},"class_list":["post-127","page","type-page","status-publish","hentry"],"_links":{"self":[{"href":"https:\/\/www.kitoval.fi\/index.php?rest_route=\/wp\/v2\/pages\/127"}],"collection":[{"href":"https:\/\/www.kitoval.fi\/index.php?rest_route=\/wp\/v2\/pages"}],"about":[{"href":"https:\/\/www.kitoval.fi\/index.php?rest_route=\/wp\/v2\/types\/page"}],"author":[{"embeddable":true,"href":"https:\/\/www.kitoval.fi\/index.php?rest_route=\/wp\/v2\/users\/1"}],"replies":[{"embeddable":true,"href":"https:\/\/www.kitoval.fi\/index.php?rest_route=%2Fwp%2Fv2%2Fcomments&post=127"}],"version-history":[{"count":5,"href":"https:\/\/www.kitoval.fi\/index.php?rest_route=\/wp\/v2\/pages\/127\/revisions"}],"predecessor-version":[{"id":1049,"href":"https:\/\/www.kitoval.fi\/index.php?rest_route=\/wp\/v2\/pages\/127\/revisions\/1049"}],"up":[{"embeddable":true,"href":"https:\/\/www.kitoval.fi\/index.php?rest_route=\/wp\/v2\/pages\/121"}],"wp:attachment":[{"href":"https:\/\/www.kitoval.fi\/index.php?rest_route=%2Fwp%2Fv2%2Fmedia&parent=127"}],"curies":[{"name":"wp","href":"https:\/\/api.w.org\/{rel}","templated":true}]}}