{"id":188,"date":"2015-10-09T17:57:42","date_gmt":"2015-10-09T14:57:42","guid":{"rendered":"http:\/\/www.kitoval.fi\/?page_id=188"},"modified":"2024-03-13T20:19:11","modified_gmt":"2024-03-13T18:19:11","slug":"avtalsdokument","status":"publish","type":"page","link":"https:\/\/www.kitoval.fi\/?page_id=188","title":{"rendered":"Avtalsdokument"},"content":{"rendered":"<p><a href=\"http:\/\/www.kitoval.fi\/wp-content\/uploads\/2016\/04\/Bruksavtal-Kayttosopimus_2024.docx\">Bruksavtal<\/a><br \/>\n<a href=\"http:\/\/www.kitoval.fi\/wp-content\/uploads\/2015\/10\/Avtalsvillkor-24.5.2016.pdf\">Avtalsvillkor<\/a><br \/>\n<a href=\"http:\/\/www.kitoval.fi\/wp-content\/uploads\/2015\/10\/avtalsvillkor_andring_150619.pdf\">Avtalsvillkor (\u00e4ndring 15.05.2019)<\/a><br \/>\n<a href=\"http:\/\/www.kitoval.fi\/wp-content\/uploads\/2015\/10\/allmleveransvillkor.pdf\">Allm\u00e4nna leveransvillkor f\u00f6r vattentj\u00e4nstverk<\/a><br \/>\n<a href=\"http:\/\/www.kitoval.fi\/wp-content\/uploads\/2016\/04\/Nyanslutningar_info.pdf\">Nya anslutningar till stamledningen -info<\/a><\/p>\n<p>Kit\u00f6 Vattenandelslags utbyggnad av V\/A- och fiberkabeln\u00e4t p\u00e5 det nuvarande omr\u00e5det, som omfattar \u00f6stra L\u00f6par\u00f6, Kit\u00f6, och Tallholmarna, samt p\u00e5 fastlandet N\u00e4set, Spjutsund by, Hemisn\u00e4set och Sandviksudden, blev klart v\u00e5ren 2019. Under de f\u00f6ljande \u00e5ren har flera nya abonnenter anslutit sig till det befintliga n\u00e4tet. Nya intressenter bedes kontakta andelslaget och kan inh\u00e4mta information om villkor och kostnader f\u00f6r anslutning till stamn\u00e4tet via l\u00e4nken \u201dNya anslutningar till stamledningen\u201d ovan.<\/p>\n<p>Vattenandelslaget har unders\u00f6kt m\u00f6jligheten att bygga ut V\/A- och fiberkabeln\u00e4tet till nordv\u00e4stra och v\u00e4stra L\u00f6par\u00f6. Prelimin\u00e4ra r\u00f6rdragningar har planerats och kostnader uppskattats. F\u00f6r beslut att bygga ut n\u00e4tverket fodras att ett tillr\u00e4ckligt stort antal abonnenter kan bindas till projektet, i avsikt att h\u00e5lla anslutningsavgiften p\u00e5 en rimlig niv\u00e5. Tills vidare har inte ekonomiska f\u00f6ruts\u00e4ttningar funnits f\u00f6r att starta utbyggnaden.<\/p>\n","protected":false},"excerpt":{"rendered":"<p>Bruksavtal Avtalsvillkor Avtalsvillkor (\u00e4ndring 15.05.2019) Allm\u00e4nna leveransvillkor f\u00f6r vattentj\u00e4nstverk Nya anslutningar till stamledningen -info Kit\u00f6 Vattenandelslags utbyggnad av V\/A- och<\/p>\n<p class=\"readmore\"><a href=\"https:\/\/www.kitoval.fi\/?page_id=188\" title=\"Read Avtalsdokument\">Read more &raquo;<\/a><\/p>\n","protected":false},"author":1,"featured_media":0,"parent":119,"menu_order":5,"comment_status":"closed","ping_status":"closed","template":"","meta":{"_monsterinsights_skip_tracking":false,"_monsterinsights_sitenote_active":false,"_monsterinsights_sitenote_note":"","_monsterinsights_sitenote_category":0,"footnotes":""},"class_list":["post-188","page","type-page","status-publish","hentry"],"_links":{"self":[{"href":"https:\/\/www.kitoval.fi\/index.php?rest_route=\/wp\/v2\/pages\/188"}],"collection":[{"href":"https:\/\/www.kitoval.fi\/index.php?rest_route=\/wp\/v2\/pages"}],"about":[{"href":"https:\/\/www.kitoval.fi\/index.php?rest_route=\/wp\/v2\/types\/page"}],"author":[{"embeddable":true,"href":"https:\/\/www.kitoval.fi\/index.php?rest_route=\/wp\/v2\/users\/1"}],"replies":[{"embeddable":true,"href":"https:\/\/www.kitoval.fi\/index.php?rest_route=%2Fwp%2Fv2%2Fcomments&post=188"}],"version-history":[{"count":12,"href":"https:\/\/www.kitoval.fi\/index.php?rest_route=\/wp\/v2\/pages\/188\/revisions"}],"predecessor-version":[{"id":1048,"href":"https:\/\/www.kitoval.fi\/index.php?rest_route=\/wp\/v2\/pages\/188\/revisions\/1048"}],"up":[{"embeddable":true,"href":"https:\/\/www.kitoval.fi\/index.php?rest_route=\/wp\/v2\/pages\/119"}],"wp:attachment":[{"href":"https:\/\/www.kitoval.fi\/index.php?rest_route=%2Fwp%2Fv2%2Fmedia&parent=188"}],"curies":[{"name":"wp","href":"https:\/\/api.w.org\/{rel}","templated":true}]}}