{"id":21,"date":"2015-10-07T19:12:28","date_gmt":"2015-10-07T16:12:28","guid":{"rendered":"http:\/\/www.kitoval.fi\/?page_id=21"},"modified":"2025-10-27T16:30:36","modified_gmt":"2025-10-27T14:30:36","slug":"kontakt","status":"publish","type":"page","link":"https:\/\/www.kitoval.fi\/?page_id=21","title":{"rendered":"Kontakt"},"content":{"rendered":"<div class=\"entry-content\">\n<p><strong>Styrelsen:<br \/>\n<\/strong>Du n\u00e5r hela styrelsen p\u00e5 adressen styrelse@kitoval.fi.<\/p>\n<p>Sten Sundberg, ordf\u00f6rande<br \/>\n044-5155413<br \/>\nsten.sundberg@kitoval.fi<\/p>\n<p>Carl Wil\u00e9n, viceordf\u00f6rande<br \/>\n040-0441227<br \/>\nlalle.wilen@gmail.com<\/p>\n<p>Henrik Johansson<br \/>\n040-5028364<br \/>\nhenrik.johansson@kitoval.fi<\/p>\n<p>Tove Nickl\u00e9n<br \/>\n044-3040350<br \/>\ntove.nicklen@kitoval.fi<\/p>\n<p>Annika Wermunds\u00e9n<br \/>\n040-0476527<br \/>\nannika.wermundsen@kitoval.fi<\/p>\n<p>Ritva Dahlstr\u00f6m<br \/>\n040-5405825<br \/>\nriia.dahl@kitoval.fi<\/p>\n<p>Jens S\u00f6derholm<br \/>\n0400-753399<br \/>\njens.soderholm@kotikone.fi<\/p>\n<p><strong>Styrelsesuppleanter<\/strong>:<br \/>\nTeemu Salonen<br \/>\n050-5311973<br \/>\ntesalone@gmail.com<\/p>\n<p>Mikael Lind\u00e9n<br \/>\n050-5210310<br \/>\nmikael@huvipiste.fi<\/p>\n<p>Manu Rimpel\u00e4<br \/>\n045-6041560<br \/>\nmanu.rimpela@gmail.com<\/p>\n<p><strong>Fakturering:<br \/>\n<\/strong>fakturering@kitoval.fi<\/p>\n<p><strong>Service:<br \/>\n<\/strong><span style=\"text-decoration: underline;\">Avloppspumpservice<\/span><br \/>\nOy Linmar Ab<br \/>\nM\u00e5-Fre 8.00-16:00, 16:00 \u2013 enligt \u00f6verenskommelse<br \/>\n040-5509817<br \/>\n<a href=\"mailto:info@linmar.fi\">info@linmar.fi<br \/>\n<\/a><a href=\"http:\/\/linmar.fi\/\">http:\/\/linmar.fi\/<\/a><\/p>\n<p><span style=\"text-decoration: underline;\">R\u00f6r- och elarbeten<\/span><br \/>\nK.A. Stendahl<br \/>\n019-529 6000<\/p>\n<p><strong>Jour:<\/strong><br \/>\n040-7288887<\/p>\n<p><strong>Webmaster:<br \/>\n<\/strong>webmaster@kitoval.fi<\/p>\n<\/div>\n","protected":false},"excerpt":{"rendered":"<p>Styrelsen: Du n\u00e5r hela styrelsen p\u00e5 adressen styrelse@kitoval.fi. Sten Sundberg, ordf\u00f6rande 044-5155413 sten.sundberg@kitoval.fi Carl Wil\u00e9n, viceordf\u00f6rande 040-0441227 lalle.wilen@gmail.com Henrik Johansson<\/p>\n<p class=\"readmore\"><a href=\"https:\/\/www.kitoval.fi\/?page_id=21\" title=\"Read Kontakt\">Read more &raquo;<\/a><\/p>\n","protected":false},"author":1,"featured_media":0,"parent":0,"menu_order":3,"comment_status":"closed","ping_status":"closed","template":"","meta":{"_monsterinsights_skip_tracking":false,"_monsterinsights_sitenote_active":false,"_monsterinsights_sitenote_note":"","_monsterinsights_sitenote_category":0,"footnotes":""},"class_list":["post-21","page","type-page","status-publish","hentry"],"_links":{"self":[{"href":"https:\/\/www.kitoval.fi\/index.php?rest_route=\/wp\/v2\/pages\/21"}],"collection":[{"href":"https:\/\/www.kitoval.fi\/index.php?rest_route=\/wp\/v2\/pages"}],"about":[{"href":"https:\/\/www.kitoval.fi\/index.php?rest_route=\/wp\/v2\/types\/page"}],"author":[{"embeddable":true,"href":"https:\/\/www.kitoval.fi\/index.php?rest_route=\/wp\/v2\/users\/1"}],"replies":[{"embeddable":true,"href":"https:\/\/www.kitoval.fi\/index.php?rest_route=%2Fwp%2Fv2%2Fcomments&post=21"}],"version-history":[{"count":34,"href":"https:\/\/www.kitoval.fi\/index.php?rest_route=\/wp\/v2\/pages\/21\/revisions"}],"predecessor-version":[{"id":1170,"href":"https:\/\/www.kitoval.fi\/index.php?rest_route=\/wp\/v2\/pages\/21\/revisions\/1170"}],"wp:attachment":[{"href":"https:\/\/www.kitoval.fi\/index.php?rest_route=%2Fwp%2Fv2%2Fmedia&parent=21"}],"curies":[{"name":"wp","href":"https:\/\/api.w.org\/{rel}","templated":true}]}}