{"id":293,"date":"2015-10-10T12:11:42","date_gmt":"2015-10-10T09:11:42","guid":{"rendered":"http:\/\/www.kitoval.fi\/?page_id=293"},"modified":"2024-03-13T19:55:45","modified_gmt":"2024-03-13T17:55:45","slug":"hankeuutiset","status":"publish","type":"page","link":"https:\/\/www.kitoval.fi\/?page_id=293","title":{"rendered":"Hankkeen ensi vaiheet 2014-15"},"content":{"rendered":"<p><strong>Vesihuolto toimii Kit\u00f6n saarella<\/strong><\/p>\n<p>Vuoden ajan kest\u00e4neiden tehokkaiden kaivu- ja putkit\u00f6iden j\u00e4lkeen Kit\u00f6n Vesiosuuskuntaan liittyneill\u00e4 kiinteist\u00f6ill\u00e4 on nyt kunnan vett\u00e4 vesiputkissaan.\u00a0 Projekti on viety p\u00e4\u00e4t\u00f6kseen sovitussa aikataulussa ja budjetissa. Vesiosuuskunta vastaanotti ty\u00f6n urakoitsijalta Oy Mc Machine Ab:lta helmikuun 6 p\u00e4iv\u00e4n\u00e4 2015. Kun infrastruktuuriverkosto nyt on luovutettu tilaajalle (er\u00e4in kirjatuin puuttein) alkaa kaksivuotinen takuuaika.<\/p>\n<p>Kit\u00f6n ja L\u00f6par\u00f6n alueella on 87 V\/V-verkostoon liittynytt\u00e4 kiinteist\u00f6\u00e4. Suuri osa n\u00e4ist\u00e4 eiv\u00e4t viel\u00e4 ole suorittaneet loppuun putkivedot kiinteist\u00f6ll\u00e4 ja liit\u00e4nn\u00e4t rakennuksiin. Kehotamme n\u00e4it\u00e4 kiinteist\u00f6nomistajia saattamaan loppuun putki- ja kytkent\u00e4ty\u00f6t mahdollisimman pian. Vesiosuuskunnan kotisivulla l\u00f6ytyy useamman urakoitsijan yhteystiedot. On aika aloittaa ty\u00f6t, kes\u00e4n l\u00e4hestyess\u00e4 usealla urakoitsijalla saattaa olla muita kiireit\u00e4. Kotisivulta l\u00f6ytyy my\u00f6s Vesiosuuskunnan huoltomiehen Timo Suojasen yhteystiedot.<\/p>\n<p>Vesiosuuskunta on uusien haasteiden edess\u00e4. N\u00e4setin alueen laajennusty\u00f6t ja laajakaistan yhteyskaapelin rakentaminen Boxista Kit\u00f6seen ovat nyt vuorossa. Liittymistiheys (tehdyt liittymis- ja k\u00e4ytt\u00f6sopimukset) on N\u00e4setin etel\u00e4isell\u00e4 alueella tyydytt\u00e4v\u00e4, mutta keski- ja pohjoisosissa kaivataan useampi tilaaja jotta laajennusty\u00f6t voidaan toteuttaa taloudellisesti j\u00e4rkev\u00e4ll\u00e4 tavalla. Rahoituksen tukitarve on ilmeinen sek\u00e4 V\/V- ett\u00e4 laajakaistaverkostolle jotta liittymismaksut voidaan pit\u00e4\u00e4 j\u00e4rkev\u00e4ll\u00e4 tasolla. Hakemusty\u00f6 on k\u00e4ynniss\u00e4, mutta se vuorostaan edellytt\u00e4\u00e4 projektien kilpailuttamisen. Ennen kuin rahoitusp\u00e4\u00e4t\u00f6kset ovat varmistuneet Vesiosuuskunta ei voi ottaa laajennusty\u00f6n aloittamisen riski\u00e4. Siksi voimme olettaa, ett\u00e4 ty\u00f6t k\u00e4ynnistyv\u00e4t aikaisintaan kev\u00e4\u00e4n aikana, edellytt\u00e4en ett\u00e4 N\u00e4setin alueella saadaan useampia liittyji\u00e4 Kit\u00f6n Vesiosuuskuntaan.<\/p>\n<p><a href=\"http:\/\/www.kitoval.fi\/wp-content\/uploads\/2015\/10\/img11752.jpg\"><img loading=\"lazy\" decoding=\"async\" class=\"wp-image-289 size-full aligncenter\" src=\"http:\/\/www.kitoval.fi\/wp-content\/uploads\/2015\/10\/img11752.jpg\" alt=\"img11752\" width=\"510\" height=\"383\" srcset=\"https:\/\/www.kitoval.fi\/wp-content\/uploads\/2015\/10\/img11752.jpg 510w, https:\/\/www.kitoval.fi\/wp-content\/uploads\/2015\/10\/img11752-300x225.jpg 300w\" sizes=\"(max-width: 510px) 100vw, 510px\" \/><\/a><em>Projektin luovutus Vess\u00f6n saaressa j\u00e4rjestetyll\u00e4 lounaalla. Vasemmalta Ove Tallberg, Kit\u00f6n Vesiosuuskunnan puheenjohtaja, Markus Blomqvist, Mc Machine ja Bj\u00f6rn Backstr\u00f6m, suunnittelija ja valvoja.<\/em><\/p>\n<p style=\"text-align: center;\"><em><a href=\"http:\/\/www.kitoval.fi\/wp-content\/uploads\/2015\/10\/img0922copy.jpg\"><img loading=\"lazy\" decoding=\"async\" class=\"size-full wp-image-290 aligncenter\" src=\"http:\/\/www.kitoval.fi\/wp-content\/uploads\/2015\/10\/img0922copy.jpg\" alt=\"img0922copy\" width=\"510\" height=\"383\" srcset=\"https:\/\/www.kitoval.fi\/wp-content\/uploads\/2015\/10\/img0922copy.jpg 510w, https:\/\/www.kitoval.fi\/wp-content\/uploads\/2015\/10\/img0922copy-300x225.jpg 300w\" sizes=\"(max-width: 510px) 100vw, 510px\" \/><\/a>Putkit\u00f6it\u00e4 L\u00f6par\u00f6ss\u00e4.<\/em><\/p>\n<p style=\"text-align: center;\"><em><a href=\"http:\/\/www.kitoval.fi\/wp-content\/uploads\/2015\/10\/img3796copy.jpg\"><img loading=\"lazy\" decoding=\"async\" class=\"alignnone size-full wp-image-284\" src=\"http:\/\/www.kitoval.fi\/wp-content\/uploads\/2015\/10\/img3796copy.jpg\" alt=\"img3796copy\" width=\"510\" height=\"340\" srcset=\"https:\/\/www.kitoval.fi\/wp-content\/uploads\/2015\/10\/img3796copy.jpg 510w, https:\/\/www.kitoval.fi\/wp-content\/uploads\/2015\/10\/img3796copy-300x200.jpg 300w\" sizes=\"(max-width: 510px) 100vw, 510px\" \/><br \/>\n<\/a>TJ Blomqvist mielipuuhassaan<br \/>\n<\/em><\/p>\n<p style=\"text-align: center;\"><em><a href=\"http:\/\/www.kitoval.fi\/wp-content\/uploads\/2015\/10\/509copy.jpg\"><img loading=\"lazy\" decoding=\"async\" class=\"size-full wp-image-281 aligncenter\" src=\"http:\/\/www.kitoval.fi\/wp-content\/uploads\/2015\/10\/509copy.jpg\" alt=\"509copy\" width=\"510\" height=\"383\" srcset=\"https:\/\/www.kitoval.fi\/wp-content\/uploads\/2015\/10\/509copy.jpg 510w, https:\/\/www.kitoval.fi\/wp-content\/uploads\/2015\/10\/509copy-300x225.jpg 300w\" sizes=\"(max-width: 510px) 100vw, 510px\" \/><\/a>Kun putket tulevat merelt\u00e4 ne kaivetaan pohjaan.<br \/>\n<\/em><\/p>\n<p style=\"text-align: center;\"><em><a href=\"http:\/\/www.kitoval.fi\/wp-content\/uploads\/2015\/10\/571copy.jpg\"><img loading=\"lazy\" decoding=\"async\" class=\"size-full wp-image-282 aligncenter\" src=\"http:\/\/www.kitoval.fi\/wp-content\/uploads\/2015\/10\/571copy.jpg\" alt=\"571copy\" width=\"450\" height=\"600\" srcset=\"https:\/\/www.kitoval.fi\/wp-content\/uploads\/2015\/10\/571copy.jpg 450w, https:\/\/www.kitoval.fi\/wp-content\/uploads\/2015\/10\/571copy-225x300.jpg 225w\" sizes=\"(max-width: 450px) 100vw, 450px\" \/><\/a>T\u00e4ss\u00e4 putket porataan Kit\u00f6n tien alitse.<br \/>\n<\/em><\/p>\n<p style=\"text-align: center;\"><em><a href=\"http:\/\/www.kitoval.fi\/wp-content\/uploads\/2015\/10\/img4708.jpg\"><img loading=\"lazy\" decoding=\"async\" class=\"size-full wp-image-288 aligncenter\" src=\"http:\/\/www.kitoval.fi\/wp-content\/uploads\/2015\/10\/img4708.jpg\" alt=\"img4708\" width=\"511\" height=\"249\" srcset=\"https:\/\/www.kitoval.fi\/wp-content\/uploads\/2015\/10\/img4708.jpg 511w, https:\/\/www.kitoval.fi\/wp-content\/uploads\/2015\/10\/img4708-300x146.jpg 300w\" sizes=\"(max-width: 511px) 100vw, 511px\" \/><\/a>Merenpohjaan putket asennettiin proomun avulla.<br \/>\n<\/em><\/p>\n<p style=\"text-align: center;\"><strong>***<\/strong><\/p>\n<p style=\"text-align: left;\"><strong>Rakennusty\u00f6t on aloitettu Kit\u00f6ss\u00e4<br \/>\n<\/strong><\/p>\n<p>Osuuskunnan rakennusprojekti on vihdoin saatu k\u00e4yntiin melkein nelj\u00e4n vuoden valmisteluvaiheen j\u00e4lkeen. Projekti, joka k\u00e4sitt\u00e4\u00e4 vesi- ja viem\u00e4rij\u00e4rjestelm\u00e4n, kuitukaapelin sek\u00e4 s\u00e4hk\u00f6kaapelin rakentamisen, palvelee koko seutua, ensimm\u00e4isess\u00e4 vaiheessa Kit\u00f6n saarta. Ensimm\u00e4isen vaiheen rakennusty\u00f6t k\u00e4sitt\u00e4v\u00e4t Siverlandetin liittym\u00e4kohdan, vedenalaiset putket Tallholmenin saariin, L\u00f6par\u00f6n ja Kit\u00f6n koillisk\u00e4rkeen ja putkiverkoston joka kattaa p\u00e4\u00e4osan Kit\u00f6n saaresta. Urakkasopimus on tehty Mc Machinery Oy:n kanssa.<\/p>\n<p>Vaiheen 2 rakennusty\u00f6t alueella 1 (N\u00e4set ja it\u00e4inen L\u00f6par\u00f6, sek\u00e4 kuitukaapelin keskusyksikk\u00f6 ja liit\u00e4nt\u00e4) ajoittuvat vuodelle 2015 ja alueen 2 (N\u00e4set pohjoinen osa, Martis, Hemisn\u00e4s) vuodelle 2015-2016. Alueiden 3 ja 4 rakennusty\u00f6t aloitetaan vuonna 2017. Vesi- ja viem\u00e4riverkoston laajentaminen erityisesti harvaan asutuille alueille vaatii riitt\u00e4v\u00e4n m\u00e4\u00e4r\u00e4n j\u00e4senliittymi\u00e4 ja rahoituksen j\u00e4rjestymist\u00e4 esimerkiksi ELY-keskuksen kaapeliverkoston tuen muodossa. Lis\u00e4tietoja l\u00f6yd\u00e4t kohdasta Osuuskunnan kokoukset\/Ylim\u00e4\u00e4r\u00e4inen osuuskunnan kokous 2013.<\/p>\n<p style=\"text-align: center;\"><a href=\"http:\/\/www.kitoval.fi\/wp-content\/uploads\/2015\/10\/img1427.jpg\"><img loading=\"lazy\" decoding=\"async\" class=\"size-full wp-image-283 aligncenter\" src=\"http:\/\/www.kitoval.fi\/wp-content\/uploads\/2015\/10\/img1427.jpg\" alt=\"img1427\" width=\"510\" height=\"340\" srcset=\"https:\/\/www.kitoval.fi\/wp-content\/uploads\/2015\/10\/img1427.jpg 510w, https:\/\/www.kitoval.fi\/wp-content\/uploads\/2015\/10\/img1427-300x200.jpg 300w\" sizes=\"(max-width: 510px) 100vw, 510px\" \/><\/a><em>Kolme puuhamiest\u00e4: vasemmalta Ove Tallberg, Kit\u00f6VAL puheenjohtaja, Bj\u00f6rn Backstr\u00f6m, valvoja och Markus Blomqvist, urakoitsija..<\/em><\/p>\n<p><a href=\"http:\/\/www.kitoval.fi\/wp-content\/uploads\/2015\/10\/img4097.jpg\"><img loading=\"lazy\" decoding=\"async\" class=\"size-full wp-image-285 aligncenter\" src=\"http:\/\/www.kitoval.fi\/wp-content\/uploads\/2015\/10\/img4097.jpg\" alt=\"img4097\" width=\"510\" height=\"383\" srcset=\"https:\/\/www.kitoval.fi\/wp-content\/uploads\/2015\/10\/img4097.jpg 510w, https:\/\/www.kitoval.fi\/wp-content\/uploads\/2015\/10\/img4097-300x225.jpg 300w\" sizes=\"(max-width: 510px) 100vw, 510px\" \/><\/a><\/p>\n<p><a href=\"http:\/\/www.kitoval.fi\/wp-content\/uploads\/2015\/10\/img4100.jpg\"><img loading=\"lazy\" decoding=\"async\" class=\"size-full wp-image-286 aligncenter\" src=\"http:\/\/www.kitoval.fi\/wp-content\/uploads\/2015\/10\/img4100.jpg\" alt=\"img4100\" width=\"510\" height=\"268\" srcset=\"https:\/\/www.kitoval.fi\/wp-content\/uploads\/2015\/10\/img4100.jpg 510w, https:\/\/www.kitoval.fi\/wp-content\/uploads\/2015\/10\/img4100-300x158.jpg 300w\" sizes=\"(max-width: 510px) 100vw, 510px\" \/><\/a><\/p>\n<p style=\"text-align: center;\"><a href=\"http:\/\/www.kitoval.fi\/wp-content\/uploads\/2015\/10\/img4104.jpg\"><img loading=\"lazy\" decoding=\"async\" class=\"size-full wp-image-287 aligncenter\" src=\"http:\/\/www.kitoval.fi\/wp-content\/uploads\/2015\/10\/img4104.jpg\" alt=\"img4104\" width=\"501\" height=\"600\" srcset=\"https:\/\/www.kitoval.fi\/wp-content\/uploads\/2015\/10\/img4104.jpg 501w, https:\/\/www.kitoval.fi\/wp-content\/uploads\/2015\/10\/img4104-251x300.jpg 251w\" sizes=\"(max-width: 501px) 100vw, 501px\" \/><br \/>\n<\/a><em>Ty\u00f6t ovat t\u00e4ydess\u00e4 k\u00e4ynniss\u00e4, tammikuu 2014<\/em><\/p>\n","protected":false},"excerpt":{"rendered":"<p>Vesihuolto toimii Kit\u00f6n saarella Vuoden ajan kest\u00e4neiden tehokkaiden kaivu- ja putkit\u00f6iden j\u00e4lkeen Kit\u00f6n Vesiosuuskuntaan liittyneill\u00e4 kiinteist\u00f6ill\u00e4 on nyt kunnan vett\u00e4<\/p>\n<p class=\"readmore\"><a href=\"https:\/\/www.kitoval.fi\/?page_id=293\" title=\"Read Hankkeen ensi vaiheet 2014-15\">Read more &raquo;<\/a><\/p>\n","protected":false},"author":1,"featured_media":0,"parent":39,"menu_order":2,"comment_status":"closed","ping_status":"closed","template":"","meta":{"_monsterinsights_skip_tracking":false,"_monsterinsights_sitenote_active":false,"_monsterinsights_sitenote_note":"","_monsterinsights_sitenote_category":0,"footnotes":""},"class_list":["post-293","page","type-page","status-publish","hentry"],"_links":{"self":[{"href":"https:\/\/www.kitoval.fi\/index.php?rest_route=\/wp\/v2\/pages\/293"}],"collection":[{"href":"https:\/\/www.kitoval.fi\/index.php?rest_route=\/wp\/v2\/pages"}],"about":[{"href":"https:\/\/www.kitoval.fi\/index.php?rest_route=\/wp\/v2\/types\/page"}],"author":[{"embeddable":true,"href":"https:\/\/www.kitoval.fi\/index.php?rest_route=\/wp\/v2\/users\/1"}],"replies":[{"embeddable":true,"href":"https:\/\/www.kitoval.fi\/index.php?rest_route=%2Fwp%2Fv2%2Fcomments&post=293"}],"version-history":[{"count":2,"href":"https:\/\/www.kitoval.fi\/index.php?rest_route=\/wp\/v2\/pages\/293\/revisions"}],"predecessor-version":[{"id":1016,"href":"https:\/\/www.kitoval.fi\/index.php?rest_route=\/wp\/v2\/pages\/293\/revisions\/1016"}],"up":[{"embeddable":true,"href":"https:\/\/www.kitoval.fi\/index.php?rest_route=\/wp\/v2\/pages\/39"}],"wp:attachment":[{"href":"https:\/\/www.kitoval.fi\/index.php?rest_route=%2Fwp%2Fv2%2Fmedia&parent=293"}],"curies":[{"name":"wp","href":"https:\/\/api.w.org\/{rel}","templated":true}]}}