{"id":445,"date":"2016-03-22T12:12:09","date_gmt":"2016-03-22T10:12:09","guid":{"rendered":"http:\/\/www.kitoval.fi\/?page_id=445"},"modified":"2024-03-13T19:58:57","modified_gmt":"2024-03-13T17:58:57","slug":"andelslagets-historik","status":"publish","type":"page","link":"https:\/\/www.kitoval.fi\/?page_id=445","title":{"rendered":"Andelslagets historik"},"content":{"rendered":"<h3>Fr\u00e5n ide till verklighet &#8211; en framg\u00e5ngshistoria<\/h3>\n<table style=\"height: 2474px;\" width=\"500\">\n<tbody>\n<tr>\n<td width=\"90\"><strong>2009 &#8211; 2010<\/strong><\/td>\n<td style=\"text-align: left;\" width=\"411\">D\u00e5 Sibbo kommun planerar en utbyggnad av vatten och avlopp p\u00e5 Siverlandet, v\u00e4cks iden att bygga en forts\u00e4ttning till L\u00f6par\u00f6, Kit\u00f6 och s\u00f6dra delen av Spjutsund.<br \/>\nEn konceptuell plan best\u00e4lls i f\u00f6reningen Pro Morsvikens namn och st\u00f6d s\u00f6ks fr\u00e5n Silmu.<\/td>\n<\/tr>\n<tr>\n<td width=\"90\"><strong>2010 februari<\/strong><\/td>\n<td style=\"text-align: left;\" width=\"411\">Ett byam\u00f6te sammankallas i Byarsborg med stor uppslutning och m\u00f6tet besluter att grunda ett vattenandelslag. En styrelse med Ove Tallberg som ordf\u00f6rande v\u00e4ljs.<\/td>\n<\/tr>\n<tr>\n<td width=\"90\"><strong>2010 maj<\/strong><\/td>\n<td style=\"text-align: left;\" width=\"411\">Kit\u00f6 vattenandelslag grundas och n\u00e4rmare 180 fastigheter ansluter sig som medlemmar. Medlemmarna kommer fr\u00e5n alla fyra delomr\u00e5den.<\/td>\n<\/tr>\n<tr>\n<td width=\"90\"><strong>2011 oktober<\/strong><\/td>\n<td style=\"text-align: left;\" width=\"411\">Generalplan med kostnadsuppskattning f\u00f6r omr\u00e5dena 1 \u2013 4 blir f\u00e4rdig. Planen \u00e4r utf\u00f6rd av Bj\u00f6rn Backstr\u00f6m Oy Ab (som han senare s\u00e4ljer till SKT Suomi Oy)<\/td>\n<\/tr>\n<tr>\n<td width=\"90\"><strong>2012 september<\/strong><\/td>\n<td style=\"text-align: left;\" width=\"411\">Sibbo kommuns tekniska tj\u00e4nstem\u00e4n rekommenderar att vi ans\u00f6ker om att v\u00e5rt omr\u00e5de g\u00f6rs till ett \u201dverksamhetsomr\u00e5de\u201d i enlighet med vattenf\u00f6rs\u00f6rjningslagen. V\u00e5r ans\u00f6kan m\u00f6ter kompakt motst\u00e5nd i Sibbo kommunalfullm\u00e4ktige och kommunal borgen beviljas inte. Tj\u00e4nstem\u00e4nnen ger oss trots detta starkt st\u00f6d och vi besluter att \u00e4nd\u00e5 g\u00e5 vidare. Vi tar v\u00e5r f\u00f6rsta f\u00f6rhandlingskontakt med LPOnet.<\/td>\n<\/tr>\n<tr>\n<td width=\"90\"><strong>2012 november<\/strong><\/td>\n<td style=\"text-align: left;\" width=\"411\">Offertt\u00e4vlingen f\u00f6r byggplanering f\u00f6r VA och fiberkabeln\u00e4t p\u00e5 omr\u00e5de avg\u00f6rs. Bj\u00f6rn Backstr\u00f6m resp. KeyPro v\u00e4ljs f\u00f6r uppdraget.<\/td>\n<\/tr>\n<tr>\n<td width=\"90\"><strong>2012 december<\/strong><\/td>\n<td style=\"text-align: left;\" width=\"411\">NTM-centralen godk\u00e4nner v\u00e5r st\u00f6dans\u00f6kan f\u00f6r byan\u00e4t, dvs. fiberkabeln\u00e4tet.<\/td>\n<\/tr>\n<tr>\n<td width=\"90\"><strong>2013 februari<\/strong><\/td>\n<td style=\"text-align: left;\" width=\"411\">Kit\u00f6VAL:s broschyr klar f\u00f6r distribution.<\/td>\n<\/tr>\n<tr>\n<td width=\"90\"><strong>2013 mars<\/strong><\/td>\n<td style=\"text-align: left;\" width=\"411\">Detaljplanerna f\u00f6r VA och fiberkabeln\u00e4tet p\u00e5 omr\u00e5de 1 klara.<\/td>\n<\/tr>\n<tr>\n<td width=\"90\"><strong>2013 mars<\/strong><\/td>\n<td style=\"text-align: left;\" width=\"411\">Samarbetsavtal med Sydfinska Energi undertecknas. Kit\u00f6VAL \u00e5tar sig att l\u00e4gga deras skyddsr\u00f6r m.m. i samma diken som VA-r\u00f6ren och fiberkablarna mot en sk\u00e4lig ers\u00e4ttning per meter.<\/td>\n<\/tr>\n<tr>\n<td width=\"90\"><strong>2013 jan &#8211; april<\/strong><\/td>\n<td style=\"text-align: left;\" width=\"411\">F\u00f6rhandlingar med Sibbo kommun om villkoren f\u00f6r anslutning till kommunens vatten och avloppsn\u00e4t. Villkoren blir f\u00f6rdelaktiga.<\/td>\n<\/tr>\n<tr>\n<td width=\"90\"><strong>2013 mars<\/strong><\/td>\n<td style=\"text-align: left;\" width=\"411\">Sibbo kommun beviljar kommunal borgen upp till 600.000 \u20ac f\u00f6r byggnadstidens l\u00e5n.<\/td>\n<\/tr>\n<tr>\n<td width=\"90\"><strong>2013 augusti<\/strong><\/td>\n<td style=\"text-align: left;\" width=\"411\">Offertt\u00e4vlingen f\u00f6r entreprenaden p\u00e5 omr\u00e5de 1 avg\u00f6rs. McMachine Oy v\u00e4ljs tillsammans med Fiber Highway.<\/td>\n<\/tr>\n<tr>\n<td width=\"90\"><strong>2013 november<\/strong><\/td>\n<td style=\"text-align: left;\" width=\"411\">Andelsst\u00e4mman godk\u00e4nner styrelsens f\u00f6rslag till anslutningskontrakt med alla bilagor och fattar ett investeringsbeslut f\u00f6r Kit\u00f6 och L\u00f6par\u00f6.<\/td>\n<\/tr>\n<tr>\n<td width=\"90\"><strong>2013 december<\/strong><\/td>\n<td style=\"text-align: left;\" width=\"411\">NTM centralen godk\u00e4nner st\u00f6dans\u00f6kan f\u00f6r v\u00e5rt fiberkabeln\u00e4t p\u00e5 Kit\u00f6 223.000 \u20ac.<\/td>\n<\/tr>\n<tr>\n<td width=\"90\"><strong>2013 december<\/strong><\/td>\n<td style=\"text-align: left;\" width=\"411\">Antalet medlemmar vid \u00e5rsskiftet 217.<\/td>\n<\/tr>\n<tr>\n<td width=\"90\"><strong>2014<\/strong> <strong>januari<\/strong><\/td>\n<td style=\"text-align: left;\" width=\"411\">Entreprenadkontrakt signeras med McMachine Oy.<\/td>\n<\/tr>\n<tr>\n<td width=\"90\"><strong>2014 januari<\/strong><\/td>\n<td style=\"text-align: left;\" width=\"411\">Byggstart p\u00e5 Kit\u00f6 och anslutning till Sibbo kommuns n\u00e4t p\u00e5 Siverlandet samt ledningar under vatten till L\u00f6par\u00f6 och Kit\u00f6.<\/td>\n<\/tr>\n<tr>\n<td width=\"90\"><strong>2014 augusti<\/strong><\/td>\n<td style=\"text-align: left;\" width=\"411\">NTM godk\u00e4nner \u00e4ndringarna s\u00e5 att \u00e4ven L\u00f6par\u00f6sundet och L\u00f6par\u00f6s syd\u00f6stra h\u00f6rn inkluderas.<\/td>\n<\/tr>\n<tr>\n<td width=\"90\"><strong>2014 december<\/strong><\/td>\n<td style=\"text-align: left;\" width=\"411\">F\u00f6rsta byggnadsfasen (Kit\u00f6 och L\u00f6par\u00f6) mottagen. Sammanlagda linjer ca 16 km.<\/td>\n<\/tr>\n<tr>\n<td width=\"90\"><strong>2014 december<\/strong><\/td>\n<td style=\"text-align: left;\" width=\"411\">Antalet anslutningskontrakt vid \u00e5rsskiftet ca 100.<\/td>\n<\/tr>\n<tr>\n<td width=\"90\"><strong>2015 juni<\/strong><\/td>\n<td style=\"text-align: left;\" width=\"411\">Offert\u00e4vling f\u00f6r entreprenad p\u00e5 N\u00e4set. MacMachine forts\u00e4tter som v\u00e5r entrepren\u00f6r tillsammans med Fiber Highway.<\/td>\n<\/tr>\n<tr>\n<td width=\"90\"><strong>2015 juni<\/strong><\/td>\n<td style=\"text-align: left;\" width=\"411\">Gemensamt bygge av fiberkabel fr\u00e5n Byarsborg till Soneras st\u00f6dstation 800 m (Sonera + Elisa + Kit\u00f6 Vattenandelslag).<\/td>\n<\/tr>\n<tr>\n<td width=\"90\"><strong>2015 september<\/strong><\/td>\n<td style=\"text-align: left;\" width=\"411\">Samarbetsavtal med LPOnet, som d\u00e4rmed blir v\u00e5r operat\u00f6r.<\/td>\n<\/tr>\n<tr>\n<td width=\"90\"><strong>2015 september<\/strong><\/td>\n<td style=\"text-align: left;\" width=\"411\">Gemensamt bygge av ca 6 km fiberkabel l\u00e4ngs Spjutsundsv\u00e4gen. Sibbo kommun bygger samtidigt sin del av f\u00f6rbindelsekabeln 3 km.<\/td>\n<\/tr>\n<tr>\n<td width=\"90\"><strong>2015 september<\/strong><\/td>\n<td style=\"text-align: left;\" width=\"411\">Byggstart p\u00e5 N\u00e4set med ca 5 km nya linjer.<\/td>\n<\/tr>\n<tr>\n<td width=\"90\"><strong>2015 november<\/strong><\/td>\n<td style=\"text-align: left;\" width=\"411\">Teleutrymme installerad med LPOnets aktiva centralenhet. Inkoppling av fastighetsterminaler inleds. De f\u00f6rsta abonnenterna f\u00e5r njuta av full\u00f6diga teletj\u00e4nster.<\/td>\n<\/tr>\n<tr>\n<td width=\"90\"><strong>2016 januari<\/strong><\/td>\n<td style=\"text-align: left;\" width=\"411\">N\u00e4set till 80% klart. Ca 30 anslutningar p\u00e5 omr\u00e5det. Nya anslutningar \u00e4ven p\u00e5 Kit\u00f6. Kaj Kokko v\u00e4ljs till ny ordf\u00f6rande. F\u00f6rberedande arbete f\u00f6r n\u00e4sta fas, omr\u00e5de 2 inleds; Siverlandets anslutning, Sandviksudden, Hemisn\u00e4set, Kitas och norra N\u00e4set.<\/td>\n<\/tr>\n<tr>\n<td width=\"90\"><strong>2016 februari<\/strong><\/td>\n<td style=\"text-align: left;\" width=\"411\">NTM-centralen godk\u00e4nner v\u00e5r st\u00f6dans\u00f6kan f\u00f6r utbyggnad av fiberkabeln\u00e4tet p\u00e5 N\u00e4set.<\/td>\n<\/tr>\n<tr>\n<td width=\"90\"><strong>2016 april<\/strong><\/td>\n<td style=\"text-align: left;\" width=\"411\">Entreprenadf\u00f6rfr\u00e5gan om utbyggnad samt f\u00f6rfr\u00e5gan ang\u00e5ende planering av fibern\u00e4tet p\u00e5 sagda omr\u00e5de har skickats ut.<\/td>\n<\/tr>\n<tr>\n<td width=\"90\"><strong>2016 maj<\/strong><\/td>\n<td style=\"text-align: left;\" width=\"411\">Byggnadsarbetet p\u00e5 N\u00e4set \u00e4r i praktiken f\u00e4rdigt och f\u00f6rhandlingar om \u00f6vertagning kan p\u00e5b\u00f6rja.<\/td>\n<\/tr>\n<tr>\n<td width=\"90\"><strong>2016 september<\/strong><\/td>\n<td style=\"text-align: left;\" width=\"411\">Sibbo kommunalfullm\u00e4ktige besluter att ge Andelslaget en ny l\u00e5negaranti om 600 000 \u20ac f\u00f6r byggnadsarbeten under perioden fram till 31.12.2019.<\/td>\n<\/tr>\n<tr>\n<td width=\"90\"><strong>2016 november<\/strong><\/td>\n<td style=\"text-align: left;\" width=\"411\">L\u00e5neavtal med OP-banken om 600 000 \u20ac. L\u00e5net p\u00e5 350 430 \u20ac till OP-banken \u00e5terbetalas.<\/td>\n<\/tr>\n<tr>\n<td width=\"90\"><strong>2016 december<\/strong><\/td>\n<td style=\"text-align: left;\" width=\"411\">Prelimin\u00e4rt avtal med Linmar Ab ang\u00e5ende service av Andelslagets ca 200 avloppspumpar.<\/td>\n<\/tr>\n<tr>\n<td width=\"90\"><strong>2017 januari<\/strong><\/td>\n<td style=\"text-align: left;\" width=\"411\">Infom\u00f6te om utbyggnad av A\/V-n\u00e4tet mellan Sandviksudden och Spjutsund.<\/td>\n<\/tr>\n<tr>\n<td width=\"90\"><strong>2017 februari<\/strong><\/td>\n<td style=\"text-align: left;\" width=\"411\">Beslut om att starta urbyggnaden av omr\u00e5det \u00d6sterviksudden-Hemisviken-Sandviksudden (omr\u00e5de 2). Budgeten f\u00f6r delprojektet 1 360 000 \u20ac. Entrepen\u00f6ravtal med McMachine.<\/td>\n<\/tr>\n<tr>\n<td width=\"90\"><strong>2017 mars<\/strong><\/td>\n<td style=\"text-align: left;\" width=\"411\">Utbyggnaden av omr\u00e5det b\u00f6rjar vid Kit\u00f6v\u00e4gen<\/td>\n<\/tr>\n<tr>\n<td width=\"90\"><strong>2017 maj<\/strong><\/td>\n<td style=\"text-align: left;\" width=\"411\">Anslutningen av V\/A-n\u00e4tet till kommunens n\u00e4tverk placeras p\u00e5 Mattas g\u00e5rds \u00e4gor. R\u00f6ren dras till Stadsviken l\u00e4ngs stranden av K\u00f6nigsviken.<\/td>\n<\/tr>\n<tr>\n<td width=\"90\"><strong>2017 december<\/strong><\/td>\n<td style=\"text-align: left;\" width=\"411\">V\/A-systemet tas i bruk vid Kitas.<\/td>\n<\/tr>\n<tr>\n<td width=\"90\"><strong>2018 jan-jun<\/strong><\/td>\n<td style=\"text-align: left;\" width=\"411\">Utbyggnaden av omr\u00e5de 2 slutf\u00f6rs och mottages.<\/td>\n<\/tr>\n<tr>\n<td width=\"90\"><strong>2018 mars<\/strong><\/td>\n<td style=\"text-align: left;\" width=\"411\">Infom\u00f6te om utbyggnad av A\/V-n\u00e4tet mellan Sandhalsen och \u00f6stra Spjutsund.<\/td>\n<\/tr>\n<tr>\n<td width=\"90\"><strong>2018 november<\/strong><\/td>\n<td style=\"text-align: left;\" width=\"411\">Beslut om att starta utbyggnad av omr\u00e5det 4.2, Sandhalsen och \u00f6stra Spjutsund, (utvidgningsomr\u00e5det). Budgeten f\u00f6r detta delprojekt var 413 000 \u20ac.<\/td>\n<\/tr>\n<tr>\n<td width=\"90\"><strong>2018 november<\/strong><\/td>\n<td style=\"text-align: left;\" width=\"411\">Anbuden f\u00f6r utvidgningsomr\u00e5det \u00f6ppnades och konstaterades att McMachine hade gett det b\u00e4sta anbudet. Styrelsen besl\u00f6t anta anbudet.<\/td>\n<\/tr>\n<tr>\n<td width=\"90\"><strong>2018 november<\/strong><\/td>\n<td style=\"text-align: left;\" width=\"411\">Avtal med Sibbo Energi ang\u00e5ende deras medverkan i minst 2 800 m p\u00e5 utvidgningsomr\u00e5det undertecknades.<\/td>\n<\/tr>\n<tr>\n<td width=\"90\"><strong>2019 jan-maj<\/strong><\/td>\n<td style=\"text-align: left;\" width=\"411\">Utbyggnaden av utvidgningsomr\u00e5de 4.2 slutf\u00f6rs och mottages.<\/td>\n<\/tr>\n<tr>\n<td width=\"90\"><strong>2019 januari<\/strong><\/td>\n<td style=\"text-align: left;\" width=\"411\">Ans\u00f6kan om fiberst\u00f6d f\u00f6r omr\u00e5de 4.2 inl\u00e4mnades till NTM-centralen.<\/td>\n<\/tr>\n<tr>\n<td width=\"90\"><strong>2019 juli<\/strong><\/td>\n<td style=\"text-align: left;\" width=\"411\">Ans\u00f6kan om fiberst\u00f6d f\u00f6r omr\u00e5de 4.2 avslogs av NTM-centralen. <\/td>\n<\/tr>\n<tr>\n<td width=\"90\"><strong>2019 september<\/strong><\/td>\n<td style=\"text-align: left;\" width=\"411\">OP-bankens bankl\u00e5n p\u00e5 100 000 \u20ac bortbetalades.\n<\/td>\n<\/tr>\n<tr>\n<td width=\"90\"><strong>2021 juni<\/strong><\/td>\n<td style=\"text-align: left;\" width=\"411\">Infom\u00f6te f\u00f6r L\u00f6par\u00f6bor ang\u00e5ende utbyggnaden av V\/A n\u00e4tet till nordv\u00e4stra och v\u00e4stra L\u00f6par\u00f6.<\/td>\n<\/tr>\n<tr>\n<td width=\"90\"><strong>2021 augusti<\/strong><\/td>\n<td style=\"text-align: left;\" width=\"411\">Villkorligt beslut om utbyggnad av V\/A och fiberkabeln\u00e4tet p\u00e5 L\u00f6par\u00f6.<\/td>\n<\/tr>\n<tr>\n<td width=\"90\"><strong>2021 oktober<\/strong><\/td>\n<td style=\"text-align: left;\" width=\"411\">Ans\u00f6kan om NTM-centralens st\u00f6d f\u00f6r fiberkabeln\u00e4tet p\u00e5 L\u00f6par\u00f6.<\/td>\n<\/tr>\n<tr>\n<td width=\"90\"><strong>2022 februari<\/strong><\/td>\n<td style=\"text-align: left;\" width=\"411\">Avslag p\u00e5 NTM-centralens st\u00f6dans\u00f6kan.<\/td>\n<\/tr>\n<\/tbody>\n<\/table>\n","protected":false},"excerpt":{"rendered":"<p>Fr\u00e5n ide till verklighet &#8211; en framg\u00e5ngshistoria 2009 &#8211; 2010 D\u00e5 Sibbo kommun planerar en utbyggnad av vatten och avlopp<\/p>\n<p class=\"readmore\"><a href=\"https:\/\/www.kitoval.fi\/?page_id=445\" title=\"Read Andelslagets historik\">Read more &raquo;<\/a><\/p>\n","protected":false},"author":1,"featured_media":0,"parent":8,"menu_order":5,"comment_status":"closed","ping_status":"closed","template":"","meta":{"_monsterinsights_skip_tracking":false,"_monsterinsights_sitenote_active":false,"_monsterinsights_sitenote_note":"","_monsterinsights_sitenote_category":0,"footnotes":""},"class_list":["post-445","page","type-page","status-publish","hentry"],"_links":{"self":[{"href":"https:\/\/www.kitoval.fi\/index.php?rest_route=\/wp\/v2\/pages\/445"}],"collection":[{"href":"https:\/\/www.kitoval.fi\/index.php?rest_route=\/wp\/v2\/pages"}],"about":[{"href":"https:\/\/www.kitoval.fi\/index.php?rest_route=\/wp\/v2\/types\/page"}],"author":[{"embeddable":true,"href":"https:\/\/www.kitoval.fi\/index.php?rest_route=\/wp\/v2\/users\/1"}],"replies":[{"embeddable":true,"href":"https:\/\/www.kitoval.fi\/index.php?rest_route=%2Fwp%2Fv2%2Fcomments&post=445"}],"version-history":[{"count":18,"href":"https:\/\/www.kitoval.fi\/index.php?rest_route=\/wp\/v2\/pages\/445\/revisions"}],"predecessor-version":[{"id":1017,"href":"https:\/\/www.kitoval.fi\/index.php?rest_route=\/wp\/v2\/pages\/445\/revisions\/1017"}],"up":[{"embeddable":true,"href":"https:\/\/www.kitoval.fi\/index.php?rest_route=\/wp\/v2\/pages\/8"}],"wp:attachment":[{"href":"https:\/\/www.kitoval.fi\/index.php?rest_route=%2Fwp%2Fv2%2Fmedia&parent=445"}],"curies":[{"name":"wp","href":"https:\/\/api.w.org\/{rel}","templated":true}]}}