{"id":53,"date":"2015-10-07T21:05:41","date_gmt":"2015-10-07T18:05:41","guid":{"rendered":"http:\/\/www.kitoval.fi\/?page_id=53"},"modified":"2015-12-29T18:47:18","modified_gmt":"2015-12-29T16:47:18","slug":"stadgar","status":"publish","type":"page","link":"https:\/\/www.kitoval.fi\/?page_id=53","title":{"rendered":"Stadgar"},"content":{"rendered":"<p>Du kan ladda ner stadgarna i PDF-format h\u00e4r:\u00a0<a href=\"http:\/\/www.kitoval.fi\/wp-content\/uploads\/2015\/10\/Stadgar-17122015.pdf\">Stadgar <\/a><\/p>\n<p><strong>Vattenandelslagets stadgar<\/strong><\/p>\n<p><strong>1 \u00a7 Firma och hemort<\/strong><br \/>\nAndelslagets firma \u00e4r Kit\u00f6 Vattenandelslag \u2013 Kit\u00f6n Vesiosuuskunta och dess hemort \u00e4r Sibbo.<\/p>\n<p><strong>2 \u00a7 Verksamhetsomr\u00e5de<\/strong><br \/>\nAndelslagets \u00e4ndam\u00e5l \u00e4r att i Spjutsund by av Sibbo kommun samt i dess n\u00e4romr\u00e5den bygga, uppr\u00e4tth\u00e5lla och underh\u00e5lla en vatten- och avloppsanl\u00e4ggning, som tj\u00e4nar medlemmarnas hush\u00e5ll och n\u00e4ringar, samt s\u00e4lja vatten och motsvarande f\u00f6rn\u00f6den-heter och tj\u00e4nster huvudsakligen f\u00f6r medlemmarnas fastigheter enligt n\u00e4rmare beslut av andelslagets styrelse. An-delslaget kan vid behov ocks\u00e5 bygga andra f\u00f6r medlemmarna nyttiga system.<\/p>\n<p><strong>3 \u00a7 Antagande av medlem<\/strong><br \/>\nDen som \u00f6nskar medlemskap i andelslaget skall skriftligt anh\u00e5lla om medlemskap av styrelsen, som besluter om medlemskapet. Medlemskapet b\u00f6rjar d\u00e5 styrelsen godk\u00e4nt anh\u00e5llan och andelsavgiften \u00e4r betald. Ifall styrelsen f\u00f6rkastar en ans\u00f6kan om medlemskap kan styrelsen h\u00e4nvisa \u00e4rendet f\u00f6r andelsst\u00e4mman att avg\u00f6ra.<\/p>\n<p><strong>4 \u00a7 R\u00e4tten f\u00f6r andra \u00e4n medlemmar att nyttja andelslagets tj\u00e4nster<\/strong><br \/>\n\u00c4ven andra \u00e4n medlemmar kan till\u00e5tas utnyttja andelslagets vatten- och avloppsn\u00e4t samt datakommunikationsn\u00e4t, och utnyttja andelslagets tj\u00e4ns-ter, om styrelsen godk\u00e4nner och g\u00f6r ett s\u00e5dant avtal med vederb\u00f6rande.<\/p>\n<p><strong>5 \u00a7 Avtal om anslutning och nyttjande av tj\u00e4nster<\/strong><br \/>\nF\u00f6r anslutning till andelslagets vatten- och avloppsledningsn\u00e4t och\/eller datakommunikationsn\u00e4t, samt till dess eventuella \u00f6vriga tj\u00e4nster g\u00f6rs ett skriftligt avtal. F\u00f6rutom dessa stadgar till\u00e4mpas f\u00f6r anslutning och utnyttjande av tj\u00e4nster ovan n\u00e4mnda avtal, andelslagets allm\u00e4nna leveransvillkor och taxa eller prislista. Priset p\u00e5 andelslagets tj\u00e4nster skall best\u00e4mmas s\u00e5, att det t\u00e4cker de r\u00f6rliga och de fasta kostnaderna samt ger d\u00e4rtill en sk\u00e4lig avkastning p\u00e5 kapitalet.<\/p>\n<p><strong>6 \u00a7 Andel och insats<\/strong><br \/>\nMedlem b\u00f6r delta i andelslaget med en andel per anslutning. Andelens nominella v\u00e4rde (andelsavgift) \u00e4r 300:- (trehundra) euro. Minst det nominella beloppet f\u00f6r varje andel skall tas upp i andelskapitalet. Andelsavgiften skall betalas i en rat till det bankkonto andelslaget anvisar, inom 30 dagar fr\u00e5n det att medlemskapet har godk\u00e4nts.<\/p>\n<p>Andelslaget kan p\u00e5 grundval av ett beslut av andelsst\u00e4mman emittera nya andelar. Teckningspriset f\u00f6r nya andelar kan vara h\u00f6gre \u00e4n andelsavgiften, varvid den del av teckningspriset, som \u00f6verstiger andelsavgiften (inklusive anslutningsavgiften) skall avs\u00e4ttas till fonden f\u00f6r inbetalt fritt eget kapital.<\/p>\n<p><strong>7 \u00a7 Frivilliga andelar<\/strong><br \/>\n(UPPH\u00c4VD)<\/p>\n<p><strong>8 \u00a7 Anslutningsavgift<\/strong><br \/>\nF\u00f6rutom andelsavgiften, \u00e4r varje medlem, som ansluter sig till vatten- och avloppsn\u00e4tet och\/eller till datakommunikationsn\u00e4tet eller eventuella \u00f6vriga tj\u00e4nster skyldig att som en del av andelens teckningspris erl\u00e4gga en anslutningsavgift f\u00f6r var och en separat anslut-ning. Detta betyder en anslutningsavgift per installerad pump och\/eller n\u00e4tanslutning eller annan tj\u00e4nst.Anslutningsavgiften avs\u00e4tts till fonden f\u00f6r inbetalt fritt eget kapital.<\/p>\n<p>Andelsst\u00e4mman beslutar om anslutningsavgiftens storlek, best\u00e4mningsgrunderna, betalningstiden och -s\u00e4ttet och om \u00f6vriga villkor. Anslutningsavgiften skall best\u00e4mmas s\u00e5, att avgifterna t\u00e4cker kostnaderna f\u00f6r utbyggandet av n\u00e4ten i det omr\u00e5de medlemmens fastighet \u00e4r bel\u00e4gen. Vid anslutning till ett redan befintligt n\u00e4t, skall anslutnings-avgiften best\u00e4mmas s\u00e5, att den beaktar det ackumulerade v\u00e4rde den som ansluter sig blir delaktig av. Andelsst\u00e4mman kan bemyndiga styrelsen att fatta dessa beslut. Ett s\u00e5dant bemyndigande kan beviljas f\u00f6r h\u00f6gst fem \u00e5r i s\u00e4nder.<\/p>\n<p>Andelslaget har r\u00e4tt att best\u00e4mma en avvikande priss\u00e4ttning p\u00e5 anslutningar, som g\u00f6rs efter den egentliga utbygg-naden av huvudlinjen.<\/p>\n<p>Andelslagets styrelse har r\u00e4tt att besluta om att anslutningsavgift inte uppb\u00e4rs f\u00f6r vissa typer av ledningsanslutningar.<\/p>\n<p>Om en senare inkommande ny anslutning f\u00f6rorsakar f\u00f6r\u00e4ndringar i huvudlinjen, st\u00e5r den nya medlemmen totalt f\u00f6r dessa kostnader.<\/p>\n<p>Medlemmen kan \u00f6verf\u00f6ra till den nya \u00e4garen eller innehavaren de f\u00f6rm\u00e5ner som han har erh\u00e5llit genom anslutningsavgiften. Anslutningsavgiften \u00e5terbetalas i samband med upps\u00e4gningen av andelen endast i det fall att andelslagets tj\u00e4nster permanent upph\u00f6r vid fastigheten, anv\u00e4ndningen av byggnaderna upph\u00f6r och anslutningskontraktet upps\u00e4gs. I \u00e5terbetalningen av anslutningsavgiften till\u00e4mpas kapitel 17 i lagen om andelslag.<\/p>\n<p><strong>9 \u00a7 Extra avgift<\/strong><br \/>\nAndelsst\u00e4mman kan med enkel majoritet besluta att indriva en extra avgift av medlemmarna f\u00f6r att under andels-lagets verksamhet k\u00f6pa en fastighet, f\u00f6rnya eller reparera byggnaderna eller f\u00f6r att finansiera och anskaffa nya anordningar eller f\u00f6r betalning av andelslagets skulder och dess r\u00e4ntor.<\/p>\n<p>Avgiften kan indrivas under villkor att den inte \u00e5terbetalas eller att den kan upptas som l\u00e5n. Styrelsen beslutar i \u00f6vriga fr\u00e5gor som ber\u00f6r avgiften.<\/p>\n<p>En extra avgift indrivs av medlemmarna p\u00e5 j\u00e4mlik bas antingen i proportion till andelarna eller till hur medlem-marna nyttjar andelslagets tj\u00e4nster eller p\u00e5 b\u00e4gge dessa grunder samtidigt. Om en extra avgift uppb\u00e4rs f\u00f6r \u00e4ndam\u00e5l, som endast gagnar vissa medlemmar, kan andelsst\u00e4mman best\u00e4mma, att den extra avgiften inte uppb\u00e4rs av andra medlemmar. Under var r\u00e4kenskapsperiod kan medlem best\u00e4mmas att i en eller flera rater betala en extra avgift till ett belopp, som uppg\u00e5r till h\u00f6gst det teckningspris medlemmen betalat f\u00f6r sina andelar inklusive anslutningsavgiften.<\/p>\n<p><strong>10 \u00a7 Medlemmarnas personliga ansvar<\/strong><br \/>\nMedlemmarna svarar inte personligen f\u00f6r andelslagets skulder och f\u00f6rbindelser.<\/p>\n<p><strong>11 \u00a7 Byggande, underh\u00e5ll och f\u00f6rnyande av vatten- och avloppsn\u00e4tet<\/strong><br \/>\nAndelslaget ombes\u00f6rjer byggandet och underh\u00e5llet av vatten- och avloppsledningarna samt datakommunikationsn\u00e4tet fram till en anslutningspunkt som styrelsen best\u00e4mmer.<\/p>\n<p><strong>12 \u00a7 Medlemmens skyldigheter<\/strong><br \/>\nEn medlem \u00e4r skyldig att:<br \/>\n1) ing\u00e5 ett av styrelsen godk\u00e4nt avtal om anslutning och utnyttjande av andelslagets tj\u00e4nster<br \/>\n2) f\u00f6lja av styrelsen godk\u00e4nda, g\u00e4llande leveransvillkor och taxor eller prislistor f\u00f6r vattentj\u00e4nster och \u00f6vriga tj\u00e4nster<br \/>\n3) utan ers\u00e4ttning f\u00f6r andelslagets bruk till\u00e5ta nyttjande r\u00e4tt till markomr\u00e5de f\u00f6r att bygga, reparera och f\u00f6rnya vatten- och avloppsledningar som leder till medlemmarnas fastigheter samt f\u00f6r eventuella stamlinjeanl\u00e4ggningar<br \/>\n4) mot en sk\u00e4lig ers\u00e4ttning bevilja andelslaget r\u00e4tt att p\u00e5 sin mark \u00e4ven bygga, reparera och f\u00f6rnya andra \u00e4n i punkt<br \/>\n3) n\u00e4mnda vatten- och avloppsledningar<br \/>\n5) l\u00e5ta styrelsen eller en av den fullm\u00e4ktigad person granska de ledningar som har anslutits till vatten- och avlopps-n\u00e4tet.<\/p>\n<p><strong>13 \u00a7 Andelslagets st\u00e4mmor<\/strong><br \/>\nEn ordinarie andelsst\u00e4mma skall h\u00e5llas en g\u00e5ng om \u00e5ret p\u00e5 en av styrelsen angiven dag, f\u00f6re utg\u00e5ngen av juni m\u00e5nad. En extra andelsst\u00e4mma skall h\u00e5llas, om styrelsen anser att orsak f\u00f6religger eller om den eljest enligt lag skall h\u00e5llas.<\/p>\n<p>St\u00e4mmorna h\u00e5lls p\u00e5 andelslagets hemort ifall styrelsen inte i enskilda fall beslutar att st\u00e4mman h\u00e5lls p\u00e5 en annan ort i Finland.<\/p>\n<p>Vid st\u00e4mman har varje medlem en r\u00f6st. Som andelsst\u00e4mmans beslut g\u00e4ller den \u00e5sikt, som omfattats av medlemmar med mer \u00e4n h\u00e4lften av de avgivna r\u00f6sterna.<\/p>\n<p>Vid val anses den vald, som f\u00e5tt de flesta r\u00f6sterna. Om r\u00f6sterna faller j\u00e4mnt, avg\u00f6rs ett val genom lottning och i \u00f6vriga \u00e4renden g\u00e4ller som beslut den \u00e5sikt, som st\u00e4mmans ordf\u00f6rande har underst\u00f6tt. D\u00e5 det vid val har f\u00f6resla-gits flera \u00e4n tv\u00e5 personer f\u00f6r ett uppdrag eller en uppgift och ingen av dem har erh\u00e5llit r\u00f6stmajoritet f\u00f6rr\u00e4ttas en ny r\u00f6stning mellan de kandidater som har f\u00e5tt underst\u00f6d vid r\u00f6stningen. Den som har f\u00e5tt det st\u00f6rsta antalet r\u00f6ster anses d\u00e5 vara vald.<\/p>\n<p>St\u00e4mmans ordf\u00f6rande skall se till, att det f\u00f6rs ett protokoll \u00f6ver st\u00e4mman. R\u00f6stl\u00e4ngden skall intas i protokollet eller bifogas till det. I protokollet skall de fattade besluten samt r\u00f6stningsresultatet antecknas. Om beslutet har fattats genom omr\u00f6stning skall r\u00f6stf\u00f6rdelningen antecknas i protokollet. Ordf\u00f6randen och minst tv\u00e5 av st\u00e4mman valda protokolljusterare skall justera och underteckna protokollet.<\/p>\n<p><strong>14 \u00a7 \u00c4renden som skall behandlas vid ordinarie st\u00e4mma<\/strong><br \/>\nVid andelslagets ordinarie st\u00e4mma skall f\u00f6ljande \u00e4renden behandlas:<br \/>\n1) v\u00e4ljes ordf\u00f6rande och sekreterare samt minst tv\u00e5 protokolljusterare och r\u00f6str\u00e4knare<br \/>\n2) konstateras att kallelsen till st\u00e4mman har skickat p\u00e5 stadgeenligt s\u00e4tt och att st\u00e4mman eljest \u00e4r lagenlig<br \/>\n3) framl\u00e4ggs bokslutet och revisionsber\u00e4ttelsen fr\u00e5n senaste r\u00e4kenskapsperiod<br \/>\n4) besluts om fastst\u00e4llande av resultatr\u00e4kningen och balansr\u00e4kning och om \u00e5tg\u00e4rder som \u00f6verskott eller f\u00f6rlust enligt balansr\u00e4kningen f\u00f6ranleder<br \/>\n5) besluts om ansvarsfrihet f\u00f6r styrelseledam\u00f6terna och verkst\u00e4llande direkt\u00f6ren f\u00f6r r\u00e4kenskapsperioden<br \/>\n6) besluts om anv\u00e4ndningen av \u00f6verskottet<br \/>\n7) beslut om st\u00f6rre investeringar, samt deras finansiering<br \/>\n8) fastst\u00e4llande av verksamhetsplan och budget<br \/>\n9) fastst\u00e4llande av anslutningsavgifter<br \/>\n10) fastst\u00e4lls styrelseordf\u00f6randens och ledam\u00f6ternas arvoden<br \/>\n11) v\u00e4ljs n\u00f6dv\u00e4ndiga ledam\u00f6ter i styrelsen<br \/>\n12) v\u00e4ljs minst en revisor och en revisorssuppleant f\u00f6r att granska f\u00f6rvaltningen och bokf\u00f6ringen<br \/>\n13) best\u00e4ms om i vilka tidningar kallelsen till andelsst\u00e4mman skall publiceras<br \/>\n14) behandlas \u00f6vriga \u00e4renden som n\u00e4mns i m\u00f6teskallelsen.<\/p>\n<p><strong>15 \u00a7 \u00d6verskott, reservfond och \u00f6vriga fonder<\/strong><br \/>\nAndelslaget samlar medel i en reservfond som \u00f6kas tills den uppg\u00e5r till minst 20.000:- (tjugotusen) euro. S\u00e5 l\u00e4nge reservfonden understiger den ovan n\u00e4mnda niv\u00e5n, deponeras minst en fj\u00e4rdedel (1\/4) av \u00e5rs\u00f6verskottet i reserv-fonden tills den n\u00e5tt full niv\u00e5.<\/p>\n<p>Efter bidraget till reservfonden, kan det resterande \u00f6verskottet delas ut till medlemmarna p\u00e5 basis av utnyttjandet av andelslagets tj\u00e4nster under r\u00e4kenskapsperioden. Andelslagst\u00e4mman besluter om utdelning av \u00f6verskottet p\u00e5 basen av styrelsens f\u00f6rslag.<\/p>\n<p><strong>16 \u00a7 Kallelse till andelsst\u00e4mma<\/strong><br \/>\nAndelsst\u00e4mman sammankallas av styrelsen. Kallelse till andelsst\u00e4mma s\u00e4nds till medlemmarna tidigast tv\u00e5 m\u00e5nader och senast en vecka f\u00f6re st\u00e4mman.<\/p>\n<p>Om st\u00e4mman behandlar s\u00e5dana \u00e4renden som avses i paragraf 21 av kapitel 5 i lagen om andelslag, skall kallelsen till st\u00e4mman utf\u00e4rdas tidigast tv\u00e5 m\u00e5nader och senast en m\u00e5nad f\u00f6re st\u00e4mman.<\/p>\n<p>Kallelsen till st\u00e4mma delges medlemmarna med kung\u00f6relse p\u00e5 anslagstavlor som andelsst\u00e4mman har valt, per post, skriftligen med hj\u00e4lp av bud, som e-postmeddelande till den adress som finns antecknad i medlemsf\u00f6rteckningen eller till annan adress som andelslaget k\u00e4nner till. Kallelsen skall n\u00e4mna de \u00e4renden som behandlas vid st\u00e4mman.<\/p>\n<p>Om st\u00e4mman behandlar \u00e4ndring av stadgarna eller ett \u00e4rende som avses i paragraf 21 av kapitel 5 i lagen om andelslag eller tagande av nya andelar, skall det huvudsakliga inneh\u00e5llet i f\u00f6r-slaget till beslut n\u00e4mnas i kallelsen.<\/p>\n<p><strong>17 \u00a7 Styrelsen<\/strong><br \/>\nI andelslagets styrelse ing\u00e5r sju (7) ledam\u00f6ter, som v\u00e4ljs f\u00f6r sin uppgift f\u00f6r tre \u00e5r i s\u00e4nder. Till styrelsen v\u00e4ljs tre (3) suppleanter f\u00f6r ett \u00e5r i taget.<\/p>\n<p>En andelslagsmedlem eller alternativt medlemmens maka\/make eller en representant f\u00f6r ett samfund som \u00e4r med-lem \u00e4r valbara i styrelsen. En medlem eller en representant f\u00f6r ett medlemssamfund som inte regelbundet utnytt-jar andelslagets tj\u00e4nster f\u00e5r inte ing\u00e5 i styrelsen.<\/p>\n<p>Tv\u00e5 medlemmar av styrelsen \u00e4r \u00e5rligen i turen att avg\u00e5, f\u00f6rst enligt lott och sedan turvis. Styrelsen utser inom sig en ordf\u00f6rande och en viceordf\u00f6rande f\u00f6r ett \u00e5r i s\u00e4nder.<\/p>\n<p><strong>18 \u00a7 Styrelsens sammantr\u00e4den<\/strong><br \/>\nStyrelsen \u00e4r beslutf\u00f6r n\u00e4r mer \u00e4n h\u00e4lften av dess ledam\u00f6ter \u00e4r n\u00e4rvarande. Beslut f\u00e5r dock inte fattas om inte alla styrelseledam\u00f6ter i m\u00e5n av m\u00f6jlighet har beretts tillf\u00e4lle att delta i behandlingen av \u00e4rendet. Om en styrelseledamot har f\u00f6rhinder, skall den suppleant som skall tr\u00e4da i ledamotens st\u00e4lle beredas tillf\u00e4lle att delta i behandlingen.<\/p>\n<p>Som styrelsens beslut g\u00e4ller den \u00e5sikt, som mer \u00e4n h\u00e4lften av de n\u00e4rvarande har underst\u00f6tt eller, om r\u00f6sterna faller j\u00e4mnt, den som ordf\u00f6randen underst\u00f6der. Om r\u00f6sterna i styrelsen faller j\u00e4mnt vid val av styrelseordf\u00f6rande, v\u00e4ljs denne genom lottning.<\/p>\n<p>Styrelsens ordf\u00f6rande skall se till att styrelsen sammantr\u00e4der n\u00e4r det beh\u00f6vs. Ordf\u00f6randen skall sammankalla sty-relsen, om en styrelseledamot eller verkst\u00e4llande direkt\u00f6ren kr\u00e4ver det. Verkst\u00e4llande direkt\u00f6ren har, \u00e4ven om han eller hon inte \u00e4r styrelseledamot, r\u00e4tt att n\u00e4rvara och yttra sig vid styrelsem\u00f6tena, om inte styrelsen i n\u00e5got visst \u00e4rende beslutar annat.<\/p>\n<p>Styrelsen behandlar bland annat f\u00f6ljande \u00e4renden:<br \/>\n1) bereder f\u00f6rslag till avgifter som uppb\u00e4rs f\u00f6r andelslagets tj\u00e4nster<br \/>\n2) besluter om villkoren i avtalen som g\u00e4ller de tj\u00e4nster som andelslaget erbjuder<br \/>\n3) granskar sk\u00f6tseln av andelslagets tillg\u00e5ngar och finanser samt bokf\u00f6ringen eller utser n\u00e5gon av medlemmarna att tidvis utf\u00f6ra s\u00e5dana granskningar<br \/>\n4) beslutar om att sammankalla andelsst\u00e4mman och f\u00f6rbereder \u00e4renden som skall behandlas p\u00e5 st\u00e4mman<br \/>\n5) behandlar \u00f6vriga \u00e4renden som h\u00f6r till styrelsens befogenheter och som \u00e5tg\u00e4rderna kr\u00e4ver.<\/p>\n<p>Protokoll skall f\u00f6ras \u00f6ver styrelsens sammantr\u00e4den och undertecknas av styrelsens ordf\u00f6rande, samt en av styrel-sen d\u00e4rtill utsedd ledamot. En styrelsemedlem och verkst\u00e4llande direkt\u00f6ren har r\u00e4tt att f\u00e5 sin avvikande mening antecknad i protokollet. Protokollen skall f\u00f6rses med l\u00f6pande nummer och f\u00f6rvaras p\u00e5 betryggande s\u00e4tt.<\/p>\n<p><strong>19 \u00a7 Verkst\u00e4llande direkt\u00f6r<\/strong><br \/>\nAndelslaget kan ha en verkst\u00e4llande direkt\u00f6r, om styrelsen beslutar s\u00e5. Andelslagets styrelse utser och avskedar verkst\u00e4llande direkt\u00f6ren. Andelslagets styrelse ing\u00e5r ett skriftligt avtal med verkst\u00e4llande direkt\u00f6ren om \u00e4renden som ber\u00f6r verkst\u00e4llande direkt\u00f6rens uppgifter och utkomst.<\/p>\n<p><strong>20 \u00a7 F\u00f6retr\u00e4dande av andelslaget och prokur<\/strong><br \/>\nAndelslagets f\u00f6retr\u00e4ds av verkst\u00e4llande direkt\u00f6ren och av styrelsens ordf\u00f6rande tillsammans med en styrelsemed-lem. R\u00e4tt att f\u00f6retr\u00e4da andelslaget kan ges av styrelsen till anst\u00e4llda vid andelslaget s\u00e5, att de f\u00f6retr\u00e4der andelslaget var f\u00f6r sig tillsammans med verkst\u00e4llande direkt\u00f6ren eller med en styrelsemedlem eller tv\u00e5 anst\u00e4llda tillsammans.<\/p>\n<p>Styrelsen kan ocks\u00e5 besluta om att ge r\u00e4tt till prokura.<\/p>\n<p><strong>21 \u00a7 R\u00e4kenskapsperiod och bokslut<\/strong><br \/>\nAndelslagets r\u00e4kenskapsperiod \u00e4r kalender\u00e5ret. Ett bokslut skall avges f\u00f6r varje r\u00e4kenskapsperiod. Bokslutet skall vara f\u00e4rdigt och ges till revisorerna minst en m\u00e5nad f\u00f6re ordinarie andelsst\u00e4mman, dock senast f\u00f6re utg\u00e5ngen av mars m\u00e5nad.<\/p>\n<p><strong>22 \u00a7 Revisorer<\/strong><br \/>\nAndelslaget skall ha minst en revisor och en revisorssuppleant, vilka v\u00e4ljs tillsvidare.<\/p>\n<p><strong>23 \u00a7 \u00d6verf\u00f6ring av andel och f\u00f6rv\u00e4rvarens r\u00e4tt<\/strong><br \/>\nEn medlem kan \u00f6verf\u00f6ra sin andel p\u00e5 n\u00e5gon annan, men inte \u00f6verl\u00e5ta medlemskapet. Om en medlem har \u00f6verf\u00f6rt sin andel p\u00e5 en annan skall f\u00f6rv\u00e4rvaren, som fyller kraven p\u00e5 medlemskap, godk\u00e4nnas som medlem i andelslaget. F\u00f6rv\u00e4rvaren skall ans\u00f6ka om medlemskap i andelslaget inom sex m\u00e5nader fr\u00e5n f\u00f6rv\u00e4r-vet.<\/p>\n<p>F\u00f6rv\u00e4rvaren har r\u00e4tt att som amortering av sin anslutningsavgift r\u00e4kna tillgodo det belopp av andelsavgiften och anslutningsavgiften som \u00f6verl\u00e5taren har betalt till andelslaget. F\u00f6rv\u00e4rvaren f\u00e5r d\u00e5 ocks\u00e5 de \u00f6vriga p\u00e5 lag om an-delslag och dess stadgar grundade ekonomiska f\u00f6rm\u00e5ner och skyldigheter som \u00f6verl\u00e5taren skulle ha haft om med-lemskapet hade fortg\u00e5tt.<\/p>\n<p><strong>24 \u00a7 En avliden medlems r\u00e4ttsinnehavare<\/strong><br \/>\nEn avliden medlems r\u00e4ttsinnehavare, som har f\u00f6rv\u00e4rvat r\u00e4tten till insatsen, har r\u00e4tt till medlemskap om f\u00f6rv\u00e4rvaren inom ett \u00e5r fr\u00e5n d\u00f6dsdagen ans\u00f6ker om medlemskap i andelslaget och det eljest finns f\u00f6ruts\u00e4ttningar f\u00f6r med-lemskap.<\/p>\n<p>En f\u00f6rv\u00e4rvare som p\u00e5 ans\u00f6kan om medlemskap inom utsatt tid godk\u00e4nns som medlem har r\u00e4tt att som amortering av sin anslutningsavgift r\u00e4kna tillgodo det belopp av andelsavgiften och anslutningsavgiften som den avlidna har betalt till andelslaget. F\u00f6rv\u00e4rvaren f\u00e5r d\u00e5 ocks\u00e5 de \u00f6vriga p\u00e5 lag om andelslag och dess stadgar grundade ekonomis-ka f\u00f6rm\u00e5ner och skyldigheter som den avlidna som levande skulle ha haft.<\/p>\n<p><strong>25 \u00a7 Uteslutande av medlem<\/strong><br \/>\nStyrelsen beslutar om uteslutning ur medlemskap. En medlem kan uteslutas ur andelslaget om:<br \/>\n1) en medlem trots uppmaning inte erl\u00e4gger sina avgifter till andelslaget och i \u00f6vrigt underl\u00e5ter att uppfylla sina plikter som medlemskapet \u00e5l\u00e4gger<br \/>\n2) en medlem helt eller delvis slutar utnyttja andelslagets tj\u00e4nster<br \/>\n3) en medlem orsakar andelslaget avsev\u00e4rd skada eller i \u00f6vrigt verkar i strid med andelslagets f\u00f6rdel och m\u00e5ls\u00e4tt-ningar<br \/>\n4) en medlem verkar i strid med g\u00e4llande allm\u00e4nna avtalsbest\u00e4mmelser eller allm\u00e4nna leveransvillkor, eller<br \/>\n5) en medlem f\u00f6rs\u00e4tts i konkurs eller blir satt under f\u00f6rmyndarskap.<\/p>\n<p><strong>26 \u00a7 Uppl\u00f6sning och likvidation av andelslaget<\/strong><br \/>\nBeslut om frivillig uppl\u00f6sning av andelslaget och om att f\u00f6rs\u00e4tta det i likvidation fattas av andelsst\u00e4mman. Beslutet \u00e4r giltigt, om det st\u00f6ds av medlemmarna med minst tv\u00e5 tredjedelar av de avgivna r\u00f6sterna, p\u00e5 tv\u00e5 efter varandra f\u00f6ljande andelsst\u00e4mmor.<\/p>\n<p><strong>27 \u00a7 F\u00f6rdelning av beh\u00e5llning vid uppl\u00f6sning av andelslaget<\/strong><br \/>\nIfall andelslaget uppl\u00f6ses, fattar andelsst\u00e4mman beslut om hur andelslagets beh\u00e5llningar skall anv\u00e4ndas.<\/p>\n<p>Ifall beh\u00e5llningarna inte utdelas till medlemmarna skall de anv\u00e4ndas f\u00f6r \u00e4ndam\u00e5l som fr\u00e4mjar vattentj\u00e4nster eller f\u00f6r allm\u00e4nnyttiga syften.<\/p>\n<p><strong>28 \u00a7 Tvister<\/strong><br \/>\nUppst\u00e5r det tvist \u00e5 ena sidan mellan andelslaget och styrelsemedlemmarna eller med andelslagets \u00f6vriga represen-tanter eller utredningsman, revisor eller andelslagets medlem \u00e5 andra sidan avg\u00f6rs tvisten vid tingsr\u00e4tten p\u00e5 an-delslagets hemort. 29 \u00a7 \u00c4ndring av stadgarna Beslut om stadge\u00e4ndring fattas av andelsst\u00e4mman. S\u00e5vida inte lagen eller dessa stadgar best\u00e4mmer annorlunda, \u00e4r beslutet giltigt om det st\u00f6ds av medlemmarna med minst tv\u00e5 tredjedelar av de avgivna r\u00f6sterna. 30 \u00a7 Allm\u00e4n best\u00e4mmelse I \u00f6vrigt till\u00e4mpas lag om andelslag samt lag om vattentj\u00e4nster.<\/p>\n<p><strong>29 \u00a7 \u00c4ndring av stadgarna<\/strong><br \/>\nBeslut om stadge\u00e4ndring fattas av andelsst\u00e4mman. S\u00e5vida inte lagen eller dessa stadgar best\u00e4mmer annorlunda, \u00e4r beslutet giltigt om det st\u00f6ds av medlemmarna med minst tv\u00e5 tredjedelar av de avgivna r\u00f6sterna.<\/p>\n<p><strong>30 \u00a7 Allm\u00e4n best\u00e4mmelse<\/strong><br \/>\nI \u00f6vrigt till\u00e4mpas lag om andelslag samt lag om vattentj\u00e4nster.<\/p>\n","protected":false},"excerpt":{"rendered":"<p>Du kan ladda ner stadgarna i PDF-format h\u00e4r:\u00a0Stadgar Vattenandelslagets stadgar 1 \u00a7 Firma och hemort Andelslagets firma \u00e4r Kit\u00f6 Vattenandelslag<\/p>\n<p class=\"readmore\"><a href=\"https:\/\/www.kitoval.fi\/?page_id=53\" title=\"Read Stadgar\">Read more &raquo;<\/a><\/p>\n","protected":false},"author":1,"featured_media":0,"parent":8,"menu_order":0,"comment_status":"closed","ping_status":"closed","template":"","meta":{"_monsterinsights_skip_tracking":false,"_monsterinsights_sitenote_active":false,"_monsterinsights_sitenote_note":"","_monsterinsights_sitenote_category":0,"footnotes":""},"class_list":["post-53","page","type-page","status-publish","hentry"],"_links":{"self":[{"href":"https:\/\/www.kitoval.fi\/index.php?rest_route=\/wp\/v2\/pages\/53"}],"collection":[{"href":"https:\/\/www.kitoval.fi\/index.php?rest_route=\/wp\/v2\/pages"}],"about":[{"href":"https:\/\/www.kitoval.fi\/index.php?rest_route=\/wp\/v2\/types\/page"}],"author":[{"embeddable":true,"href":"https:\/\/www.kitoval.fi\/index.php?rest_route=\/wp\/v2\/users\/1"}],"replies":[{"embeddable":true,"href":"https:\/\/www.kitoval.fi\/index.php?rest_route=%2Fwp%2Fv2%2Fcomments&post=53"}],"version-history":[{"count":5,"href":"https:\/\/www.kitoval.fi\/index.php?rest_route=\/wp\/v2\/pages\/53\/revisions"}],"predecessor-version":[{"id":419,"href":"https:\/\/www.kitoval.fi\/index.php?rest_route=\/wp\/v2\/pages\/53\/revisions\/419"}],"up":[{"embeddable":true,"href":"https:\/\/www.kitoval.fi\/index.php?rest_route=\/wp\/v2\/pages\/8"}],"wp:attachment":[{"href":"https:\/\/www.kitoval.fi\/index.php?rest_route=%2Fwp%2Fv2%2Fmedia&parent=53"}],"curies":[{"name":"wp","href":"https:\/\/api.w.org\/{rel}","templated":true}]}}