{"id":55,"date":"2015-10-07T21:06:17","date_gmt":"2015-10-07T18:06:17","guid":{"rendered":"http:\/\/www.kitoval.fi\/?page_id=55"},"modified":"2015-12-29T18:34:49","modified_gmt":"2015-12-29T16:34:49","slug":"saannot","status":"publish","type":"page","link":"https:\/\/www.kitoval.fi\/?page_id=55","title":{"rendered":"S\u00e4\u00e4nn\u00f6t"},"content":{"rendered":"<p><strong>Vesiosuuskunnan s\u00e4\u00e4nn\u00f6t<\/strong><br \/>\n<strong>1 \u00a7 Toiminimi ja kotipaikka<\/strong><br \/>\nOsuuskunnan toiminimi on Kit\u00f6 Vattenandelslag \u2013 Kit\u00f6n Vesiosuuskunta ja kotipaikka on Sipoo.<\/p>\n<p><strong>2 \u00a7 Toimiala<\/strong><br \/>\nOsuuskunnan toimialana on Sipoon kunnan Spjutsundin kyl\u00e4ss\u00e4 sek\u00e4 l\u00e4hialueilla\u00a0rakentaa, yll\u00e4pit\u00e4\u00e4 ja hoitaa vesi- ja viem\u00e4rilaitteistoja, jotka palvelevat j\u00e4senten kotitalouksia ja elinkeinoja, sek\u00e4 myyd\u00e4 vett\u00e4 ja vastaavia hy\u00f6dykkeit\u00e4 ja palveluita p\u00e4\u00e4asiassa osuuskunnan j\u00e4senten kiinteist\u00f6ille hallituksen tarkemmin m\u00e4\u00e4r\u00e4\u00e4m\u00e4ll\u00e4 tavalla. Osuuskunnan toimialana on my\u00f6s j\u00e4sentens\u00e4 tietoliikenneyhteyksien edist\u00e4minen ja t\u00e4h\u00e4n liittyen osuuskunta voi rakentaa, yll\u00e4pit\u00e4\u00e4 ja hoitaa hallinnassaan olevaa tietoliikenneverkkoa ja sen liittymi\u00e4. Osuuskunta voi tarvittaessa rakentaa my\u00f6s muita j\u00e4senille hy\u00f6dyllisi\u00e4 j\u00e4rjestelmi\u00e4.<\/p>\n<p><strong>3 \u00a7 J\u00e4seneksi ottaminen<\/strong><br \/>\nOsuuskunnan j\u00e4seneksi pyrkiv\u00e4n on teht\u00e4v\u00e4 siit\u00e4 kirjallinen hakemus hallitukselle, joka p\u00e4\u00e4tt\u00e4\u00e4 j\u00e4seneksi ottamisesta. J\u00e4senyys alkaa, kun hallitus on hakemuksen hyv\u00e4ksynyt ja osuusmaksu on maksettu.<br \/>\nJos hallitus ei hyv\u00e4ksy hakijaa j\u00e4seneksi, hallitus voi siirt\u00e4\u00e4 asian osuuskunnan kokouksen ratkaistavaksi.<\/p>\n<p><strong>4 \u00a7 Muiden kuin j\u00e4senten oikeus k\u00e4ytt\u00e4\u00e4 palveluja ja liitty\u00e4 osuuskunnan verkostoon<\/strong><br \/>\nMuutkin kuin j\u00e4senet saavat hallituksen hyv\u00e4ksym\u00e4n sopimuksen tehty\u00e4\u00e4n k\u00e4ytt\u00e4\u00e4 osuuskunnan vesi- ja viem\u00e4riverkostoa sek\u00e4 tietoliikenneverkkoa sek\u00e4 k\u00e4ytt\u00e4\u00e4 osuuskunnan palveluja.<\/p>\n<p><strong>5 \u00a7 Liittymissopimus ja palvelujen k\u00e4ytt\u00f6<\/strong><br \/>\nLiittymisest\u00e4 osuuskunnan vesi- ja viem\u00e4riverkostoon ja\/tai tietoliikenneverkkoon sek\u00e4 osuuskunnan mahdollisesti tarjoamien muiden palvelujen k\u00e4yt\u00f6st\u00e4 tehd\u00e4\u00e4n kirjallinen sopimus. Liittymiseen ja palvelujen k\u00e4ytt\u00f6\u00f6n sovelletaan n\u00e4iden s\u00e4\u00e4nt\u00f6jen lis\u00e4ksi edell\u00e4 mainittua sopimusta, osuuskunnan yleisi\u00e4 toimitusehtoja ja taksaa tai hinnastoa. Osuuskunnan palveluiden hinnat on m\u00e4\u00e4r\u00e4tt\u00e4v\u00e4 niin, ett\u00e4 ne kattavat muuttuvat ja kiinte\u00e4t kulut sek\u00e4 antavat lis\u00e4ksi kohtuullisen tuoton p\u00e4\u00e4omalle.<\/p>\n<p><strong>6 \u00a7 Osuus ja osuusmaksu<\/strong><br \/>\nJ\u00e4senell\u00e4 on oltava yksi osuuskunnan osuus jokaista liittym\u00e4\u00e4 kohti. Osuuden nimellisarvo (osuusmaksu) on 300:- (kolmesataa) euroa. Jokaisesta osuudesta v\u00e4hint\u00e4\u00e4n sen nimellisarvo on kirjattava osuusp\u00e4\u00e4omaan. Osuusmaksu on maksettava yhdess\u00e4 er\u00e4ss\u00e4 osuuskunnan osoittamalle pankkitilille 30 p\u00e4iv\u00e4n kuluessa j\u00e4seneksi hyv\u00e4ksymisest\u00e4 lukien.<\/p>\n<p>Osuuskunta voi osuuskunnan kokouksen p\u00e4\u00e4t\u00f6ksell\u00e4 laskea liikkeelle uusia osuuksia. Uusien osuuksien merkint\u00e4hinta voi olla suurempi kuin osuusmaksu, jolloin osuusmaksun nimellisarvon ylitt\u00e4v\u00e4 osa liittymismaksu mukaan lukien on kirjattava sijoitetun vapaan oman p\u00e4\u00e4oman rahastoon.<\/p>\n<p><strong>7 \u00a7 Vapaaehtoiset osuudet<\/strong><br \/>\n[KUMOTTU]<\/p>\n<p><strong>8 \u00a7 Liittymismaksu<\/strong><br \/>\nOsuusmaksun lis\u00e4ksi kukin j\u00e4sen, joka liittyy vesi- ja viem\u00e4riverkostoon ja\/tai tietoliikenneverkkoon tai mahdollisiin muihin palveluihin, on velvollinen suorittamaan osana osuuden merkint\u00e4hintaa liittymismaksun jokaista erillist\u00e4 liittym\u00e4\u00e4ns\u00e4 kohti. T\u00e4m\u00e4 tarkoittaa yht\u00e4 liittymis-maksua yht\u00e4 asennettua pumppua ja\/tai verkkoliittym\u00e4\u00e4 kohti, tai muusta palvelusta. Liittymismaksu kirjataan sijoitetun vapaan oman p\u00e4\u00e4oman rahastoon.<\/p>\n<p>Osuuskunnan kokous p\u00e4\u00e4tt\u00e4\u00e4 liittymismaksun m\u00e4\u00e4r\u00e4st\u00e4, m\u00e4\u00e4r\u00e4\u00e4misperusteista, maksuajasta ja -tavasta ja muista ehdoista. Liittymismaksu on m\u00e4\u00e4r\u00e4tt\u00e4v\u00e4 niin, ett\u00e4 maksut kattavat verkon rakentamiskustannukset sill\u00e4 alueella, jossa j\u00e4senen kiinteist\u00f6 sijaitsee. Liitytt\u00e4ess\u00e4 olemassa olevaan verkkoon, liittymismaksu on m\u00e4\u00e4r\u00e4tt\u00e4v\u00e4 niin, ett\u00e4 siin\u00e4 huomioidaan se kumuloitunut arvo, josta liittyj\u00e4 p\u00e4\u00e4see osalliseksi.<\/p>\n<p>Osuuskunnan kokous voi valtuuttaa hallituksen p\u00e4\u00e4tt\u00e4m\u00e4\u00e4n n\u00e4ist\u00e4 asioista. T\u00e4llainen valtuutus voidaan antaa enint\u00e4\u00e4n viideksi vuodeksi kerrallaan.<\/p>\n<p>Osuuskunnalla on oikeus p\u00e4\u00e4tt\u00e4\u00e4 erilaisesta hinnoittelusta niille liittymille, jotka tehd\u00e4\u00e4n varsinaisen p\u00e4\u00e4linjan rakentamisen j\u00e4lkeen.<\/p>\n<p>Osuuskunnan hallituksella on valta p\u00e4\u00e4tt\u00e4\u00e4, ett\u00e4 m\u00e4\u00e4r\u00e4tynlaisista johtoliittymist\u00e4 ei perit\u00e4 liittymismaksua.<\/p>\n<p>Jos my\u00f6hemmin tuleva liittym\u00e4 aiheuttaa muutoksia p\u00e4\u00e4linjaan, vastaa uusi j\u00e4sen kaikista n\u00e4ist\u00e4 kuluista.<\/p>\n<p>J\u00e4sen voi siirt\u00e4\u00e4 liittymismaksulla saamansa edut kiinteist\u00f6n luovutuksen yhteydess\u00e4 sen uudelle omistajalle tai haltijalle. Liittymismaksu palautetaan osuuden irtisanomisen yhteydess\u00e4 ainoastaan siin\u00e4 tapauksessa, ett\u00e4 osuuskunnan palvelujen k\u00e4ytt\u00f6 lakkaa kiinteist\u00f6ll\u00e4 pysyv\u00e4sti rakennusten poistuessa k\u00e4yt\u00f6st\u00e4 ja liittymissopimus irtisanotaan. Liittymismaksun palauttamiseen sovelletaan osuuskuntalain 17 luvun s\u00e4\u00e4nn\u00f6ksi\u00e4.<\/p>\n<p><strong>9 \u00a7 Ylim\u00e4\u00e4r\u00e4inen maksu<\/strong><br \/>\nOsuuskunnan kokous voi yksinkertaisella enemmist\u00f6ll\u00e4 p\u00e4\u00e4tt\u00e4\u00e4 ylim\u00e4\u00e4r\u00e4isen maksun perimisest\u00e4 j\u00e4senilt\u00e4 toiminnan aikana kiinteist\u00f6n ostamista, rakennusten uusimista ja korjaamista tai uusien laitteiden hankkimista ja rahoittamista taikka osuuskunnan velkojen ja niiden korkojen maksua varten.<\/p>\n<p>Maksu voidaan peri\u00e4 ehdolla, ett\u00e4 sit\u00e4 ei palauteta, tai se voidaan ottaa lainana. Muuten maksusta m\u00e4\u00e4r\u00e4\u00e4 hallitus.<\/p>\n<p>Ylim\u00e4\u00e4r\u00e4ist\u00e4 maksua perit\u00e4\u00e4n tai otetaan lainana j\u00e4senilt\u00e4 samojen perusteiden mukaan kuin liittymismaksua tai sen mukaan kuin kukin j\u00e4sen k\u00e4ytt\u00e4\u00e4 hyv\u00e4kseen osuuskunnan palveluita tai samanaikaisesti n\u00e4ill\u00e4 molemmilla perusteilla. Jos ylim\u00e4\u00e4r\u00e4inen maksu perit\u00e4\u00e4n sellaiseen tarkoitukseen, joka tuottaa etua vain tietyille j\u00e4senille, voi osuuskunnan kokous p\u00e4\u00e4tt\u00e4\u00e4, ettei ylim\u00e4\u00e4r\u00e4ist\u00e4 maksua perit\u00e4 muilta j\u00e4senilt\u00e4. Ylim\u00e4\u00e4r\u00e4ist\u00e4 maksua voidaan kunkin tilikauden aikana m\u00e4\u00e4r\u00e4t\u00e4 j\u00e4senten suoritettavaksi yhten\u00e4 tai useampana er\u00e4n\u00e4 yhteens\u00e4 enint\u00e4\u00e4n j\u00e4senten osuusmaksuistaan maksamaa merkint\u00e4hintaa vastaavan m\u00e4\u00e4r\u00e4n liittymismaksu mukaan lukien.<\/p>\n<p><strong>10 \u00a7 J\u00e4senten henkil\u00f6kohtainen vastuu<\/strong><br \/>\nJ\u00e4senet eiv\u00e4t ole henkil\u00f6kohtaisessa vastuussa osuuskunnan sitoumuksista tai muista veloista.<\/p>\n<p><strong>11 \u00a7 Vesi- ja viem\u00e4riverkoston rakentaminen, kunnossapito ja uusiminen<\/strong><br \/>\nOsuuskunta huolehtii vesi- ja viem\u00e4rijohtojen sek\u00e4 tietoliikenneverkon rakentamisesta ja kunnossapidosta hallituksen m\u00e4\u00e4r\u00e4\u00e4m\u00e4\u00e4n liitt\u00e4miskohtaan saakka.<\/p>\n<p><strong>12 \u00a7 J\u00e4senen velvollisuudet<\/strong><br \/>\nJ\u00e4sen on velvollinen:<br \/>\n1) tekem\u00e4\u00e4n hallituksen hyv\u00e4ksym\u00e4n sopimuksen liittymisest\u00e4 ja osuuskunnan palvelujen k\u00e4ytt\u00e4misest\u00e4<br \/>\n2) noudattamaan osuuskunnan hallituksen hyv\u00e4ksymi\u00e4 kulloinkin voimassa olevia vesihuollon ja muiden palveluiden yleisi\u00e4 toimitusehtoja ja taksaa tai hinnastoa<br \/>\n3) luovuttamaan osuuskunnan k\u00e4ytt\u00f6\u00f6n korvauksetta maank\u00e4ytt\u00f6oikeuden j\u00e4senten kiinteist\u00f6lle johtavien osuuskunnan vesi- ja viem\u00e4rijohtojen rakentamista, korjaamista ja uusimista sek\u00e4 mahdollisia p\u00e4\u00e4linjalaitteistoja varten<br \/>\n4) kohtuullista korvausta vastaan my\u00f6nt\u00e4m\u00e4\u00e4n osuuskunnalle oikeuden rakentaa, korjata ja uusia maallaan my\u00f6s muita kuin 3) kohdassa mainittuja vesi- ja viem\u00e4rijohtoja<br \/>\n5) sallimaan, ett\u00e4 hallitus tai sen valtuuttama henkil\u00f6 tarkastaa vesi- ja viem\u00e4riverkostoon liitetyt johdot.<\/p>\n<p>13 \u00a7 Osuuskunnan kokoukset<br \/>\nOsuuskunnan varsinainen kokous pidet\u00e4\u00e4n kerran vuodessa hallituksen m\u00e4\u00e4r\u00e4\u00e4m\u00e4n\u00e4 p\u00e4iv\u00e4n\u00e4 ennen kes\u00e4kuun loppua.<\/p>\n<p>Ylim\u00e4\u00e4r\u00e4inen osuuskunnan kokous pidet\u00e4\u00e4n, milloin hallitus katsoo sen tarpeelliseksi tai se on muutoin lain mukaan pidett\u00e4v\u00e4. Kokoukset pidet\u00e4\u00e4n osuuskunnan kotipaikassa, jollei hallitus yksitt\u00e4istapauksessa m\u00e4\u00e4r\u00e4\u00e4 kokouspaikaksi jotakin muuta Suomen paikkakuntaa.<\/p>\n<p>Kokouksessa on kullakin j\u00e4senell\u00e4 yksi \u00e4\u00e4ni. Osuuskunnan kokouksen p\u00e4\u00e4t\u00f6kseksi tulee se mielipide, jota kannattaneilla j\u00e4senill\u00e4 on enemm\u00e4n kuin puolet annetuista \u00e4\u00e4nist\u00e4. Vaalissa katsotaan valituksi se, joka saa eniten \u00e4\u00e4ni\u00e4. \u00c4\u00e4nten menness\u00e4 tasan vaali ratkaistaan arvalla, mutta muissa asioissa tulee voimaan se mielipide, johon kokouksen puheenjohtaja on yhtynyt.<\/p>\n<p>Ellei vaaleissa, milloin toimeen tai teht\u00e4v\u00e4\u00e4n on ehdotettu useampaa kuin kahta henkil\u00f6\u00e4, kukaan ole saanut enemmist\u00f6\u00e4 annetuista \u00e4\u00e4nist\u00e4, toimitetaan uusi \u00e4\u00e4nestys niist\u00e4 ehdokkaista, joita on \u00e4\u00e4nestyksess\u00e4 kannatettu. Valituksi katsotaan t\u00e4ll\u00f6in se, joka on saanut suurimman \u00e4\u00e4nim\u00e4\u00e4r\u00e4n.<\/p>\n<p>Kokouksen puheenjohtajan on huolehdittava siit\u00e4, ett\u00e4 kokouksessa pidet\u00e4\u00e4n p\u00f6yt\u00e4kirjaa. \u00c4\u00e4niluettelo on otettava p\u00f6yt\u00e4kirjaan tai liitett\u00e4v\u00e4 siihen. P\u00f6yt\u00e4kirjaan on merkitt\u00e4v\u00e4 kokouksessa tehdyt p\u00e4\u00e4t\u00f6kset ja \u00e4\u00e4nestyksen tulos. Jos p\u00e4\u00e4t\u00f6s on \u00e4\u00e4nestyksen tulos, on p\u00f6yt\u00e4kirjaan merkitt\u00e4v\u00e4, miten \u00e4\u00e4net ovat jakautuneet. P\u00f6yt\u00e4kirja on kokouksen puheenjohtajan ja v\u00e4hint\u00e4\u00e4n kahden kokouksessa sit\u00e4 varten valitun p\u00f6yt\u00e4kirjantarkastajan tarkastettava ja allekirjoitettava.<\/p>\n<p><strong>14 \u00a7 Osuuskunnan varsinainen kokous<\/strong><br \/>\nVarsinaisessa osuuskunnan kokouksessa k\u00e4sitell\u00e4\u00e4n seuraavat asiat:<br \/>\n1) valitaan kokouksen puheenjohtaja ja sihteeri sek\u00e4 v\u00e4hint\u00e4\u00e4n kaksi p\u00f6yt\u00e4kirjan tarkastajaa ja \u00e4\u00e4nten laskijaa<br \/>\n2) todetaan, ett\u00e4 kokouskutsu on toimitettu s\u00e4\u00e4nt\u00f6jen m\u00e4\u00e4r\u00e4\u00e4m\u00e4ll\u00e4 tavalla ja ett\u00e4 kokous on muutoin laillinen<br \/>\n3) esitet\u00e4\u00e4n tilinp\u00e4\u00e4t\u00f6s ja tilintarkastuskertomus edelliselt\u00e4 tilikaudelta<br \/>\n4) p\u00e4\u00e4tet\u00e4\u00e4n tuloslaskelman ja taseen vahvistamisesta ja toimenpiteist\u00e4, joihin vahvistetun taseen mukainen ylij\u00e4\u00e4m\u00e4 tai tappio antaa aihetta<br \/>\n5) p\u00e4\u00e4tet\u00e4\u00e4n vastuuvapauden my\u00f6nt\u00e4misest\u00e4 hallituksen j\u00e4senille ja toimitusjohtajalle tilikaudelta<br \/>\n6) p\u00e4\u00e4tet\u00e4\u00e4n ylij\u00e4\u00e4m\u00e4n k\u00e4ytt\u00e4misest\u00e4<br \/>\n7) p\u00e4\u00e4tet\u00e4\u00e4n suuremmista investoinneista sek\u00e4 niiden rahoituksesta<br \/>\n8) vahvistetaan toimintasuunnitelma ja budjetti<br \/>\n9) vahvistetaan liittymismaksut<br \/>\n10) m\u00e4\u00e4r\u00e4t\u00e4\u00e4n hallituksen puheenjohtajan ja j\u00e4senten palkkiot<br \/>\n11) valitaan tarvittavat j\u00e4senet hallitukseen<br \/>\n12) valitaan v\u00e4hint\u00e4\u00e4n yksi tilintarkastaja ja tilintarkastajan varamies tarkastamaan seuraavan tilikauden hallintoa ja tilej\u00e4<br \/>\n13) p\u00e4\u00e4tet\u00e4\u00e4n, miss\u00e4 sanomalehdess\u00e4 kutsu osuuskunnan kokoukseen julkaistaan<br \/>\n14) k\u00e4sitell\u00e4\u00e4n muut kokouskutsussa mainitut asiat.<\/p>\n<p><strong>15 \u00a7 Ylij\u00e4\u00e4m\u00e4, vararahasto ja muut rahastot<\/strong><br \/>\nOsuuskunta ker\u00e4\u00e4 varoja vararahastoon, jota kasvatetaan kunnes se saavuttaa v\u00e4hint\u00e4\u00e4n 20.000:- (kaksikymment\u00e4tuhatta) euroa.<\/p>\n<p>Niin kauan kunnes vararahaston arvo alittaa edell\u00e4 mainitun arvon, talletetaan vuosiylij\u00e4\u00e4m\u00e4st\u00e4 v\u00e4hint\u00e4\u00e4n yksi nelj\u00e4sosa vararahastoon, kunnes se on saavuttanut t\u00e4yden tason.<\/p>\n<p>Vararahasto-osuuden j\u00e4lkeen, voidaan j\u00e4ljell\u00e4 oleva ylij\u00e4\u00e4m\u00e4 jakaa j\u00e4senille osuuskunnan palvelujen k\u00e4yt\u00f6n perusteella tilikauden aikana.<\/p>\n<p>Osuuskunnan kokous p\u00e4\u00e4tt\u00e4\u00e4 ylij\u00e4\u00e4m\u00e4n jaosta hallituksen esityksen perusteella.<\/p>\n<p><strong>16 \u00a7 Kokouskutsu<\/strong><br \/>\nHallitus kutsuu osuuskunnan kokouksen koolle. Kutsu osuuskunnan kokoukseen on toimitettava j\u00e4senille aikaisintaan kahta kuukautta ja viimeist\u00e4\u00e4n viikkoa ennen kokousta.<\/p>\n<p>Jos kokouksessa k\u00e4sitell\u00e4\u00e4n osuuskuntalain 5 luvun 21 \u00a7:ss\u00e4 mainittua asiaa, kokouskutsu on toimitettava aikaisintaan kahta kuukautta ja viimeist\u00e4\u00e4n kuukautta ennen kokousta.<\/p>\n<p>Kokouskutsu toimitetaan ilmoituksella, joka julkaistaan osuuskunnan kokouksen m\u00e4\u00e4r\u00e4\u00e4mill\u00e4 ilmoitustauluilla ja l\u00e4hetet\u00e4\u00e4n j\u00e4senille postitse tai (pelkk\u00e4 ilmoitustauluilla julkaiseminen ei voimassa olevan osuuskuntalain mukaan en\u00e4\u00e4 riit\u00e4) l\u00e4hetti\u00e4 k\u00e4ytt\u00e4en taikka s\u00e4hk\u00f6postiviestin\u00e4 j\u00e4senluetteloon merkittyyn osoitteeseen tai muuhun osuuskunnan tiedossa olevaan osoitteeseen. Kutsussa on mainittava kokouksessa k\u00e4sitelt\u00e4v\u00e4t asiat.<\/p>\n<p>Jos kokouksessa k\u00e4sitell\u00e4\u00e4n s\u00e4\u00e4nt\u00f6jen muuttamista tai osuuskuntalain 5 luvun 21 \u00a7:ss\u00e4 tarkoitettua asiaa taikka uusien osuuksien antamista, kutsussa on lis\u00e4ksi mainittava p\u00e4\u00e4t\u00f6sehdotuksen p\u00e4\u00e4asiallinen sis\u00e4lt\u00f6.<\/p>\n<p><strong>17 \u00a7 Hallitus<\/strong><br \/>\nOsuuskunnan hallitukseen kuuluu seitsem\u00e4n (7) j\u00e4sent\u00e4, jotka valitaan toimiinsa kolmeksi vuodeksi kerrallaan.<\/p>\n<p>Hallitukseen valitaan kolme (3) varaj\u00e4sent\u00e4 vuodeksi kerrallaan. Hallitukseen voidaan valita osuuskunnan j\u00e4sen tai vaihtoehtoisesti h\u00e4nen aviopuolisonsa ja osuuskunnan j\u00e4senen\u00e4 olevan yhteis\u00f6n edustaja. Sellainen j\u00e4sen tai sellaisen j\u00e4senyhteis\u00f6n edustaja, joka ei s\u00e4\u00e4nn\u00f6llisesti k\u00e4yt\u00e4 hyv\u00e4kseen osuuskunnan palveluksia, ei saa kuulua hallitukseen.<\/p>\n<p>Kaksi hallituksen j\u00e4senist\u00e4 on erovuorossa vuosittain, aluksi arvan mukaan ja sitten vuorottain. Hallitus valitsee keskuudestaan vuodeksi kerrallaan puheenjohtajan ja varapuheenjohtajan.<\/p>\n<p><strong>18 \u00a7 Hallituksen kokoukset<\/strong><br \/>\nHallitus on p\u00e4\u00e4t\u00f6svaltainen, kun saapuvilla on enemm\u00e4n kuin puolet sen j\u00e4senten koko lukum\u00e4\u00e4r\u00e4st\u00e4. P\u00e4\u00e4t\u00f6st\u00e4 ei kuitenkaan saa tehd\u00e4, ellei kaikille hallituksen j\u00e4senille ole mahdollisuuksien mukaan varattu tilaisuutta osallistua asian k\u00e4sittelyyn. Jos hallituksen j\u00e4sen on estynyt, h\u00e4nen tilalleen tulevalle varaj\u00e4senelle on varattava tilaisuus osallistua asian k\u00e4sittelyyn.<\/p>\n<p>Hallituksen kokouksessa tulee p\u00e4\u00e4t\u00f6kseksi se mielipide, jota enemm\u00e4n kuin puolet l\u00e4sn\u00e4 olevista on kannattanut tai jos \u00e4\u00e4net menev\u00e4t tasan, se mielipide, johon puheenjohtaja yhtyy. Hallituksen puheenjohtajan vaalissa \u00e4\u00e4nten menness\u00e4 hallituksessa tasan puheenjohtaja valitaan arvalla.<\/p>\n<p>Puheenjohtajan on huolehdittava siit\u00e4, ett\u00e4 hallitus kokoontuu tarvittaessa. Lis\u00e4ksi puheenjohtajan on kutsuttava hallitus koolle, jos hallituksen j\u00e4sen tai toimitusjohtaja sit\u00e4 vaatii. Toimitusjohtajalla on, vaikka h\u00e4n ei olisikaan hallituksen j\u00e4sen, oikeus olla l\u00e4sn\u00e4 hallituksen kokouksissa ja k\u00e4ytt\u00e4\u00e4 niiss\u00e4 puhevaltaan, jos ei hallitus m\u00e4\u00e4r\u00e4tyiss\u00e4 tapauksissa toisin p\u00e4\u00e4t\u00e4.<\/p>\n<p>Hallitus k\u00e4sittelee muun muassa seuraavat asiat:<br \/>\n1) valmistelee esityst\u00e4 osuuskunnan palveluista peritt\u00e4vist\u00e4 maksuista<br \/>\n2) p\u00e4\u00e4tt\u00e4\u00e4 osuuskunnan palvelujen tarjoamista koskevien sopimusten ehdoista<br \/>\n3) tarkastaa osuuskunnan omaisuuden ja rahavarojen hoitoa sek\u00e4 kirjanpitoa tahi m\u00e4\u00e4r\u00e4\u00e4 jonkun j\u00e4senist\u00e4\u00e4n ajoittain toimittamaan t\u00e4llaisia tarkastuksia<br \/>\n4) p\u00e4\u00e4tt\u00e4\u00e4 osuuskunnan kokouksen koolle kutsumisesta ja valmistelee siin\u00e4 k\u00e4sitelt\u00e4v\u00e4t asiat ja<br \/>\n5) k\u00e4sittelee muita hallituksen toimivaltaan kuuluvia ja sen toimenpiteit\u00e4 vaativia asioita.<\/p>\n<p>Hallituksen kokouksesta on laadittava p\u00f6yt\u00e4kirja, jonka allekirjoittaa kokouksen puheenjohtaja ja v\u00e4hint\u00e4\u00e4n yksi hallituksen siihen valitsema j\u00e4sen. Hallituksen j\u00e4senell\u00e4 ja toimitusjohtajalla on oikeus saada eri\u00e4v\u00e4 mielipiteens\u00e4 merkityksi p\u00f6yt\u00e4kirjaan. P\u00f6yt\u00e4kirja on numeroitava juoksevasti ja s\u00e4ilytett\u00e4v\u00e4 luotettavalla tavalla.<\/p>\n<p><strong>19 \u00a7 Toimitusjohtaja<\/strong><br \/>\nOsuuskunnalla voi olla toimitusjohtaja, jos hallitus niin p\u00e4\u00e4tt\u00e4\u00e4. Toimitusjohtajan nimitt\u00e4\u00e4 ja erottaa osuuskunnan hallitus.<\/p>\n<p>Osuuskunnan hallitus tekee toimitusjohtajan kanssa kirjallisen sopimuksen, jossa sovitaan toimitusjohtajan teht\u00e4v\u00e4n hoitamiseen ja toimeentuloon liittyvist\u00e4 asioista.<\/p>\n<p><strong>20 \u00a7 Osuuskunnan edustaminen ja prokura<\/strong><br \/>\nOsuuskuntaa edustaa toimitusjohtaja ja hallituksen puheenjohtaja yhdess\u00e4 yhden j\u00e4senen kanssa. Hallitus voi antaa oikeuden edustaa osuuskuntaa osuuskunnan palveluksessa oleville henkil\u00f6ille siten, ett\u00e4 he edustavat osuuskuntaa kukin erikseen yhdess\u00e4 toimitusjohtajan tai hallituksen jonkun j\u00e4senen kanssa tai kesken\u00e4\u00e4n kaksi yhdess\u00e4.<\/p>\n<p>Hallitus voi p\u00e4\u00e4tt\u00e4\u00e4 my\u00f6s prokuran antamisesta.<\/p>\n<p><strong>21 \u00a7 Tilikausi ja tilinp\u00e4\u00e4t\u00f6s<\/strong><br \/>\nOsuuskunnan tilikausi on kalenterivuosi. Kultakin tilikaudelta on laadittava tilinp\u00e4\u00e4t\u00f6s.<br \/>\nTilinp\u00e4\u00e4t\u00f6ksen tulee olla valmiina ja se on j\u00e4tett\u00e4v\u00e4 tilintarkastajille tarkastettavaksi viimeist\u00e4\u00e4n kuukautta ennen osuuskunnan varsinaista kokousta, kuitenkin viimeist\u00e4\u00e4n ennen maaliskuun loppua.<\/p>\n<p><strong>22 \u00a7 Tilintarkastajat<\/strong><br \/>\nOsuuskunnalla on v\u00e4hint\u00e4\u00e4n yksi tilintarkastaja ja varatilintarkastaja, jotka valitaan toistaiseksi.<\/p>\n<p><strong>23 \u00a7 Osuuden siirto ja siirron saajan oikeus<\/strong><br \/>\nJ\u00e4sen voi siirt\u00e4\u00e4 osuutensa toiselle, mutta j\u00e4senyytt\u00e4 ei voida toiselle luovuttaa.<\/p>\n<p>Jos j\u00e4sen on siirt\u00e4nyt osuutensa toiselle, on siirronsaaja, joka t\u00e4ytt\u00e4\u00e4 j\u00e4seneksi p\u00e4\u00e4semisen edellytykset, hyv\u00e4ksytt\u00e4v\u00e4 osuuskunnan j\u00e4seneksi. Siirronsaajan on haettava osuuskunnan j\u00e4senyytt\u00e4 kuuden kuukauden kuluessa siirrosta.<\/p>\n<p>Siirronsaajalla on oikeus lukea hyv\u00e4kseen siirt\u00e4j\u00e4n suorittama liittymismaksu samoin kuin osuusmaksunsa lyhennykseksi siirt\u00e4j\u00e4n osuusmaksusta osuuskunnalle maksettu m\u00e4\u00e4r\u00e4. Siirronsaaja saa t\u00e4ll\u00f6in my\u00f6s muut osuuskuntalakiin ja n\u00e4ihin s\u00e4\u00e4nt\u00f6ihin perustuvat taloudelliset edut ja velvollisuudet, jotka siirt\u00e4j\u00e4ll\u00e4 olisi ollut, jos h\u00e4nen j\u00e4senyytens\u00e4 olisi jatkunut.<\/p>\n<p><strong>24 \u00a7 Kuolleen j\u00e4senen oikeudenomistajan oikeus<\/strong><br \/>\nKuolleen j\u00e4senen oikeudenomistajalla, jolle oikeus t\u00e4m\u00e4n osuusmaksuun on siirtynyt, on oikeus j\u00e4seneksi p\u00e4\u00e4semiseen, jos h\u00e4n vuoden kuluessa kuolinp\u00e4iv\u00e4st\u00e4 hakee osuuskunnan j\u00e4senyytt\u00e4 ja edellytykset j\u00e4senyyden saamiseen muutoin ovat olemassa.<\/p>\n<p>Oikeudenomistajalla, joka sanotussa ajassa tekem\u00e4st\u00e4\u00e4n hakemuksesta hyv\u00e4ksyt\u00e4\u00e4n osuuskunnan j\u00e4seneksi, on t\u00e4ll\u00f6in oikeus lukea hyv\u00e4kseen vainajan suorittama liittymismaksu samoin kuin osuusmaksunsa lyhennykseksi vainajan osuusmaksusta osuuskunnalle maksettu m\u00e4\u00e4r\u00e4. Oikeudenomistaja saa t\u00e4ll\u00f6in my\u00f6s muut osuuskuntalakiin ja n\u00e4ihin s\u00e4\u00e4nt\u00f6ihin perustuvat taloudelliset oikeudet ja velvollisuudet, jotka vainajalla olisi el\u00e4ess\u00e4\u00e4n ollut.<\/p>\n<p><strong>25 \u00a7 J\u00e4senen erottaminen<\/strong><br \/>\nOsuuskunnan hallitus p\u00e4\u00e4tt\u00e4\u00e4 j\u00e4senen erottamisesta. J\u00e4sen voidaan erottaa osuuskunnasta:<br \/>\n1) jos j\u00e4sen ei saamastaan varoituksesta huolimatta suorita maksujaan osuuskunnalle tai t\u00e4yt\u00e4 muita j\u00e4senyydest\u00e4 johtuvia velvollisuuksiaan<br \/>\n2) jos j\u00e4sen kokonaan tai osaksi luopuu k\u00e4ytt\u00e4m\u00e4st\u00e4 hyv\u00e4kseen osuuskunnan palveluksia<br \/>\n3) jos j\u00e4sen aiheuttaa osuuskunnalle huomattavaa vahinkoa, tai muutoin toimii osuuskunnan etujen ja tarkoitusperien vastaisesti<br \/>\n4) jos j\u00e4sen toimii sopimuksessa mainittujen kulloinkin voimassa olevien yleisten m\u00e4\u00e4r\u00e4ysten tai yleisten toimitusehtojen vastaisesti tai<br \/>\n5) jos j\u00e4sen joutuu konkurssitilaan tai holhouksen alaiseksi.<\/p>\n<p><strong>26 \u00a7 Osuuskunnan purkautuminen ja selvitystila<\/strong><br \/>\nP\u00e4\u00e4t\u00f6s osuuskunnan vapaaehtoisesta purkamisesta ja selvitystilaan asettamisesta tehd\u00e4\u00e4n osuuskunnan kokouksessa. P\u00e4\u00e4t\u00f6s on p\u00e4tev\u00e4, jos sit\u00e4 kannattavat j\u00e4senet, joilla on v\u00e4hint\u00e4\u00e4n kaksi kolmasosaa annetuista \u00e4\u00e4nist\u00e4 kahdessa per\u00e4kk\u00e4isess\u00e4 osuuskunnan kokouksessa.<\/p>\n<p><strong>27 \u00a7 Varojen jakaminen osuuskunnan purkautuessa<\/strong><br \/>\nJos osuuskunta puretaan, p\u00e4\u00e4tt\u00e4\u00e4 osuuskunnan kokous miten osuuskunnan omaisuuden s\u00e4\u00e4st\u00f6 k\u00e4ytet\u00e4\u00e4n.<br \/>\nMik\u00e4li s\u00e4\u00e4st\u00f6\u00e4 ei jaeta j\u00e4senille, on se k\u00e4ytett\u00e4v\u00e4 vesihuoltotoimintaa edist\u00e4viin tai yleishy\u00f6dyllisiin tarkoituksiin.<\/p>\n<p><strong>28 \u00a7 Erimielisyydet<\/strong><br \/>\nRiidat toiselta puolen osuuskunnan ja toiselta puolen hallituksen j\u00e4senen tai osuuskunnan muun edustajan, selvitysmiehen, tilintarkastajan tai osuuskunnan j\u00e4senen v\u00e4lill\u00e4 ratkaistaan osuuskunnan kotipaikkakunnan k\u00e4r\u00e4j\u00e4oikeudessa.<\/p>\n<p><strong>29 \u00a7 S\u00e4\u00e4nt\u00f6jen muuttaminen<\/strong><br \/>\nS\u00e4\u00e4nt\u00f6jen muuttamisesta p\u00e4\u00e4tt\u00e4\u00e4 osuuskunnan kokous. P\u00e4\u00e4t\u00f6s on p\u00e4tev\u00e4, ellei laissa tai n\u00e4iss\u00e4 s\u00e4\u00e4nn\u00f6iss\u00e4 ole toisin sanottu, jos sit\u00e4 kannattavat j\u00e4senet, joilla on v\u00e4hint\u00e4\u00e4n kaksi kolmasosaa annetuista \u00e4\u00e4nist\u00e4.<\/p>\n<p><strong>30 \u00a7 Yleisi\u00e4 s\u00e4\u00e4nn\u00f6ksi\u00e4<\/strong><br \/>\nMuutoin sovelletaan osuuskuntalakia ja vesihuoltolakia.<\/p>\n","protected":false},"excerpt":{"rendered":"<p>Vesiosuuskunnan s\u00e4\u00e4nn\u00f6t 1 \u00a7 Toiminimi ja kotipaikka Osuuskunnan toiminimi on Kit\u00f6 Vattenandelslag \u2013 Kit\u00f6n Vesiosuuskunta ja kotipaikka on Sipoo. 2<\/p>\n<p class=\"readmore\"><a href=\"https:\/\/www.kitoval.fi\/?page_id=55\" title=\"Read S\u00e4\u00e4nn\u00f6t\">Read more &raquo;<\/a><\/p>\n","protected":false},"author":1,"featured_media":0,"parent":39,"menu_order":0,"comment_status":"closed","ping_status":"closed","template":"","meta":{"_monsterinsights_skip_tracking":false,"_monsterinsights_sitenote_active":false,"_monsterinsights_sitenote_note":"","_monsterinsights_sitenote_category":0,"footnotes":""},"class_list":["post-55","page","type-page","status-publish","hentry"],"_links":{"self":[{"href":"https:\/\/www.kitoval.fi\/index.php?rest_route=\/wp\/v2\/pages\/55"}],"collection":[{"href":"https:\/\/www.kitoval.fi\/index.php?rest_route=\/wp\/v2\/pages"}],"about":[{"href":"https:\/\/www.kitoval.fi\/index.php?rest_route=\/wp\/v2\/types\/page"}],"author":[{"embeddable":true,"href":"https:\/\/www.kitoval.fi\/index.php?rest_route=\/wp\/v2\/users\/1"}],"replies":[{"embeddable":true,"href":"https:\/\/www.kitoval.fi\/index.php?rest_route=%2Fwp%2Fv2%2Fcomments&post=55"}],"version-history":[{"count":4,"href":"https:\/\/www.kitoval.fi\/index.php?rest_route=\/wp\/v2\/pages\/55\/revisions"}],"predecessor-version":[{"id":417,"href":"https:\/\/www.kitoval.fi\/index.php?rest_route=\/wp\/v2\/pages\/55\/revisions\/417"}],"up":[{"embeddable":true,"href":"https:\/\/www.kitoval.fi\/index.php?rest_route=\/wp\/v2\/pages\/39"}],"wp:attachment":[{"href":"https:\/\/www.kitoval.fi\/index.php?rest_route=%2Fwp%2Fv2%2Fmedia&parent=55"}],"curies":[{"name":"wp","href":"https:\/\/api.w.org\/{rel}","templated":true}]}}