{"id":58,"date":"2015-10-07T21:07:04","date_gmt":"2015-10-07T18:07:04","guid":{"rendered":"http:\/\/www.kitoval.fi\/?page_id=58"},"modified":"2015-10-09T17:32:24","modified_gmt":"2015-10-09T14:32:24","slug":"historia","status":"publish","type":"page","link":"https:\/\/www.kitoval.fi\/?page_id=58","title":{"rendered":"Sk\u00e4rg\u00e5rdens historia"},"content":{"rendered":"<p>Sibbos syd\u00f6stra sk\u00e4rg\u00e5rd, n\u00e4rmast Kit\u00f6 och L\u00f6par\u00f6 b\u00f6rjade egentligen befolkas p\u00e5 1830-50 talet. En st\u00f6rre inflyttning skedde vid missv\u00e4xt\u00e5ren 1867-68. I sk\u00e4rg\u00e5rden kunde man livn\u00e4ra sig p\u00e5 fiske och sm\u00e5bruk, samt som tj\u00e4nstefolk vid de st\u00f6rre g\u00e5rdarna i byn. Dessa r\u00e4tt stora g\u00e5rdar hade bildats redan under den svenska tiden. H\u00e4r b\u00f6r man \u00e5tminstone n\u00e4mna Skogby, Knuts, Martis, Smeds, Kitas, samt L\u00f6par\u00f6 g\u00e5rd.<\/p>\n<p><a href=\"http:\/\/www.kitoval.fi\/wp-content\/uploads\/2015\/10\/skutahanna.jpg\"><img loading=\"lazy\" decoding=\"async\" class=\"size-full wp-image-156 aligncenter\" src=\"http:\/\/www.kitoval.fi\/wp-content\/uploads\/2015\/10\/skutahanna.jpg\" alt=\"skutahanna\" width=\"283\" height=\"210\" \/><\/a><\/p>\n<p>N\u00e4r Helsingfors, under den ryska tiden, b\u00f6rjade v\u00e4xa, kom seglingen in i bilden. Huvudstaden beh\u00f6vde ved, sand, potatis, gr\u00f6nsaker, etc. F\u00f6rst k\u00f6pte man skutor\/jakter fr\u00e5n Estland, men senare b\u00f6rjade man sj\u00e4lv bygga skepp. I b\u00f6rjan var alla segelfartyg. F\u00f6rst p\u00e5 1920-talet b\u00f6rjade skutorna motoriseras.<\/p>\n<p><a href=\"http:\/\/www.kitoval.fi\/wp-content\/uploads\/2015\/10\/spjutsundfolkskola.jpg\"><img loading=\"lazy\" decoding=\"async\" class=\"size-full wp-image-162 aligncenter\" src=\"http:\/\/www.kitoval.fi\/wp-content\/uploads\/2015\/10\/spjutsundfolkskola.jpg\" alt=\"spjutsundfolkskola\" width=\"283\" height=\"213\" \/><\/a><\/p>\n<p>Folkskolan i Spjutsund grundades \u00e5r 1898, och efter detta fick alla barn undervisning. F\u00f6re detta hade undervisningen skett i ambulerande skolor.<br \/>\nUtkomsten i sk\u00e4rg\u00e5rden bestod av en m\u00e5ngfald av aktiviteter. Ingen kunde komma tillr\u00e4tta med ett enda \u201dyrke\u201d.<\/p>\n<p>Den typiska n\u00e4ringsbilden under 1920-30 talen var, att karlarna seglade under den isfria perioden, endera som skut\u00e4gare eller som \u201dsegelkarlar\u201d. Under vintern var det stock- och propshuggning p\u00e5 Onas och de andra \u00f6arna. Alternativet var att var fiskare.<\/p>\n<p><a href=\"http:\/\/www.kitoval.fi\/wp-content\/uploads\/2015\/10\/johanna.jpg\"><img loading=\"lazy\" decoding=\"async\" class=\"size-full wp-image-160 aligncenter\" src=\"http:\/\/www.kitoval.fi\/wp-content\/uploads\/2015\/10\/johanna.jpg\" alt=\"johanna\" width=\"283\" height=\"171\" \/><\/a><\/p>\n<p>Kvinnorna idkade mj\u00f6lkproduktion och tr\u00e4dg\u00e5rdsodling. Man hade 1-2 kor, kalvar varje \u00e5r, en gris som togs som kult i mars m\u00e5nad och slaktades som svin i oktober. Kornas dr\u00e4ktighet reglerades s\u00e5, att mj\u00f6lkproduktionen under sommaren var som st\u00f6rst, n\u00e4r sommarg\u00e4sterna beh\u00f6vde mj\u00f6lk. Dessutom hade man h\u00f6ns. Fr\u00e4mst odlade man havre, h\u00f6, potatis och jordgubbar. Potatisen och jordgubbarna s\u00e5ldes fr\u00e4mst p\u00e5 Salutorget i Helsingfors, men \u00e4ven lokalt till sommarg\u00e4sterna.<\/p>\n<p>Det var allm\u00e4nt i sk\u00e4rg\u00e5rden, att det egentliga bostadshuset hyrdes ut till sommarg\u00e4ster fr\u00e5n Helsingfors. G\u00e4sterna hyrde huset f\u00f6r hela sommaren och hus\u00e4garen \u201dflyttade ut\u201d och bodde i lillstugan eller bastun.<\/p>\n<p>Telefonen kom till \u00f6arna \u00e5r xxxx.<\/p>\n<p>I sk\u00e4rg\u00e5rden cirkulerar \u00e4ven m\u00e5nga intressanta historier om aktiv spritsmuggling.<br \/>\nVille eller m\u00e5ste man \u00e5ka in till \u201dstan\u201d fanns det tv\u00e5 alternativ. 1. Ro eller segla, 2. G\u00e5 eller ta h\u00e4stskjuts till Box och forts\u00e4tt med buss.<\/p>\n<p><a href=\"http:\/\/www.kitoval.fi\/wp-content\/uploads\/2015\/10\/ngbtkit.jpg\"><img loading=\"lazy\" decoding=\"async\" class=\"size-full wp-image-161 aligncenter\" src=\"http:\/\/www.kitoval.fi\/wp-content\/uploads\/2015\/10\/ngbtkit.jpg\" alt=\"ngbtkit\" width=\"283\" height=\"217\" \/><\/a><\/p>\n<p>P\u00e5 slutet av 30-talet gick det tv\u00e5 \u00e5ngb\u00e5tar till \u00f6arna. P\u00e5 yttre sidan av Kit\u00f6, k\u00f6rde \u201dBorg\u00e5\u201d-b\u00e5ten, en liten gr\u00e5f\u00e4rgad \u00e5ngare som tog i land vid bryggorna p\u00e5 L\u00f6par\u00f6 och Svartviken. P\u00e5 Insj\u00f6sidan k\u00f6rde den vita \u201dOlympia\u201d. Den tog iland p\u00e5 Siverlandet, Str\u00f6mbergs, Bergstr\u00f6ms och K\u00e4rn\u00e4sholm. Dessa \u00e5ngare blev efter krigsslutet \u00f6verl\u00e4mnade till Sovjet Unionen.<\/p>\n<p>Sedan kom kriget som f\u00f6r\u00e4ndrade allt. Sk\u00e4rg\u00e5rdens s\u00f6ner k\u00e4mpade med alla andra, somliga stupade andra blev s\u00e5rade. \u00c4ven hemmafronten fick k\u00e4mpa, men p\u00e5 landet fanns det ju inte n\u00e5gon direkt brist p\u00e5 mat, men om man j\u00e4mf\u00f6r med dagens fordringar fanns det ingenting. Bara p\u00e5 Kit\u00f6 f\u00e4lldes det ca.40 bomber, som dock f\u00f6rorsakade endast materiella skador.<\/p>\n<p><a href=\"http:\/\/www.kitoval.fi\/wp-content\/uploads\/2015\/10\/byviken.jpg\"><img loading=\"lazy\" decoding=\"async\" class=\"size-full wp-image-157 aligncenter\" src=\"http:\/\/www.kitoval.fi\/wp-content\/uploads\/2015\/10\/byviken.jpg\" alt=\"byviken\" width=\"283\" height=\"184\" \/><\/a><\/p>\n<p>N\u00e4r levnadsstandarden i Helsingfors regionen efter kriget snabbt steg, b\u00f6rjade huvudstadsborna \u201dinvadera\u201d Sibbo sk\u00e4rg\u00e5rd. Alla ville ha en sommarvilla n\u00e4ra staden. De ovan n\u00e4mnda g\u00e5rdarna hade stora \u00e4gor p\u00e5 \u00f6arna, som snabbt styckades till sm\u00e5 parceller och inom tv\u00e5 \u00e5rtionden var n\u00e4stan alla strandtomter utbyggda av fritidsbos\u00e4ttning. M\u00e4rk, allt detta f\u00f6re det ens fanns v\u00e4gf\u00f6rbindelse eller ens elektricitet.<\/p>\n<p><a href=\"http:\/\/www.kitoval.fi\/wp-content\/uploads\/2015\/10\/lparkanal.jpg\"><img loading=\"lazy\" decoding=\"async\" class=\"size-full wp-image-159 aligncenter\" src=\"http:\/\/www.kitoval.fi\/wp-content\/uploads\/2015\/10\/lparkanal.jpg\" alt=\"lparkanal\" width=\"283\" height=\"192\" \/><\/a><\/p>\n<p>Det andra stora fenomenet var, att huvudstaden igen beh\u00f6vde material, sand och tr\u00e4material samt alla sorter av tr\u00e4dg\u00e5rdsprodukter. I Sibbo och isynnerhet i v\u00e5r kustregion uppstod en ny fartygsflotta. Nu var det fr\u00e5ga om tv\u00e5- och tremastiga galeaser, j\u00e4mf\u00f6rt med de tidigare enmastade jakterna. Galeaserna hade st\u00f6rre dr\u00e4ktighet, \u00e4ven om fraktgodset mer eller mindre var detsamma. Somliga seglade \u00e4ven till Sverige, men man h\u00f6ll sig p\u00e5 \u00d6stersj\u00f6n. P\u00e5 slutet av fyrtiotalet fanns det 6-7 galeaser med Kit\u00f6 och L\u00f6par\u00f6 som hemort.<\/p>\n<p><a href=\"http:\/\/www.kitoval.fi\/wp-content\/uploads\/2015\/10\/karlssonshandelkit.jpg\"><img loading=\"lazy\" decoding=\"async\" class=\"size-full wp-image-158 aligncenter\" src=\"http:\/\/www.kitoval.fi\/wp-content\/uploads\/2015\/10\/karlssonshandelkit.jpg\" alt=\"karlssonshandelkit\" width=\"283\" height=\"195\" \/><\/a><\/p>\n<p>P\u00e5 Kit\u00f6 fanns det p\u00e5 slutet av 40-talet och b\u00f6rjan av 50-talet 3 lanthandlar, p\u00e5 N\u00e4set en och i Byn en lanthandel.<\/p>\n<p>Behovet av transportmedel mellan Helsingfors och Sk\u00e4rg\u00e5rden hade v\u00e4xt. P\u00e5 \u201dinsidan\u201d hade man olika fartyg som, Kaija, Rigel och Centa, som sk\u00f6tte den mycket livliga sommartrafiken. P\u00e5 yttre sidan till L\u00f6par\u00f6 och Kit\u00f6 trafikerade xxxx.<\/p>\n<p>Sedan gjorde man tv\u00e5 \u201dteknolokiska hopp\u201d, hoppas vi kan ta det tredje:<br \/>\n\u00c5r 1953 fick man elektricitet. Allts\u00e5 l\u00e4xl\u00e4sning till oljelampans ljus blev historia. Till radion beh\u00f6vdes inte mera n\u00e5gon ackumulator eller anod-batteri.<\/p>\n<p>Den negativa aspekten av utvecklingen var, att traktens folk, som en f\u00f6ljd av de stigande fordringarna p\u00e5 h\u00f6jd levnadsstandard, inte mera kunde hitta sin utkomst p\u00e5 trakten. M\u00e5nga av de potentiella krafterna, flyttade bort fr\u00e5n trakten till en \u201dl\u00e4ttare och s\u00e4krare\u201d utkomst. Detta drog ner \u00f6arnas resurs-potential f\u00f6r flera \u00e5rtionden. F\u00f6rst nu kan man s\u00e4ga att den m\u00e4nskliga potentialen, delvis beroende p\u00e5 nya inflyttare, \u00e4r i j\u00e4mvikt med det andra samh\u00e4llet.<\/p>\n<p>\u00c5r 1963 bildade man ett v\u00e4glag, som baserat p\u00e5 gamla planer, genomf\u00f6rde utbyggnaden av Kit\u00f6-v\u00e4gen, som \u00e4ven senare blivit asfalterad i v\u00e4glagets regi. Med ens, kunde vi alla k\u00f6ra bil \u00e4nda fram till v\u00e5r fastighet. V\u00e4gen som idag g\u00e5r \u00e4nda till \u00e4ndan av L\u00f6par\u00f6, f\u00f6rde med sig att trakten mycket snabbt blev utbygd till ett by-likt omr\u00e5de.<\/p>\n<p>Nu har vi chansen att g\u00f6ra n\u00e4sta teknologiska hopp, att \u201df\u00e5 ett fungerande vatten- och avloppssystem\u201d till bygden.<\/p>\n<p>Naturligtvis \u00e4r det fr\u00e5ga on en stor investering, men vi skall ocks\u00e5 komma ih\u00e5g att v\u00e4rdet av v\u00e5ra fastigheter s\u00e4kert f\u00f6rdubblas.<\/p>\n","protected":false},"excerpt":{"rendered":"<p>Sibbos syd\u00f6stra sk\u00e4rg\u00e5rd, n\u00e4rmast Kit\u00f6 och L\u00f6par\u00f6 b\u00f6rjade egentligen befolkas p\u00e5 1830-50 talet. En st\u00f6rre inflyttning skedde vid missv\u00e4xt\u00e5ren 1867-68.<\/p>\n<p class=\"readmore\"><a href=\"https:\/\/www.kitoval.fi\/?page_id=58\" title=\"Read Sk\u00e4rg\u00e5rdens historia\">Read more &raquo;<\/a><\/p>\n","protected":false},"author":1,"featured_media":0,"parent":8,"menu_order":1,"comment_status":"closed","ping_status":"closed","template":"","meta":{"_monsterinsights_skip_tracking":false,"_monsterinsights_sitenote_active":false,"_monsterinsights_sitenote_note":"","_monsterinsights_sitenote_category":0,"footnotes":""},"class_list":["post-58","page","type-page","status-publish","hentry"],"_links":{"self":[{"href":"https:\/\/www.kitoval.fi\/index.php?rest_route=\/wp\/v2\/pages\/58"}],"collection":[{"href":"https:\/\/www.kitoval.fi\/index.php?rest_route=\/wp\/v2\/pages"}],"about":[{"href":"https:\/\/www.kitoval.fi\/index.php?rest_route=\/wp\/v2\/types\/page"}],"author":[{"embeddable":true,"href":"https:\/\/www.kitoval.fi\/index.php?rest_route=\/wp\/v2\/users\/1"}],"replies":[{"embeddable":true,"href":"https:\/\/www.kitoval.fi\/index.php?rest_route=%2Fwp%2Fv2%2Fcomments&post=58"}],"version-history":[{"count":4,"href":"https:\/\/www.kitoval.fi\/index.php?rest_route=\/wp\/v2\/pages\/58\/revisions"}],"predecessor-version":[{"id":166,"href":"https:\/\/www.kitoval.fi\/index.php?rest_route=\/wp\/v2\/pages\/58\/revisions\/166"}],"up":[{"embeddable":true,"href":"https:\/\/www.kitoval.fi\/index.php?rest_route=\/wp\/v2\/pages\/8"}],"wp:attachment":[{"href":"https:\/\/www.kitoval.fi\/index.php?rest_route=%2Fwp%2Fv2%2Fmedia&parent=58"}],"curies":[{"name":"wp","href":"https:\/\/api.w.org\/{rel}","templated":true}]}}