{"id":611,"date":"2017-06-08T15:03:18","date_gmt":"2017-06-08T12:03:18","guid":{"rendered":"http:\/\/www.kitoval.fi\/?page_id=611"},"modified":"2023-05-29T16:01:48","modified_gmt":"2023-05-29T13:01:48","slug":"2017-2","status":"publish","type":"page","link":"https:\/\/www.kitoval.fi\/?page_id=611","title":{"rendered":"2017"},"content":{"rendered":"<p><strong>Ordinarie andelsst\u00e4mma\u00a017.6.2017<br \/>\n<\/strong><a href=\"http:\/\/www.kitoval.fi\/wp-content\/uploads\/2017\/06\/protokoll_arsmote_2017.pdf\">Protokoll<\/a>\u00a0(PDF)<strong><br \/>\n<\/strong><a href=\"http:\/\/www.kitoval.fi\/wp-content\/uploads\/2017\/06\/moteskallelse_arsmote_2017.pdf\">M\u00f6teskallelse<\/a>\u00a0(PDF)<a href=\"http:\/\/www.kitoval.fi\/wp-content\/uploads\/2017\/06\/arsmotet_basagenda.pdf\"><br \/>\n<\/a><a href=\"http:\/\/www.kitoval.fi\/wp-content\/uploads\/2017\/06\/arsmotet_basagenda.pdf\">Basagenda<\/a>\u00a0(PDF)<br \/>\n<a href=\"http:\/\/www.kitoval.fi\/wp-content\/uploads\/2017\/06\/tilintarkastuskertomus2016.pdf\">Revisionsber\u00e4ttelse<\/a>\u00a0(PDF)<br \/>\n<a href=\"http:\/\/www.kitoval.fi\/wp-content\/uploads\/2017\/06\/resultat_2016.pdf\">Resultatr\u00e4kning 2016<\/a>\u00a0(PDF)<br \/>\n<a href=\"http:\/\/www.kitoval.fi\/wp-content\/uploads\/2017\/06\/arsberattelse_2016.pdf\">\u00c5rsber\u00e4ttelse 2016<\/a>\u00a0(PDF)<br \/>\n<a href=\"http:\/\/www.kitoval.fi\/wp-content\/uploads\/2017\/06\/balans2016.pdf\">Balansr\u00e4kning 2016<\/a>\u00a0(PDF)<br \/>\n<a href=\"http:\/\/www.kitoval.fi\/wp-content\/uploads\/2017\/06\/plan2017.pdf\">M\u00e5ls\u00e4ttningar f\u00f6r \u00e5r 2017<\/a>\u00a0(PDF)<\/p>\n","protected":false},"excerpt":{"rendered":"<p>Ordinarie andelsst\u00e4mma\u00a017.6.2017 Protokoll\u00a0(PDF) M\u00f6teskallelse\u00a0(PDF) Basagenda\u00a0(PDF) Revisionsber\u00e4ttelse\u00a0(PDF) Resultatr\u00e4kning 2016\u00a0(PDF) \u00c5rsber\u00e4ttelse 2016\u00a0(PDF) Balansr\u00e4kning 2016\u00a0(PDF) M\u00e5ls\u00e4ttningar f\u00f6r \u00e5r 2017\u00a0(PDF)<\/p>\n","protected":false},"author":1,"featured_media":0,"parent":49,"menu_order":8,"comment_status":"closed","ping_status":"closed","template":"","meta":{"_monsterinsights_skip_tracking":false,"_monsterinsights_sitenote_active":false,"_monsterinsights_sitenote_note":"","_monsterinsights_sitenote_category":0,"footnotes":""},"class_list":["post-611","page","type-page","status-publish","hentry"],"_links":{"self":[{"href":"https:\/\/www.kitoval.fi\/index.php?rest_route=\/wp\/v2\/pages\/611"}],"collection":[{"href":"https:\/\/www.kitoval.fi\/index.php?rest_route=\/wp\/v2\/pages"}],"about":[{"href":"https:\/\/www.kitoval.fi\/index.php?rest_route=\/wp\/v2\/types\/page"}],"author":[{"embeddable":true,"href":"https:\/\/www.kitoval.fi\/index.php?rest_route=\/wp\/v2\/users\/1"}],"replies":[{"embeddable":true,"href":"https:\/\/www.kitoval.fi\/index.php?rest_route=%2Fwp%2Fv2%2Fcomments&post=611"}],"version-history":[{"count":6,"href":"https:\/\/www.kitoval.fi\/index.php?rest_route=\/wp\/v2\/pages\/611\/revisions"}],"predecessor-version":[{"id":639,"href":"https:\/\/www.kitoval.fi\/index.php?rest_route=\/wp\/v2\/pages\/611\/revisions\/639"}],"up":[{"embeddable":true,"href":"https:\/\/www.kitoval.fi\/index.php?rest_route=\/wp\/v2\/pages\/49"}],"wp:attachment":[{"href":"https:\/\/www.kitoval.fi\/index.php?rest_route=%2Fwp%2Fv2%2Fmedia&parent=611"}],"curies":[{"name":"wp","href":"https:\/\/api.w.org\/{rel}","templated":true}]}}