{"id":684,"date":"2018-06-10T22:28:24","date_gmt":"2018-06-10T19:28:24","guid":{"rendered":"http:\/\/www.kitoval.fi\/?page_id=684"},"modified":"2023-05-29T16:01:44","modified_gmt":"2023-05-29T13:01:44","slug":"2018-2","status":"publish","type":"page","link":"https:\/\/www.kitoval.fi\/?page_id=684","title":{"rendered":"2018"},"content":{"rendered":"<p><strong>Ordinarie andelsst\u00e4mma\u00a016.6.2018<br \/>\n<\/strong><a href=\"http:\/\/www.kitoval.fi\/wp-content\/uploads\/2018\/06\/protokoll_arsmote_2018.pdf\">Protokoll<\/a>\u00a0(PDF)<br \/>\n<a href=\"http:\/\/www.kitoval.fi\/wp-content\/uploads\/2018\/06\/motekallelse_arsmote_2018.pdf\">M\u00f6teskallelse<\/a>\u00a0(PDF)<a href=\"http:\/\/www.kitoval.fi\/wp-content\/uploads\/2018\/06\/arsmotet_basagenda.pdf\"><br \/>\nBasagenda<\/a>\u00a0(PDF)<br \/>\n<a href=\"http:\/\/www.kitoval.fi\/wp-content\/uploads\/2018\/06\/2017_Arsberattelse.pdf\">\u00c5rsber\u00e4ttelse 2017<\/a>\u00a0(PDF)<br \/>\n<a href=\"http:\/\/www.kitoval.fi\/wp-content\/uploads\/2018\/06\/Kitoval_tilinpaatos_ja_kertomus_2017.pdf\">Revisionsber\u00e4ttelse och bokslut 2017<\/a>\u00a0(PDF)<br \/>\n<a href=\"http:\/\/www.kitoval.fi\/wp-content\/uploads\/2018\/06\/2018_Malattningar.pdf\">M\u00e5ls\u00e4ttningar f\u00f6r \u00e5r 2018<\/a>\u00a0(PDF)<strong><br \/>\n<\/strong><\/p>\n","protected":false},"excerpt":{"rendered":"<p>Ordinarie andelsst\u00e4mma\u00a016.6.2018 Protokoll\u00a0(PDF) M\u00f6teskallelse\u00a0(PDF) Basagenda\u00a0(PDF) \u00c5rsber\u00e4ttelse 2017\u00a0(PDF) Revisionsber\u00e4ttelse och bokslut 2017\u00a0(PDF) M\u00e5ls\u00e4ttningar f\u00f6r \u00e5r 2018\u00a0(PDF)<\/p>\n","protected":false},"author":1,"featured_media":0,"parent":49,"menu_order":7,"comment_status":"closed","ping_status":"closed","template":"","meta":{"_monsterinsights_skip_tracking":false,"_monsterinsights_sitenote_active":false,"_monsterinsights_sitenote_note":"","_monsterinsights_sitenote_category":0,"footnotes":""},"class_list":["post-684","page","type-page","status-publish","hentry"],"_links":{"self":[{"href":"https:\/\/www.kitoval.fi\/index.php?rest_route=\/wp\/v2\/pages\/684"}],"collection":[{"href":"https:\/\/www.kitoval.fi\/index.php?rest_route=\/wp\/v2\/pages"}],"about":[{"href":"https:\/\/www.kitoval.fi\/index.php?rest_route=\/wp\/v2\/types\/page"}],"author":[{"embeddable":true,"href":"https:\/\/www.kitoval.fi\/index.php?rest_route=\/wp\/v2\/users\/1"}],"replies":[{"embeddable":true,"href":"https:\/\/www.kitoval.fi\/index.php?rest_route=%2Fwp%2Fv2%2Fcomments&post=684"}],"version-history":[{"count":2,"href":"https:\/\/www.kitoval.fi\/index.php?rest_route=\/wp\/v2\/pages\/684\/revisions"}],"predecessor-version":[{"id":705,"href":"https:\/\/www.kitoval.fi\/index.php?rest_route=\/wp\/v2\/pages\/684\/revisions\/705"}],"up":[{"embeddable":true,"href":"https:\/\/www.kitoval.fi\/index.php?rest_route=\/wp\/v2\/pages\/49"}],"wp:attachment":[{"href":"https:\/\/www.kitoval.fi\/index.php?rest_route=%2Fwp%2Fv2%2Fmedia&parent=684"}],"curies":[{"name":"wp","href":"https:\/\/api.w.org\/{rel}","templated":true}]}}