{"id":790,"date":"2020-06-16T14:07:44","date_gmt":"2020-06-16T11:07:44","guid":{"rendered":"http:\/\/www.kitoval.fi\/?page_id=790"},"modified":"2023-05-29T16:01:36","modified_gmt":"2023-05-29T13:01:36","slug":"2020-2","status":"publish","type":"page","link":"https:\/\/www.kitoval.fi\/?page_id=790","title":{"rendered":"2020"},"content":{"rendered":"<p><strong>Ordinarie andelsst\u00e4mma 27.6.2020<\/strong><br \/>\n<a href=\"http:\/\/www.kitoval.fi\/wp-content\/uploads\/2020\/09\/protokoll_arsmote2020.pdf\">Protokoll<\/a> (PDF)<br \/>\n<a href=\"http:\/\/www.kitoval.fi\/wp-content\/uploads\/2020\/06\/MoteskallelseArsmote2020.pdf\">M\u00f6teskallelse<\/a> (PDF)<br \/>\n<a href=\"http:\/\/www.kitoval.fi\/wp-content\/uploads\/2020\/06\/arsberattelse2019.pdf\">\u00c5rsber\u00e4ttelse 2019<\/a> (PDF)<br \/>\n<a href=\"http:\/\/www.kitoval.fi\/wp-content\/uploads\/2020\/06\/arsmotet_basagenda.pdf\">Basagenda<\/a> (PDF)<br \/>\n<a href=\"http:\/\/www.kitoval.fi\/wp-content\/uploads\/2020\/06\/budget_talousarvio2020.pdf\">Budget 2020<\/a> (PDF)<br \/>\n<a href=\"http:\/\/www.kitoval.fi\/wp-content\/uploads\/2020\/06\/tilinpaatos_tilintarkastuskertomus2019.pdf\">Revisionsber\u00e4ttelse och bokslut 2019<\/a> (PDF)<\/p>\n","protected":false},"excerpt":{"rendered":"<p>Ordinarie andelsst\u00e4mma 27.6.2020 Protokoll (PDF) M\u00f6teskallelse (PDF) \u00c5rsber\u00e4ttelse 2019 (PDF) Basagenda (PDF) Budget 2020 (PDF) Revisionsber\u00e4ttelse och bokslut 2019 (PDF)<\/p>\n","protected":false},"author":1,"featured_media":0,"parent":49,"menu_order":5,"comment_status":"closed","ping_status":"closed","template":"","meta":{"_monsterinsights_skip_tracking":false,"_monsterinsights_sitenote_active":false,"_monsterinsights_sitenote_note":"","_monsterinsights_sitenote_category":0,"footnotes":""},"class_list":["post-790","page","type-page","status-publish","hentry"],"_links":{"self":[{"href":"https:\/\/www.kitoval.fi\/index.php?rest_route=\/wp\/v2\/pages\/790"}],"collection":[{"href":"https:\/\/www.kitoval.fi\/index.php?rest_route=\/wp\/v2\/pages"}],"about":[{"href":"https:\/\/www.kitoval.fi\/index.php?rest_route=\/wp\/v2\/types\/page"}],"author":[{"embeddable":true,"href":"https:\/\/www.kitoval.fi\/index.php?rest_route=\/wp\/v2\/users\/1"}],"replies":[{"embeddable":true,"href":"https:\/\/www.kitoval.fi\/index.php?rest_route=%2Fwp%2Fv2%2Fcomments&post=790"}],"version-history":[{"count":9,"href":"https:\/\/www.kitoval.fi\/index.php?rest_route=\/wp\/v2\/pages\/790\/revisions"}],"predecessor-version":[{"id":891,"href":"https:\/\/www.kitoval.fi\/index.php?rest_route=\/wp\/v2\/pages\/790\/revisions\/891"}],"up":[{"embeddable":true,"href":"https:\/\/www.kitoval.fi\/index.php?rest_route=\/wp\/v2\/pages\/49"}],"wp:attachment":[{"href":"https:\/\/www.kitoval.fi\/index.php?rest_route=%2Fwp%2Fv2%2Fmedia&parent=790"}],"curies":[{"name":"wp","href":"https:\/\/api.w.org\/{rel}","templated":true}]}}