{"id":858,"date":"2021-08-13T22:20:14","date_gmt":"2021-08-13T19:20:14","guid":{"rendered":"http:\/\/www.kitoval.fi\/?page_id=858"},"modified":"2023-05-29T16:01:32","modified_gmt":"2023-05-29T13:01:32","slug":"2021-3","status":"publish","type":"page","link":"https:\/\/www.kitoval.fi\/?page_id=858","title":{"rendered":"2021"},"content":{"rendered":"<p><strong>Ordinarie andelsst\u00e4mma 28.8.2021<\/strong><br \/>\n<a href=\"http:\/\/www.kitoval.fi\/wp-content\/uploads\/2021\/08\/protokoll_arsmote2021.pdf\">Protokoll 2021<\/a> (PDF)<br \/>\n<a href=\"http:\/\/www.kitoval.fi\/wp-content\/uploads\/2021\/08\/MoteskallelseArsmote2021.pdf\">M\u00f6teskallelse<\/a> (PDF)<br \/>\n<a href=\"http:\/\/www.kitoval.fi\/wp-content\/uploads\/2021\/08\/Arsberattelse2020.pdf\">\u00c5rsber\u00e4ttelse 2020<\/a> (PDF)<br \/>\n<a href=\"http:\/\/www.kitoval.fi\/wp-content\/uploads\/2021\/08\/ArsmoteBasagenda2021.pdf\">Basagenda<\/a> (PDF)<br \/>\n<a href=\"http:\/\/www.kitoval.fi\/wp-content\/uploads\/2021\/08\/BudgetTalousarvio2021.pdf\">Budget 2021<\/a> (PDF)<br \/>\n<a href=\"http:\/\/www.kitoval.fi\/wp-content\/uploads\/2021\/08\/Tilintarkastuskertomus2020.pdf\">Revisionsber\u00e4ttelse 2020<\/a> (PDF)<br \/>\n<a href=\"http:\/\/www.kitoval.fi\/wp-content\/uploads\/2021\/08\/BokslutTilinpaatos2020.pdf\">Bokslut 2020<\/a> (PDF)<br \/>\n<a href=\"http:\/\/www.kitoval.fi\/wp-content\/uploads\/2021\/08\/Plan2021.pdf\">Plan 2021<\/a> (PDF)<\/p>\n","protected":false},"excerpt":{"rendered":"<p>Ordinarie andelsst\u00e4mma 28.8.2021 Protokoll 2021 (PDF) M\u00f6teskallelse (PDF) \u00c5rsber\u00e4ttelse 2020 (PDF) Basagenda (PDF) Budget 2021 (PDF) Revisionsber\u00e4ttelse 2020 (PDF) Bokslut<\/p>\n<p class=\"readmore\"><a href=\"https:\/\/www.kitoval.fi\/?page_id=858\" title=\"Read 2021\">Read more &raquo;<\/a><\/p>\n","protected":false},"author":1,"featured_media":0,"parent":49,"menu_order":4,"comment_status":"closed","ping_status":"closed","template":"","meta":{"_monsterinsights_skip_tracking":false,"_monsterinsights_sitenote_active":false,"_monsterinsights_sitenote_note":"","_monsterinsights_sitenote_category":0,"footnotes":""},"class_list":["post-858","page","type-page","status-publish","hentry"],"_links":{"self":[{"href":"https:\/\/www.kitoval.fi\/index.php?rest_route=\/wp\/v2\/pages\/858"}],"collection":[{"href":"https:\/\/www.kitoval.fi\/index.php?rest_route=\/wp\/v2\/pages"}],"about":[{"href":"https:\/\/www.kitoval.fi\/index.php?rest_route=\/wp\/v2\/types\/page"}],"author":[{"embeddable":true,"href":"https:\/\/www.kitoval.fi\/index.php?rest_route=\/wp\/v2\/users\/1"}],"replies":[{"embeddable":true,"href":"https:\/\/www.kitoval.fi\/index.php?rest_route=%2Fwp%2Fv2%2Fcomments&post=858"}],"version-history":[{"count":3,"href":"https:\/\/www.kitoval.fi\/index.php?rest_route=\/wp\/v2\/pages\/858\/revisions"}],"predecessor-version":[{"id":889,"href":"https:\/\/www.kitoval.fi\/index.php?rest_route=\/wp\/v2\/pages\/858\/revisions\/889"}],"up":[{"embeddable":true,"href":"https:\/\/www.kitoval.fi\/index.php?rest_route=\/wp\/v2\/pages\/49"}],"wp:attachment":[{"href":"https:\/\/www.kitoval.fi\/index.php?rest_route=%2Fwp%2Fv2%2Fmedia&parent=858"}],"curies":[{"name":"wp","href":"https:\/\/api.w.org\/{rel}","templated":true}]}}